{"id":201,"date":"2012-10-04T16:25:51","date_gmt":"2012-10-04T16:25:51","guid":{"rendered":"https:\/\/www.svenskastudenthemmet.com\/?page_id=201"},"modified":"2025-03-10T20:13:09","modified_gmt":"2025-03-10T20:13:09","slug":"admissions-and-prices","status":"publish","type":"page","link":"https:\/\/www.svenskastudenthemmet.com\/en\/housing\/admissions-and-prices\/","title":{"rendered":"Admissions and application"},"content":{"rendered":"<p>[et_pb_section fb_built=&#8221;1&#8243; fullwidth=&#8221;on&#8221; _builder_version=&#8221;4.16&#8243; global_colors_info=&#8221;{}&#8221;][et_pb_fullwidth_post_title meta=&#8221;off&#8221; featured_placement=&#8221;background&#8221; _builder_version=&#8221;4.16&#8243; global_colors_info=&#8221;{}&#8221;][\/et_pb_fullwidth_post_title][\/et_pb_section][et_pb_section fb_built=&#8221;1&#8243; _builder_version=&#8221;4.16&#8243; global_colors_info=&#8221;{}&#8221;][et_pb_row _builder_version=&#8221;4.16&#8243; background_size=&#8221;initial&#8221; background_position=&#8221;top_left&#8221; background_repeat=&#8221;repeat&#8221; global_colors_info=&#8221;{}&#8221;][et_pb_column type=&#8221;4_4&#8243; _builder_version=&#8221;4.16&#8243; custom_padding=&#8221;|||&#8221; global_colors_info=&#8221;{}&#8221; custom_padding__hover=&#8221;|||&#8221;][et_pb_text _builder_version=&#8221;4.20.0&#8243; background_size=&#8221;initial&#8221; background_position=&#8221;top_left&#8221; background_repeat=&#8221;repeat&#8221; global_colors_info=&#8221;{}&#8221;]<\/p>\n<p>During <strong>the academic year<\/strong> (September 1st \u2013 June 30th), we are only in charge of Swedish applicants. Please go to the swedish version of our website for more information. If you are not Swedish, contact the house which represents your country or apply directly through <a href=\"https:\/\/bienvenue.ciup.fr\/questionnaire\/\" target=\"_blank\" rel=\"noopener\">the CIUP application system<\/a>.<\/p>\n<p>[\/et_pb_text][et_pb_text _builder_version=&#8221;4.16&#8243; text_orientation=&#8221;center&#8221; text_text_align=&#8221;center&#8221; global_colors_info=&#8221;{}&#8221;]<\/p>\n<h2>Fares<\/h2>\n<p>[\/et_pb_text][et_pb_pricing_tables _builder_version=&#8221;4.27.4&#8243; hover_enabled=&#8221;0&#8243; custom_css_pricing_top=&#8221;display: none;&#8221; global_colors_info=&#8221;{}&#8221; sticky_enabled=&#8221;0&#8243;][et_pb_pricing_table title=&#8221;Longer stays&#8221; subtitle=&#8221;(3 months and more)&#8221; _builder_version=&#8221;4.27.4&#8243; hover_enabled=&#8221;0&#8243; global_colors_info=&#8221;{}&#8221; sticky_transition=&#8221;on&#8221; sticky_enabled=&#8221;0&#8243;]<\/p>\n<p>Simple room: 540\u20ac \/ month (300\u20ac \/ half month)<\/p>\n<p>Double room: 725\u20ac \/ month (400\u20ac \/ half month)<\/p>\n<p>Simple studio: 740\u20ac \/ month (430\u20ac \/ half month)<\/p>\n<p>Double studio: 960\u20ac \/ month (750\u20ac \/ half month)<\/p>\n<p>[\/et_pb_pricing_table][et_pb_pricing_table title=&#8221;Shorter stays&#8221; subtitle=&#8221;(less than 3 months)&#8221; _builder_version=&#8221;4.27.4&#8243; hover_enabled=&#8221;0&#8243; global_colors_info=&#8221;{}&#8221; sticky_transition=&#8221;on&#8221; sticky_enabled=&#8221;0&#8243;]<\/p>\n<p>Simple room: 740\u20ac \/ month (400\u20ac \/ half month)<\/p>\n<p>Double room: 975\u20ac \/ month (500\u20ac \/ half month)<\/p>\n<p>Simple studio: 995\u20ac \/ month (540\u20ac \/ half month)<\/p>\n<p>Double studio: 1.220\u20ac \/ month (675\u20ac \/ half month)<\/p>\n<p>[\/et_pb_pricing_table][\/et_pb_pricing_tables][et_pb_button button_url=&#8221;https:\/\/bienvenue.ciup.fr\/questionnaire\/&#8221; url_new_window=&#8221;on&#8221; button_text=&#8221;Application on CIUP website&#8221; button_alignment=&#8221;center&#8221; _builder_version=&#8221;4.20.0&#8243; _module_preset=&#8221;default&#8221; global_colors_info=&#8221;{}&#8221;][\/et_pb_button][\/et_pb_column][\/et_pb_row][et_pb_row _builder_version=&#8221;4.16&#8243; background_color=&#8221;#3373a9&#8243; width=&#8221;60%&#8221; custom_margin=&#8221;50px||50px&#8221; custom_padding=&#8221;|50px||50px&#8221; global_colors_info=&#8221;{}&#8221;][et_pb_column type=&#8221;4_4&#8243; _builder_version=&#8221;4.16&#8243; custom_padding=&#8221;|||&#8221; global_colors_info=&#8221;{}&#8221; custom_padding__hover=&#8221;|||&#8221;][et_pb_text _builder_version=&#8221;4.16&#8243; text_font=&#8221;||||||||&#8221; background_layout=&#8221;dark&#8221; hover_enabled=&#8221;0&#8243; global_colors_info=&#8221;{}&#8221; sticky_enabled=&#8221;0&#8243;]<\/p>\n<header class=\"entry-header\">\n<h2 class=\"entry-title\">Cultural exchange<\/h2>\n<\/header>\n<div class=\"entry-content\">\n<p>The notion of a \u2018melting pot\u2019 is written into the statutes of the Campus. The aim is to promote cultural exchanges. Up to 50% of the residents from one nationality accepted by one residence is then placed in all the residences of the Campus, which allows each residence to accept an average of 20 to 30 different nationalities.<\/p>\n<p>At the moment the Swedish House accepts students from Belgium \/ Luxemburg (Fondation Biersman-Lap\u00f4tre), Brazil, Denmark, France (Maison Provinces de France, Maison internationale AgroParisTech, Italy, Japan, Mexico, Portugal, Switzerland, Spain and the United States.<\/p>\n<\/div>\n<p>[\/et_pb_text][\/et_pb_column][\/et_pb_row][et_pb_row _builder_version=&#8221;4.16&#8243; global_colors_info=&#8221;{}&#8221;][et_pb_column type=&#8221;4_4&#8243; _builder_version=&#8221;4.16&#8243; custom_padding=&#8221;|||&#8221; global_colors_info=&#8221;{}&#8221; custom_padding__hover=&#8221;|||&#8221;][et_pb_text _builder_version=&#8221;4.16&#8243; text_font=&#8221;||||||||&#8221; background_size=&#8221;initial&#8221; background_position=&#8221;top_left&#8221; background_repeat=&#8221;repeat&#8221; hover_enabled=&#8221;0&#8243; global_colors_info=&#8221;{}&#8221; sticky_enabled=&#8221;0&#8243;]<\/p>\n<p>We welcome students, researchers, musicians, artists and teachers for <strong>shorter stays<\/strong> during the academic year and over the summer. Please fill out our online application for shorter stays. For more information, feel free to contact us : <a href=\"mailto:contact@maisondelasuede.org\">contact@maisondelasuede.org<\/a><\/p>\n<p>[\/et_pb_text][\/et_pb_column][\/et_pb_row][\/et_pb_section][et_pb_section fb_built=&#8221;1&#8243; _builder_version=&#8221;4.16&#8243; background_color=&#8221;#f9fbfc&#8221; global_colors_info=&#8221;{}&#8221;][et_pb_row _builder_version=&#8221;4.16&#8243; global_colors_info=&#8221;{}&#8221;][et_pb_column type=&#8221;4_4&#8243; _builder_version=&#8221;4.16&#8243; custom_padding=&#8221;|||&#8221; global_colors_info=&#8221;{}&#8221; custom_padding__hover=&#8221;|||&#8221;][et_pb_text module_class=&#8221;chevrons&#8221; _builder_version=&#8221;4.16&#8243; text_font=&#8221;||||||||&#8221; header_font=&#8221;||||||||&#8221; header_2_font=&#8221;||||||||&#8221; text_orientation=&#8221;center&#8221; text_text_align=&#8221;center&#8221; global_colors_info=&#8221;{}&#8221;]<\/p>\n<h2 class=\"entry-title\">Application forms<\/h2>\n<p>[\/et_pb_text][\/et_pb_column][\/et_pb_row][et_pb_row column_structure=&#8221;1_2,1_2&#8243; _builder_version=&#8221;4.16&#8243; global_colors_info=&#8221;{}&#8221;][et_pb_column type=&#8221;1_2&#8243; _builder_version=&#8221;4.16&#8243; custom_padding=&#8221;|||&#8221; global_colors_info=&#8221;{}&#8221; custom_padding__hover=&#8221;|||&#8221;][et_pb_text _builder_version=&#8221;4.16&#8243; global_colors_info=&#8221;{}&#8221;]<\/p>\n<p>To apply for the academic year, you have to be a swedish citizen. Go to the swedish version of our website for more information.<\/p>\n<p>[\/et_pb_text][\/et_pb_column][et_pb_column type=&#8221;1_2&#8243; _builder_version=&#8221;4.16&#8243; custom_padding=&#8221;|||&#8221; global_colors_info=&#8221;{}&#8221; custom_padding__hover=&#8221;|||&#8221;][et_pb_button button_url=&#8221;https:\/\/www.svenskastudenthemmet.com\/sv\/boende\/anmalningsformular\/&#8221; url_new_window=&#8221;on&#8221; button_text=&#8221;Formul\u00e4r f\u00f6r termins \u2013 eller l\u00e4s\u00e5rsans\u00f6kan&#8221; _builder_version=&#8221;4.16&#8243; global_colors_info=&#8221;{}&#8221;][\/et_pb_button][\/et_pb_column][\/et_pb_row][et_pb_row column_structure=&#8221;1_2,1_2&#8243; _builder_version=&#8221;4.16&#8243; global_colors_info=&#8221;{}&#8221;][et_pb_column type=&#8221;1_2&#8243; _builder_version=&#8221;4.16&#8243; custom_padding=&#8221;|||&#8221; global_colors_info=&#8221;{}&#8221; custom_padding__hover=&#8221;|||&#8221;][et_pb_text _builder_version=&#8221;4.16&#8243; global_colors_info=&#8221;{}&#8221;]<\/p>\n<p>We accept all nationalities for short-term stays (maximum 3 months) and summer accommodations. Please fill out the online form.<\/p>\n<p>[\/et_pb_text][\/et_pb_column][et_pb_column type=&#8221;1_2&#8243; _builder_version=&#8221;4.16&#8243; custom_padding=&#8221;|||&#8221; global_colors_info=&#8221;{}&#8221; custom_padding__hover=&#8221;|||&#8221;][et_pb_button button_url=&#8221;https:\/\/suedehouse.ev-lab.com\/pages\/formsummer.php?lang=en&#8221; url_new_window=&#8221;on&#8221; button_text=&#8221;Fill out the form&#8221; _builder_version=&#8221;4.16&#8243; global_colors_info=&#8221;{}&#8221;][\/et_pb_button][\/et_pb_column][\/et_pb_row][\/et_pb_section][et_pb_section fb_built=&#8221;1&#8243; _builder_version=&#8221;4.16&#8243; custom_padding=&#8221;0px||0px&#8221; global_colors_info=&#8221;{}&#8221;][et_pb_row column_structure=&#8221;1_2,1_2&#8243; use_custom_gutter=&#8221;on&#8221; gutter_width=&#8221;1&#8243; make_equal=&#8221;on&#8221; _builder_version=&#8221;4.16&#8243; width=&#8221;100%&#8221; max_width=&#8221;100%&#8221; custom_padding=&#8221;0px||0px&#8221; global_colors_info=&#8221;{}&#8221;][et_pb_column type=&#8221;1_2&#8243; _builder_version=&#8221;4.16&#8243; custom_padding=&#8221;|||&#8221; global_colors_info=&#8221;{}&#8221; custom_padding__hover=&#8221;|||&#8221;][et_pb_image src=&#8221;https:\/\/www.svenskastudenthemmet.com\/wp-content\/uploads\/2016\/08\/GYM-SUEDOISE2.jpg&#8221; _builder_version=&#8221;4.16&#8243; global_colors_info=&#8221;{}&#8221;][\/et_pb_image][\/et_pb_column][et_pb_column type=&#8221;1_2&#8243; module_class=&#8221;middle-align&#8221; _builder_version=&#8221;4.16&#8243; custom_padding=&#8221;3%|13%|3%|3%&#8221; global_colors_info=&#8221;{}&#8221; custom_padding__hover=&#8221;|||&#8221;][et_pb_text _builder_version=&#8221;4.16&#8243; global_colors_info=&#8221;{}&#8221;]<\/p>\n<h2 class=\"entry-title\">Living in la Cit\u00e9<\/h2>\n<p>[\/et_pb_text][et_pb_button button_url=&#8221;http:\/\/www.ciup.fr\/en\/home\/living\/&#8221; url_new_window=&#8221;on&#8221; button_text=&#8221;Discover on CIUP website&#8221; _builder_version=&#8221;4.16&#8243; global_colors_info=&#8221;{}&#8221;][\/et_pb_button][\/et_pb_column][\/et_pb_row][\/et_pb_section]<\/p>\n","protected":false},"excerpt":{"rendered":"<p>During the academic year (September 1st \u2013 June 30th), we are only in charge of Swedish applicants. Please go to the swedish version of our website for more information. If you are not Swedish, contact the house which represents your country or apply directly through the CIUP application system.FaresSimple room: 540\u20ac \/ month (300\u20ac \/ [&hellip;]<\/p>\n","protected":false},"author":1,"featured_media":32278,"parent":181,"menu_order":2,"comment_status":"open","ping_status":"closed","template":"","meta":{"_acf_changed":false,"_et_pb_use_builder":"on","_et_pb_old_content":"<p>Pour pouvoir \u00eatre log\u00e9 \u00e0 la Maison des \u00c9tudiants Su\u00e9dois il faut normalement \u00eatre titulaire d\u2019un bac +2 minimum et avoir pour projet de poursuivre des \u00e9tudes sup\u00e9rieures, d\u2019effectuer un stage ou de faire de la recherche. La Maison accueille \u00e9galement les artistes et les sportifs. Au cours de l\u2019ann\u00e9e acad\u00e9mique, nous traitons uniquement les demandes des \u00e9tudiants de nationalit\u00e9 su\u00e9doise. Dans le cadre des accords de brassage entre les diff\u00e9rentes maisons de la Cit\u00e9, nous accueillons \u00e9galement d\u2019autres nationalit\u00e9s, mais nous ne traitons pas directement ces demandes. \u00a0Une commission d\u2019admission se r\u00e9unit au printemps pour \u00e9tudier les candidatures. L\u2019accent est mis sur le niveau d\u2019\u00e9tudes, mais aussi sur la diversit\u00e9 des candidats, leurs domaines d\u2019\u00e9tudes et leurs universit\u00e9s d\u2019origine.\u00a0 Pour \u00eatre consid\u00e9r\u00e9 comme r\u00e9sident il faut rester au minimum trois mois cons\u00e9cutifs entre septembre et juin. Pour \u00eatre r\u00e9admis, il faut postuler \u00e0 nouveau. Il est possible d\u2019\u00eatre r\u00e9admis au maximum trois fois.<\/p><p>La moiti\u00e9 des r\u00e9sidents de la Maison est constitu\u00e9e de su\u00e9dois, l\u2019autre moiti\u00e9 est constitu\u00e9e d\u2019\u00e9tudiants de diverses nationalit\u00e9s qui viennent des autres maisons de la Cit\u00e9. De la m\u00eame mani\u00e8re, les Su\u00e9dois admis \u00e0 la Cit\u00e9 mais qui ne sont pas log\u00e9s \u00e0 la Maison des \u00e9tudiants su\u00e9dois disposent d\u2019un certain nombre de places dans les autres maisons. C\u2019est ce qu\u2019on appelle le brassage. Les Su\u00e9dois doivent donc toujours adresser leurs demandes \u00e0 la Maison des \u00c9tudiants Su\u00e9dois, mais peuvent tr\u00e8s bien \u00eatre plac\u00e9s dans d\u2019autres maisons.<\/p><h2>Date\u00a0limite\u00a0de\u00a0la\u00a0demande d'admission<\/h2><p>Pour l'automne :\u00a0le\u00a031\u00a0mai<br \/>Pour le printemps :\u00a0le\u00a031\u00a0octobre<\/p><p><strong>Tarifs pour l\u2019ann\u00e9e acad\u00e9mique<\/strong><\/p><p><strong>TARIF 1<br \/>Pour les r\u00e9sidents qui restent plus de 3 mois<\/strong><\/p><p>Chambre simple: 495 \u20ac \/ mois<br \/>Chambre double: 660 \u20ac \/ mois<br \/>Atelier et studio individuel: 650 \u20ac \/ mois<br \/>Atelier et studio double: 850 \u20ac \/ mois<\/p><p><strong>TARIF 2<br \/>Pour les courts s\u00e9jours de moins de 3 mois<\/strong><\/p><p>Chambre simple: 675 \u20ac \/ mois<br \/>Chambre double: 890 \u20ac \/ mois<br \/>Atelier et studio individuel: 900 \u20ac \/ mois<br \/>Atelier et studio double: 1100 \u20ac \/ mois<\/p><p>Si vous arrivez avant le 15 du mois, le mois entier est d\u00fb. Si vous arrivez apr\u00e8s le 15 du mois, vous ne payez qu'un demi-mois. De la m\u00eame mani\u00e8re, pour les d\u00e9parts, toute quinzaine entam\u00e9e est due : si vous partez avant le 15 du mois, vous r\u00e9glez un demi-mois. Si vous partez apr\u00e8s le 15, vous r\u00e9glez un mois.<\/p><p>Les visites sont autoris\u00e9es. Elles doivent \u00eatre signal\u00e9es \u00e0 la r\u00e9ception au moins deux jours avant l'arriv\u00e9e de la personne invit\u00e9e. Un r\u00e9sident ne peut pas accueillir quelqu'un plus de 7 jours cons\u00e9cutifs. Le tarif pour les invit\u00e9s est de 10 euros par nuit.<\/p><p>Tous les r\u00e9sidents admis par la Maison des \u00e9tudiants su\u00e9dois qui restent au moins un semestre durant l'ann\u00e9e acad\u00e9mique paient un droit d\u2019inscription de 60\u20ac.<\/p><h3>Court s\u00e9jours et s\u00e9jours d'\u00e9t\u00e9<\/h3><p>Pour les court-s\u00e9jours (moins de 3 mois) et les s\u00e9jours d'\u00e9t\u00e9, nous accueillons volontiers les \u00e9tudiants, les chercheurs, les\u00a0 professeurs, les musiciens et les artistes.<\/p>","_et_gb_content_width":"","footnotes":""},"class_list":["post-201","page","type-page","status-publish","has-post-thumbnail","hentry"],"acf":[],"_links":{"self":[{"href":"https:\/\/www.svenskastudenthemmet.com\/en\/wp-json\/wp\/v2\/pages\/201","targetHints":{"allow":["GET"]}}],"collection":[{"href":"https:\/\/www.svenskastudenthemmet.com\/en\/wp-json\/wp\/v2\/pages"}],"about":[{"href":"https:\/\/www.svenskastudenthemmet.com\/en\/wp-json\/wp\/v2\/types\/page"}],"author":[{"embeddable":true,"href":"https:\/\/www.svenskastudenthemmet.com\/en\/wp-json\/wp\/v2\/users\/1"}],"replies":[{"embeddable":true,"href":"https:\/\/www.svenskastudenthemmet.com\/en\/wp-json\/wp\/v2\/comments?post=201"}],"version-history":[{"count":0,"href":"https:\/\/www.svenskastudenthemmet.com\/en\/wp-json\/wp\/v2\/pages\/201\/revisions"}],"up":[{"embeddable":true,"href":"https:\/\/www.svenskastudenthemmet.com\/en\/wp-json\/wp\/v2\/pages\/181"}],"wp:featuredmedia":[{"embeddable":true,"href":"https:\/\/www.svenskastudenthemmet.com\/en\/wp-json\/wp\/v2\/media\/32278"}],"wp:attachment":[{"href":"https:\/\/www.svenskastudenthemmet.com\/en\/wp-json\/wp\/v2\/media?parent=201"}],"curies":[{"name":"wp","href":"https:\/\/api.w.org\/{rel}","templated":true}]}}