{"id":42,"date":"2012-10-04T13:27:44","date_gmt":"2012-10-04T13:27:44","guid":{"rendered":"https:\/\/www.svenskastudenthemmet.com\/?page_id=42"},"modified":"2020-02-20T16:46:43","modified_gmt":"2020-02-20T16:46:43","slug":"home","status":"publish","type":"page","link":"https:\/\/www.svenskastudenthemmet.com\/en\/","title":{"rendered":"Home"},"content":{"rendered":"<p>[et_pb_section fb_built=&#8221;1&#8243; fullwidth=&#8221;on&#8221; _builder_version=&#8221;3.22.3&#8243;][et_pb_fullwidth_slider show_arrows=&#8221;off&#8221; show_pagination=&#8221;off&#8221; module_class=&#8221;et_fullscreen_slider&#8221; _builder_version=&#8221;3.23.3&#8243; header_level=&#8221;h1&#8243; header_font=&#8221;|700|||||||&#8221; header_text_align=&#8221;left&#8221; z_index_tablet=&#8221;500&#8243; header_text_shadow_style=&#8221;preset5&#8243;][et_pb_slide heading=&#8221;Welcome to <br \/> the Swedish House!&#8221; use_bg_overlay=&#8221;off&#8221; use_text_overlay=&#8221;off&#8221; _builder_version=&#8221;3.23.3&#8243; header_font=&#8221;Merriweather Sans||||||||&#8221; header_line_height=&#8221;1.5em&#8221; background_image=&#8221;https:\/\/www.svenskastudenthemmet.com\/wp-content\/uploads\/2019\/04\/IMG_1140.jpg&#8221; parallax=&#8221;on&#8221; button_on_hover=&#8221;on&#8221;][\/et_pb_slide][\/et_pb_fullwidth_slider][\/et_pb_section][et_pb_section fb_built=&#8221;1&#8243; specialty=&#8221;on&#8221; _builder_version=&#8221;3.22.3&#8243;][et_pb_column type=&#8221;1_3&#8243; _builder_version=&#8221;3.25&#8243; custom_padding=&#8221;|||&#8221; custom_padding__hover=&#8221;|||&#8221;][et_pb_image src=&#8221;https:\/\/www.svenskastudenthemmet.com\/wp-content\/uploads\/2019\/04\/svenska-studenthemmet-maison.png&#8221; align=&#8221;center&#8221; align_tablet=&#8221;center&#8221; align_phone=&#8221;&#8221; align_last_edited=&#8221;on|desktop&#8221; _builder_version=&#8221;3.23&#8243; max_width=&#8221;300px&#8221; z_index_tablet=&#8221;500&#8243;][\/et_pb_image][\/et_pb_column][et_pb_column type=&#8221;2_3&#8243; specialty_columns=&#8221;4&#8243; _builder_version=&#8221;3.25&#8243; custom_padding=&#8221;|||&#8221; custom_padding__hover=&#8221;|||&#8221;][et_pb_row_inner admin_label=&#8221;Ligne&#8221; _builder_version=&#8221;3.25&#8243;][et_pb_column_inner saved_specialty_column_type=&#8221;2_3&#8243; _builder_version=&#8221;3.25&#8243; custom_padding=&#8221;|||&#8221; custom_padding__hover=&#8221;|||&#8221;][et_pb_text _builder_version=&#8221;3.27.4&#8243; z_index_tablet=&#8221;500&#8243;]<\/p>\n<p>Located in the Cit\u00e9 internationale universitaire de Paris (CIUP),\u00a0 the Swedish House welcomes about 100 students every year and remains open during the summer. The house was built in 1931 and it has managed to keep its character while providing a dynamic study and living environment.<\/p>\n<p>[\/et_pb_text][\/et_pb_column_inner][\/et_pb_row_inner][et_pb_row_inner column_structure=&#8221;1_2,1_2&#8243; admin_label=&#8221;Ligne&#8221; _builder_version=&#8221;3.25&#8243;][et_pb_column_inner type=&#8221;1_2&#8243; saved_specialty_column_type=&#8221;2_3&#8243; _builder_version=&#8221;3.25&#8243; custom_padding=&#8221;|||&#8221; custom_padding__hover=&#8221;|||&#8221;][et_pb_button button_url=&#8221;https:\/\/www.svenskastudenthemmet.com\/en\/the-house\/&#8221; button_text=&#8221;Have a closer look&#8221; _builder_version=&#8221;3.23.3&#8243; z_index_tablet=&#8221;500&#8243;][\/et_pb_button][\/et_pb_column_inner][et_pb_column_inner type=&#8221;1_2&#8243; saved_specialty_column_type=&#8221;2_3&#8243; _builder_version=&#8221;3.25&#8243; custom_padding=&#8221;|||&#8221; custom_padding__hover=&#8221;|||&#8221;][et_pb_button button_url=&#8221;https:\/\/www.svenskastudenthemmet.com\/en\/housing\/admissions-and-prices\/&#8221; button_text=&#8221;How to apply&#8221; _builder_version=&#8221;3.23.3&#8243; z_index_tablet=&#8221;500&#8243;][\/et_pb_button][\/et_pb_column_inner][\/et_pb_row_inner][\/et_pb_column][\/et_pb_section][et_pb_section fb_built=&#8221;1&#8243; fullwidth=&#8221;on&#8221; _builder_version=&#8221;3.22.4&#8243;][et_pb_fullwidth_code _builder_version=&#8221;4.3.2&#8243; hover_enabled=&#8221;0&#8243;]\n<div id=\"sb_instagram\"  class=\"sbi sbi_mob_col_3 sbi_tab_col_2 sbi_col_5 sbi_width_resp sbi-theme sbi-default_theme sbi-style-regular\" style=\"width: 100%;\" data-post-style=\"regular\" data-feedid=\"sbi_+#50\"  data-res=\"auto\" data-cols=\"5\" data-colsmobile=\"3\" data-colstablet=\"2\" data-num=\"50\" data-nummobile=\"18\" data-header-size=\"small\" data-item-padding=\"0\" data-shortcode-atts=\"{&quot;type&quot;:&quot;mixed&quot;,&quot;user&quot;:&quot;maisondelasuede&quot;,&quot;hashtag&quot;:&quot;#maisondelasuede, #svenskastudenthemmet, #maisondesetudiantssuedois&quot;}\"  data-postid=\"42\" data-locatornonce=\"3cebac069e\" data-options=\"{&quot;carousel&quot;:[true,false,false,false,true,2],&quot;lightboxcomments&quot;:20,&quot;colsmobile&quot;:3,&quot;colstablet&quot;:2,&quot;captionsize&quot;:13,&quot;captionlength&quot;:150}\" data-sbi-flags=\"gdpr,overrideBlockCDN\">\n\n\n    <div id=\"sbi_images\">\n\t\t    <\/div>\n\n\t<div id=\"sbi_load\" >\n\n\t\n\t\n<\/div>\n\n\t    <span class=\"sbi_resized_image_data\" data-feed-id=\"sbi_+#50\" data-resized=\"[]\">\n\t<\/span>\n\t        <div id=\"sbi_mod_error\">\n            <span>This error message is only visible to WordPress admins<\/span><br \/>\n        <div><strong>Error: There is no connected account for the user 17841400268918284.<\/strong><\/div>        <\/div>\n        \n<\/div>\n\n[\/et_pb_fullwidth_code][\/et_pb_section][et_pb_section fb_built=&#8221;1&#8243; _builder_version=&#8221;3.22.7&#8243; background_color=&#8221;#848e99&#8243; custom_padding=&#8221;0px||0px|&#8221;][et_pb_row column_structure=&#8221;2_5,3_5&#8243; make_equal=&#8221;on&#8221; _builder_version=&#8221;3.25&#8243; width=&#8221;100%&#8221; max_width=&#8221;100%&#8221; custom_padding=&#8221;0px||0px&#8221;][et_pb_column type=&#8221;2_5&#8243; _builder_version=&#8221;3.25&#8243; custom_padding=&#8221;30px|2%|30px|5%&#8221; custom_padding__hover=&#8221;|||&#8221;][et_pb_text _builder_version=&#8221;3.27.4&#8243; text_font=&#8221;||||||||&#8221; text_text_color=&#8221;#ffffff&#8221; text_font_size=&#8221;13px&#8221; text_line_height=&#8221;1.3em&#8221; header_font=&#8221;||||||||&#8221; header_3_font=&#8221;|||on|||||&#8221; header_3_text_color=&#8221;#ffffff&#8221; custom_margin=&#8221;||3%&#8221;]<\/p>\n<h3>Contact<\/h3>\n<p>Maison des \u00e9tudiants su\u00e9dois<br \/>Cit\u00e9 Internationale Universitaire de Paris<br \/>7F boulevard Jourdan<br \/>75014 Paris<br \/>01 53 80 81 70<\/p>\n<p>[\/et_pb_text][et_pb_button button_url=&#8221;https:\/\/www.svenskastudenthemmet.com\/en\/contact-us\/&#8221; button_text=&#8221;Send us a message&#8221; _builder_version=&#8221;3.26.6&#8243; custom_button=&#8221;on&#8221; button_text_size=&#8221;12px&#8221; button_text_color=&#8221;#ffffff&#8221; button_bg_color=&#8221;#3d484e&#8221; button_border_width=&#8221;0px&#8221; button_font=&#8221;||||||||&#8221; button_use_icon=&#8221;off&#8221; background_layout=&#8221;dark&#8221;][\/et_pb_button][et_pb_text _builder_version=&#8221;4.2.2&#8243; text_font=&#8221;||||||||&#8221; text_text_color=&#8221;#f9fbfc&#8221; text_font_size=&#8221;13px&#8221; text_line_height=&#8221;1.3em&#8221; header_font=&#8221;||||||||&#8221; header_3_font=&#8221;|||on|||||&#8221; header_3_text_color=&#8221;#ffffff&#8221; custom_margin=&#8221;||3%&#8221;]<\/p>\n<h3>Access<\/h3>\n<p>RER B: Cit\u00e9 Universitaire<\/p>\n<p>Bus: 67, 21<\/p>\n<p>Tram : T3<\/p>\n<p>Car: South ring road (boulevard p\u00e9riph\u00e9rique), exit Porte d&#8217;Orl\u00e9ans or Porte de Gentilly<\/p>\n<p>[\/et_pb_text][et_pb_button button_url=&#8221;https:\/\/www.svenskastudenthemmet.com\/en\/find-us\/&#8221; button_text=&#8221;More&#8221; _builder_version=&#8221;3.26.6&#8243; custom_button=&#8221;on&#8221; button_text_size=&#8221;12px&#8221; button_text_color=&#8221;#ffffff&#8221; button_bg_color=&#8221;#3d484e&#8221; button_border_width=&#8221;0px&#8221; button_font=&#8221;||||||||&#8221; button_use_icon=&#8221;off&#8221; background_layout=&#8221;dark&#8221;][\/et_pb_button][\/et_pb_column][et_pb_column type=&#8221;3_5&#8243; _builder_version=&#8221;3.25&#8243; custom_padding=&#8221;0px||0px|&#8221; custom_padding__hover=&#8221;|||&#8221;][et_pb_map address=&#8221;7 Boulevard Jourdan, 75014 Paris, France&#8221; zoom_level=&#8221;17&#8243; address_lat=&#8221;48.8184816&#8243; address_lng=&#8221;2.3424383&#8243; mouse_wheel=&#8221;off&#8221; _builder_version=&#8221;3.22.7&#8243; min_height=&#8221;100%&#8221; height=&#8221;100%&#8221; max_height=&#8221;100%&#8221; custom_css_main_element=&#8221;height: 100%&#8221;][et_pb_map_pin pin_address=&#8221;7 Boulevard Jourdan, 75014 Paris, France&#8221; zoom_level=&#8221;15&#8243; pin_address_lat=&#8221;48.8185241&#8243; pin_address_lng=&#8221;2.3417703&#8243; _builder_version=&#8221;3.22.7&#8243;][\/et_pb_map_pin][\/et_pb_map][\/et_pb_column][\/et_pb_row][\/et_pb_section]<\/p>\n","protected":false},"excerpt":{"rendered":"<p>Located in the Cit\u00e9 internationale universitaire de Paris (CIUP),\u00a0 the Swedish House welcomes about 100 students every year and remains open during the summer. The house was built in 1931 and it has managed to keep its character while providing a dynamic study and living environment.\n<div id=\"sb_instagram\"  class=\"sbi sbi_mob_col_3 sbi_tab_col_2 sbi_col_5 sbi_width_resp sbi-theme sbi-default_theme sbi-style-regular\" style=\"width: 100%;\" data-post-style=\"regular\" data-feedid=\"sbi_+#50\"  data-res=\"auto\" data-cols=\"5\" data-colsmobile=\"3\" data-colstablet=\"2\" data-num=\"50\" data-nummobile=\"18\" data-header-size=\"small\" data-item-padding=\"0\" data-shortcode-atts=\"{&quot;type&quot;:&quot;mixed&quot;,&quot;user&quot;:&quot;maisondelasuede&quot;,&quot;hashtag&quot;:&quot;#maisondelasuede, #svenskastudenthemmet, #maisondesetudiantssuedois&quot;}\"  data-postid=\"42\" data-locatornonce=\"3cebac069e\" data-options=\"{&quot;carousel&quot;:[true,false,false,false,true,2],&quot;lightboxcomments&quot;:20,&quot;colsmobile&quot;:3,&quot;colstablet&quot;:2,&quot;captionsize&quot;:13,&quot;captionlength&quot;:150}\" data-sbi-flags=\"gdpr,overrideBlockCDN\">\n\n\n    <div id=\"sbi_images\">\n\t\t    <\/div>\n\n\t<div id=\"sbi_load\" >\n\n\t\n\t\n<\/div>\n\n\t    <span class=\"sbi_resized_image_data\" data-feed-id=\"sbi_+#50\" data-resized=\"[]\">\n\t<\/span>\n\t        <div id=\"sbi_mod_error\">\n            <span>This error message is only visible to WordPress admins<\/span><br \/>\n        <div><strong>Error: There is no connected account for the user 17841400268918284.<\/strong><\/div>        <\/div>\n        \n<\/div>\n\nContact Maison des \u00e9tudiants su\u00e9doisCit\u00e9 [&hellip;]<\/p>\n","protected":false},"author":1,"featured_media":3210,"parent":0,"menu_order":3,"comment_status":"open","ping_status":"open","template":"","meta":{"_acf_changed":false,"_et_pb_use_builder":"on","_et_pb_old_content":"<h2>Qui sommes-nous?<\/h2><p>Situ\u00e9e au c\u0153ur du parc de la Cit\u00e9 internationale universitaire de Paris, la Maison des \u00e9tudiants su\u00e9dois accueille chaque ann\u00e9e une centaine de r\u00e9sidents. Elle reste ouverte l\u2019\u00e9t\u00e9 pour les courts s\u00e9jours. Construite en 1931, la maison a su garder son caract\u00e8re tout en offrant un lieu de vie moderne et dynamique pour ses r\u00e9sidents. Bienvenue \u00e0 la Maison des \u00e9tudiants su\u00e9dois\u00a0!<\/p><p>\u00a0<\/p><p>\u00a0<\/p><p style=\"text-align: right;\"><a title=\"Nous contacter\" href=\"https:\/\/www.svenskastudenthemmet.com\/nous-contacter\/\">Nous contacter ><\/a><\/p>","_et_gb_content_width":"","footnotes":""},"class_list":["post-42","page","type-page","status-publish","has-post-thumbnail","hentry"],"acf":[],"_links":{"self":[{"href":"https:\/\/www.svenskastudenthemmet.com\/en\/wp-json\/wp\/v2\/pages\/42","targetHints":{"allow":["GET"]}}],"collection":[{"href":"https:\/\/www.svenskastudenthemmet.com\/en\/wp-json\/wp\/v2\/pages"}],"about":[{"href":"https:\/\/www.svenskastudenthemmet.com\/en\/wp-json\/wp\/v2\/types\/page"}],"author":[{"embeddable":true,"href":"https:\/\/www.svenskastudenthemmet.com\/en\/wp-json\/wp\/v2\/users\/1"}],"replies":[{"embeddable":true,"href":"https:\/\/www.svenskastudenthemmet.com\/en\/wp-json\/wp\/v2\/comments?post=42"}],"version-history":[{"count":0,"href":"https:\/\/www.svenskastudenthemmet.com\/en\/wp-json\/wp\/v2\/pages\/42\/revisions"}],"wp:featuredmedia":[{"embeddable":true,"href":"https:\/\/www.svenskastudenthemmet.com\/en\/wp-json\/wp\/v2\/media\/3210"}],"wp:attachment":[{"href":"https:\/\/www.svenskastudenthemmet.com\/en\/wp-json\/wp\/v2\/media?parent=42"}],"curies":[{"name":"wp","href":"https:\/\/api.w.org\/{rel}","templated":true}]}}