{"id":141811,"date":"2025-03-10T19:48:58","date_gmt":"2025-03-10T19:48:58","guid":{"rendered":"https:\/\/www.svenskastudenthemmet.com\/?page_id=141811"},"modified":"2025-03-14T15:42:53","modified_gmt":"2025-03-14T15:42:53","slug":"anvandbara-lankar","status":"publish","type":"page","link":"https:\/\/www.svenskastudenthemmet.com\/sv\/anvandbara-lankar\/","title":{"rendered":"Anv\u00e4ndbara l\u00e4nkar"},"content":{"rendered":"<p>[et_pb_section fb_built=&#8221;1&#8243; fullwidth=&#8221;on&#8221; _builder_version=&#8221;4.16&#8243; global_colors_info=&#8221;{}&#8221;][et_pb_fullwidth_post_title meta=&#8221;off&#8221; featured_placement=&#8221;background&#8221; _builder_version=&#8221;4.27.4&#8243; custom_padding=&#8221;6%|0%|6%|0%|true|true&#8221; global_colors_info=&#8221;{}&#8221;][\/et_pb_fullwidth_post_title][\/et_pb_section][et_pb_section fb_built=&#8221;1&#8243; _builder_version=&#8221;4.16&#8243; global_colors_info=&#8221;{}&#8221;][et_pb_row _builder_version=&#8221;4.16&#8243; background_size=&#8221;initial&#8221; background_position=&#8221;top_left&#8221; background_repeat=&#8221;repeat&#8221; global_colors_info=&#8221;{}&#8221;][et_pb_column type=&#8221;4_4&#8243; _builder_version=&#8221;4.16&#8243; custom_padding=&#8221;|||&#8221; global_colors_info=&#8221;{}&#8221; custom_padding__hover=&#8221;|||&#8221;][et_pb_text _builder_version=&#8221;4.27.4&#8243; background_size=&#8221;initial&#8221; background_position=&#8221;top_left&#8221; background_repeat=&#8221;repeat&#8221; hover_enabled=&#8221;0&#8243; global_colors_info=&#8221;{}&#8221; sticky_enabled=&#8221;0&#8243;]<\/p>\n<ul>\n<li><strong><a title=\"Alliance Internationale\" href=\"https:\/\/www.allianceinternationale.org\/\" target=\"_blank\" rel=\"noopener\">Alliance Internationale<\/a><\/strong><br \/>n\u00e4tverk f\u00f6r residenter<\/li>\n<li><strong><a title=\"Caisse d'Allocations Familiale (CAF)\" href=\"https:\/\/www.caf.fr\/\" target=\"_blank\" rel=\"noopener\">Caisse d&#8217;Allocations Familiale (CAF)<\/a><\/strong><br \/>= h\u00e4r s\u00f6ker du bostadsst\u00f6d<\/li>\n<li><strong><a href=\"https:\/\/www.ciup.fr\/\" target=\"_blank\" rel=\"noopener\">Cit\u00e9 internationale universitaire de Paris (CIUP)<\/a><\/strong><\/li>\n<li><strong><a href=\"https:\/\/www.citescope.fr\" target=\"_blank\" rel=\"noopener\">Citescope<\/a><\/strong><br \/>= allt om vad som h\u00e4nder p\u00e5 Cit\u00e9n (konserter , utst\u00e4llningar, teater o.s.v)<\/li>\n<li><strong><a title=\"EtudiantDeParis\" href=\"https:\/\/www.paris.fr\/etudiants\" target=\"_blank\" rel=\"noopener\">EtudiantDeParis<\/a><\/strong><br \/>= hemsidan d\u00e4r du hittar allt du beh\u00f6ver veta om livet som student i Paris<\/li>\n<li><strong><a href=\"https:\/\/www.education.gouv.fr\/\" target=\"_blank\" rel=\"noopener\">Franska utbildningsdepartementets informationsida<\/a><\/strong><br \/>= allm\u00e4n information om utbildning i Frankrike<\/li>\n<li><strong><a href=\"https:\/\/www.facebook.com\/BibliothequeNordique\/\" target=\"_blank\" rel=\"noopener\">Nordiska avdelningen vid Biblioth\u00e8que Sainte Genevi\u00e8ve<\/a><\/strong><br \/>6 rue Valette 75005 Paris \u2014 Telefon: +33 (0)1 44 41 97 50 \u2014 E-post: bsgnordique@sorbonne-nouvelle.fr \u2014 M\u00e9tro: Maubert-Mutualit\u00e9, Luxembourg<\/li>\n<li><strong><a title=\"L'Officiel des Spectacles\" href=\"https:\/\/www.offi.fr\/\" target=\"_blank\" rel=\"noopener\">L&#8217;Officiel des Spectacles<\/a><\/strong><br \/>= allt om bio och teater i Paris<\/li>\n<li><strong><a title=\"E-post: info@afsr.se\" href=\"http:\/\/www.afsr.se\/\" target=\"_blank\" rel=\"noopener\">Svensk-franska forskningsf\u00f6reningen (AFSR)<\/a><\/strong><br \/>E-post: info@afsr.se<\/li>\n<li><strong><a title=\"Svenska ambassaden\" href=\"http:\/\/www.swedenabroad.se\/fr\/ambassade\/france-paris\/\" target=\"_blank\" rel=\"noopener\">Svenska ambassaden<\/a><\/strong><br \/>17 rue Barbet de Jouy 75007 Paris \u2014 E-post: info@amb-suede.fr \u2014 M\u00e9tro: St Fran\u00e7ois-Xavier, Varenne<\/li>\n<li><strong><a title=\"11, rue Payenne 75003 Paris  Telefon: +33 (0)1 44 78 80 20 Telefax: +33 (0)1 44 78 80 27 e-mail:  institutsuedois@si.se M\u00e9tro: Saint-Paul, Chemin-Vert\" href=\"https:\/\/paris.si.se\/\" target=\"_blank\" rel=\"noopener\">Svenska institutet i Paris (med Tessinsamlingen)<\/a><\/strong><br \/>11 rue Payenne 75003 Paris \u2014 e-mail: institutsuedois@si.se \u2014 M\u00e9tro: Saint-Paul, Chemin-Vert<\/li>\n<li><strong><a title=\"9, rue M\u00e9d\u00e9ric 75017 Paris  Telefon: +33 (0)1 44 29 70 00 Telefax: +33 (0)1 40 53 06 46 E-post: info@svenskakyrkanparis.com  M\u00e9tro: Courcelles\" href=\"https:\/\/www.svenskakyrkan.se\/paris\/francais\" target=\"_blank\" rel=\"noopener\">Svenska kyrkan i Paris<\/a><\/strong><br \/>9 rue M\u00e9d\u00e9ric 75017 Paris \u2014 Telefon: +33 (0)1 44 29 70 00 \u2014 E-post: info@svenskakyrkanparis.com \u2014 M\u00e9tro: Courcelles<\/li>\n<\/ul>\n<p>[\/et_pb_text][\/et_pb_column][\/et_pb_row][\/et_pb_section]<\/p>\n","protected":false},"excerpt":{"rendered":"<p>Alliance Internationalen\u00e4tverk f\u00f6r residenter Caisse d&#8217;Allocations Familiale (CAF)= h\u00e4r s\u00f6ker du bostadsst\u00f6d Cit\u00e9 internationale universitaire de Paris (CIUP) Citescope= allt om vad som h\u00e4nder p\u00e5 Cit\u00e9n (konserter , utst\u00e4llningar, teater o.s.v) EtudiantDeParis= hemsidan d\u00e4r du hittar allt du beh\u00f6ver veta om livet som student i Paris Franska utbildningsdepartementets informationsida= allm\u00e4n information om utbildning i Frankrike [&hellip;]<\/p>\n","protected":false},"author":4,"featured_media":32357,"parent":0,"menu_order":0,"comment_status":"closed","ping_status":"closed","template":"","meta":{"_acf_changed":false,"_et_pb_use_builder":"on","_et_pb_old_content":"[et_pb_section fb_built=\"1\" fullwidth=\"on\" _builder_version=\"4.16\" global_colors_info=\"{}\"][et_pb_fullwidth_post_title meta=\"off\" featured_placement=\"background\" _builder_version=\"4.27.4\" hover_enabled=\"0\" global_colors_info=\"{}\" custom_padding=\"6%|0%|6%|0%|true|true\" sticky_enabled=\"0\"][\/et_pb_fullwidth_post_title][\/et_pb_section][et_pb_section fb_built=\"1\" _builder_version=\"4.16\" global_colors_info=\"{}\"][et_pb_row _builder_version=\"4.16\" background_size=\"initial\" background_position=\"top_left\" background_repeat=\"repeat\" global_colors_info=\"{}\"][et_pb_column type=\"4_4\" _builder_version=\"4.16\" custom_padding=\"|||\" global_colors_info=\"{}\" custom_padding__hover=\"|||\"][et_pb_text _builder_version=\"4.27.4\" background_size=\"initial\" background_position=\"top_left\" background_repeat=\"repeat\" hover_enabled=\"0\" global_colors_info=\"{}\" sticky_enabled=\"0\"]\r\n<ul>\r\n \t<li><strong><a href=\"http:\/\/www.swedenabroad.se\/fr\/ambassade\/france-paris\/\" rel=\"noopener\" title=\"Ambassade de Su\u00e8de\" target=\"_blank\">Ambassade de Su\u00e8de<\/a><\/strong>\r\n17 rue Barbet de Jouy 75007 Paris \u2013 T\u00e9l : 01 44 18 88 00 \u2013 E-mail : info@amb-suede.fr \u2014 M\u00e9tro : St Fran\u00e7ois-Xavier, Varenne<\/li>\r\n \t<li><strong><a href=\"https:\/\/www.afsr.se\/\" rel=\"noopener\" title=\"AFSR - Association franco-su\u00e9doise pour la recherche\" target=\"_blank\">Association franco-su\u00e9doise pour la recherche (AFSR)<\/a><\/strong>\r\nE-mail : info@afsr.se<\/li>\r\n \t<li><a href=\"https:\/\/www.facebook.com\/BibliothequeNordique\/\" rel=\"noopener\" title=\"\" target=\"_blank\"><strong>Biblioth\u00e8que Sainte Genevi\u00e8ve, \"La Nordique\"<\/strong><\/a>\r\n6 rue Valette 75005 Paris \u2013 T\u00e9l : 01 44 41 97 50 \u2013 E-mail : bsgnordique@sorbonne-nouvelle.fr \u2013 M\u00e9tro : Maubert-Mutualit\u00e9, Luxembourg<\/li>\r\n \t<li><strong><a href=\"https:\/\/www.caf.fr\/\" rel=\"noopener\" title=\"Caisse d'Allocations Familiales\" target=\"_blank\">Caisse d'Allocations Familiale (CAF)<\/a><\/strong>\r\nPour demander l\u2019aide au logement (APL)<\/li>\r\n \t<li><strong><a href=\"https:\/\/www.ciup.fr\/\" rel=\"noopener\" target=\"_blank\">Cit\u00e9 internationale universitaire de Paris (CIUP)<\/a><\/strong><\/li>\r\n \t<li><strong><a href=\"https:\/\/www.citescope.fr\" target=\"_blank\" rel=\"noopener\" title=\"Citescope\">Citescope<\/a><\/strong>\r\nLes \u00e9v\u00e8nements \u00e0 la Cit\u00e9 universitaire : th\u00e9\u00e2tre, expositions, concerts, etc.<\/li>\r\n \t<li><strong><a href=\"https:\/\/www.svenskakyrkan.se\/paris\/francais\" rel=\"noopener\" title=\"Eglise su\u00e9doise \u00e0 Paris\" target=\"_blank\">Eglise su\u00e9doise \u00e0 Paris<\/a><\/strong>\r\n9 rue M\u00e9d\u00e9ric 75017 Paris \u2013 T\u00e9l : 01 44 29 70 00 \u2013 Email : paris@svenskakyrkan.se \u2013 M\u00e9tro : Courcelles<\/li>\r\n \t<li><strong><a href=\"https:\/\/www.ccs.si.se\/\" rel=\"noopener\" title=\"Institut su\u00e9dois\" target=\"_blank\">Institut su\u00e9dois (avec l'Institut Tessin)<\/a><\/strong>\r\n11 rue Payenne 75003 Paris \u2013 E-mail : info@ccs.si.se \u2013 M\u00e9tro : Saint-Paul, Chemin-Vert<\/li>\r\n \t<li><strong><a href=\"https:\/\/www.education.gouv.fr\/\" rel=\"noopener\" title=\"Minist\u00e8re de l'\u00c9ducation\" target=\"_blank\">Minist\u00e8re de l'\u00c9ducation nationale<\/a><\/strong>\r\nInformation sur le syst\u00e8me \u00e9ducatif en France<\/li>\r\n \t<li><strong><a href=\"https:\/\/www.offi.fr\" rel=\"noopener\" title=\"L'Officiel des spectacles \" target=\"_blank\">L'Officiel des spectacles<\/a><\/strong>\r\nTout sur le cin\u00e9ma et le th\u00e9\u00e2tre \u00e0 Paris<\/li>\r\n<\/ul>\r\n[\/et_pb_text][\/et_pb_column][\/et_pb_row][\/et_pb_section]","_et_gb_content_width":"","footnotes":""},"class_list":["post-141811","page","type-page","status-publish","has-post-thumbnail","hentry"],"acf":[],"_links":{"self":[{"href":"https:\/\/www.svenskastudenthemmet.com\/sv\/wp-json\/wp\/v2\/pages\/141811","targetHints":{"allow":["GET"]}}],"collection":[{"href":"https:\/\/www.svenskastudenthemmet.com\/sv\/wp-json\/wp\/v2\/pages"}],"about":[{"href":"https:\/\/www.svenskastudenthemmet.com\/sv\/wp-json\/wp\/v2\/types\/page"}],"author":[{"embeddable":true,"href":"https:\/\/www.svenskastudenthemmet.com\/sv\/wp-json\/wp\/v2\/users\/4"}],"replies":[{"embeddable":true,"href":"https:\/\/www.svenskastudenthemmet.com\/sv\/wp-json\/wp\/v2\/comments?post=141811"}],"version-history":[{"count":0,"href":"https:\/\/www.svenskastudenthemmet.com\/sv\/wp-json\/wp\/v2\/pages\/141811\/revisions"}],"wp:featuredmedia":[{"embeddable":true,"href":"https:\/\/www.svenskastudenthemmet.com\/sv\/wp-json\/wp\/v2\/media\/32357"}],"wp:attachment":[{"href":"https:\/\/www.svenskastudenthemmet.com\/sv\/wp-json\/wp\/v2\/media?parent=141811"}],"curies":[{"name":"wp","href":"https:\/\/api.w.org\/{rel}","templated":true}]}}