{"id":199,"date":"2012-10-04T16:25:33","date_gmt":"2012-10-04T16:25:33","guid":{"rendered":"https:\/\/www.svenskastudenthemmet.com\/?page_id=199"},"modified":"2025-03-10T15:32:37","modified_gmt":"2025-03-10T15:32:37","slug":"anmalningsformular","status":"publish","type":"page","link":"https:\/\/www.svenskastudenthemmet.com\/sv\/boende\/anmalningsformular\/","title":{"rendered":"Anm\u00e4lningsformul\u00e4r"},"content":{"rendered":"<p>[et_pb_section fb_built=&#8221;1&#8243; fullwidth=&#8221;on&#8221; _builder_version=&#8221;4.16&#8243; global_colors_info=&#8221;{}&#8221;][et_pb_fullwidth_post_title meta=&#8221;off&#8221; featured_placement=&#8221;background&#8221; _builder_version=&#8221;4.16&#8243; global_colors_info=&#8221;{}&#8221;][\/et_pb_fullwidth_post_title][\/et_pb_section][et_pb_section fb_built=&#8221;1&#8243; _builder_version=&#8221;4.16&#8243; global_colors_info=&#8221;{}&#8221;][et_pb_row _builder_version=&#8221;4.16&#8243; background_size=&#8221;initial&#8221; background_position=&#8221;top_left&#8221; background_repeat=&#8221;repeat&#8221; global_colors_info=&#8221;{}&#8221;][et_pb_column type=&#8221;4_4&#8243; _builder_version=&#8221;4.16&#8243; custom_padding=&#8221;|||&#8221; global_colors_info=&#8221;{}&#8221; custom_padding__hover=&#8221;|||&#8221;][et_pb_text _builder_version=&#8221;4.27.4&#8243; background_size=&#8221;initial&#8221; background_position=&#8221;top_left&#8221; background_repeat=&#8221;repeat&#8221; hover_enabled=&#8221;0&#8243; global_colors_info=&#8221;{}&#8221; sticky_enabled=&#8221;0&#8243;]<\/p>\n<p>Fyll i formul\u00e4ret och bifoga samtidigt dina bilagor. Observera att du inte kan g\u00e5 tillbaka och l\u00e4gga till ytterligare bilagor. Beh\u00f6ver du komplettera med nya bilagor mailar du dessa till oss (<a href=\"https:\/\/web.archive.org\/web\/20221005061451\/mailto:contact@maisondelasuede.org\">contact@maisondelasuede.org<\/a>). Vi har full f\u00f6rst\u00e5else f\u00f6r att vissa dokument inte finns tillg\u00e4ngliga vid ans\u00f6kningstillf\u00e4llet. Det viktiga \u00e4r att du s\u00e4nder in din ans\u00f6kan, med de bilagor som finns klara, i tid f\u00f6re sista ans\u00f6kningsdag.<\/p>\n<p>50 % av de antagna kommer att bo p\u00e5 det Svenska studenthemmet de andra 50% i ett annat hus p\u00e5 Cit\u00e9 Universitaire.<\/p>\n<p><strong>V\u00e4nligen notera att de avgifter som tas ut varierar fr\u00e5n hus till hus<\/strong>. Om du \u00e4r antagen att bo i ett annat hus \u00e4n det svenska, b\u00f6r du informera dig om detta i god tid innan du flyttar in.<\/p>\n<p>&nbsp;<\/p>\n<h3>Dokumentation att bifoga din termins- eller l\u00e4s\u00e5rsans\u00f6kan<\/h3>\n<ul>\n<li>Personligt motivationsbrev<\/li>\n<li>Kopia p\u00e5 svenskt pass<\/li>\n<li>Kopia p\u00e5 tidigare studiemeriter<\/li>\n<li>Antagningsbevis fr\u00e5n institution i Paris eller fr\u00e5n praktikplats<\/li>\n<\/ul>\n<p>[\/et_pb_text][\/et_pb_column][\/et_pb_row][et_pb_row _builder_version=&#8221;4.16&#8243; background_color=&#8221;#3373a9&#8243; width=&#8221;60%&#8221; max_width=&#8221;60%&#8221; custom_padding=&#8221;50px|50px|50px|50px&#8221; global_colors_info=&#8221;{}&#8221;][et_pb_column type=&#8221;4_4&#8243; _builder_version=&#8221;4.16&#8243; custom_padding=&#8221;|||&#8221; global_colors_info=&#8221;{}&#8221; custom_padding__hover=&#8221;|||&#8221;][et_pb_text _builder_version=&#8221;4.20.2&#8243; text_font=&#8221;||||||||&#8221; text_font_size=&#8221;18px&#8221; text_orientation=&#8221;center&#8221; background_layout=&#8221;dark&#8221; global_colors_info=&#8221;{}&#8221;]<\/p>\n<h3>Sista ans\u00f6kningsdag<\/h3>\n<p>Sista ans\u00f6kningsdag f\u00f6r h\u00f6stterminen \u00e4r 31 maj<br \/>Sista ans\u00f6kningsdag f\u00f6r v\u00e5rterminen \u00e4r 31 oktober<\/p>\n<p>Tack f\u00f6r din ans\u00f6kan, vi kommer att behandla den efter sista ans\u00f6kningsdag.<br \/>Efter det hoppas vi att kunna ge dig ett besked inom 10 dagar.<\/p>\n<p>[\/et_pb_text][\/et_pb_column][\/et_pb_row][\/et_pb_section][et_pb_section fb_built=&#8221;1&#8243; _builder_version=&#8221;4.16&#8243; background_color=&#8221;#f9fbfc&#8221; global_colors_info=&#8221;{}&#8221;][et_pb_row column_structure=&#8221;1_2,1_2&#8243; _builder_version=&#8221;4.16&#8243; global_colors_info=&#8221;{}&#8221;][et_pb_column type=&#8221;1_2&#8243; _builder_version=&#8221;4.16&#8243; custom_padding=&#8221;|||&#8221; global_colors_info=&#8221;{}&#8221; custom_padding__hover=&#8221;|||&#8221;][et_pb_text _builder_version=&#8221;4.20.2&#8243; global_colors_info=&#8221;{}&#8221;]<\/p>\n<h3>Formul\u00e4r f\u00f6r termins- eller l\u00e4s\u00e5rsans\u00f6kan<\/h3>\n<p>[\/et_pb_text][et_pb_button button_url=&#8221;https:\/\/suedehouse.ev-lab.com\/pages\/formular.php&#8221; url_new_window=&#8221;on&#8221; button_text=&#8221;Formul\u00e4r f\u00f6r termins- eller l\u00e4s\u00e5rsans\u00f6kan&#8221; button_alignment=&#8221;center&#8221; _builder_version=&#8221;4.20.2&#8243; global_colors_info=&#8221;{}&#8221;][\/et_pb_button][\/et_pb_column][et_pb_column type=&#8221;1_2&#8243; _builder_version=&#8221;4.16&#8243; custom_padding=&#8221;|||&#8221; global_colors_info=&#8221;{}&#8221; custom_padding__hover=&#8221;|||&#8221;][et_pb_text _builder_version=&#8221;4.20.2&#8243; global_colors_info=&#8221;{}&#8221;]<\/p>\n<h3>\u200bFormul\u00e4r f\u00f6r kortare vistelser under l\u00e4s\u00e5r eller sommar<\/h3>\n<p>[\/et_pb_text][et_pb_button button_url=&#8221;https:\/\/suedehouse.ev-lab.com\/pages\/formsummer.php&#8221; url_new_window=&#8221;on&#8221; button_text=&#8221;Sommar &#8211; och korttidsbokningar&#8221; button_alignment=&#8221;center&#8221; _builder_version=&#8221;4.20.2&#8243; global_colors_info=&#8221;{}&#8221;][\/et_pb_button][\/et_pb_column][\/et_pb_row][\/et_pb_section]<\/p>\n","protected":false},"excerpt":{"rendered":"<p>Fyll i formul\u00e4ret och bifoga samtidigt dina bilagor. Observera att du inte kan g\u00e5 tillbaka och l\u00e4gga till ytterligare bilagor. Beh\u00f6ver du komplettera med nya bilagor mailar du dessa till oss (contact@maisondelasuede.org). Vi har full f\u00f6rst\u00e5else f\u00f6r att vissa dokument inte finns tillg\u00e4ngliga vid ans\u00f6kningstillf\u00e4llet. Det viktiga \u00e4r att du s\u00e4nder in din ans\u00f6kan, med [&hellip;]<\/p>\n","protected":false},"author":1,"featured_media":32309,"parent":183,"menu_order":3,"comment_status":"open","ping_status":"closed","template":"","meta":{"_acf_changed":false,"_et_pb_use_builder":"on","_et_pb_old_content":"<p>Nous vous demandons de bien vouloir remplir le formulaire de demande et de joindre les documents requis. Veuillez noter que vous ne pouvez pas revenir au formulaire pour ajouter des pi\u00e8ces jointes. Si vous avez besoin de nous envoyer des documents apr\u00e8s avoir rempli le formulaire, vous pouvez les envoyer par e-mail : contact@maisondelasuede.org<\/p><h2>Documents \u00e0 fournir avec le formulaire de demande pour un semestre ou une ann\u00e9e acad\u00e9mique<\/h2><ul><li>Lettre de motivation<\/li><li>Copie du passeport<\/li><li>Lettre de recommandation<\/li><li>Copie de l\u2019attestation\u00a0officielle des\u00a0r\u00e9sultats universitaires\u00a0obtenus<\/li><li>Copie du certificat d\u2019inscription de votre\u00a0 \u00e9tablissement d\u2019enseignement sup\u00e9rieur dans la r\u00e9gion parisienne<\/li><li>Certificat de programme d\u2019\u00e9change (p.ex. Erasmus)<\/li><li>Certificat de financement (ex\u00a0: CSN)<\/li><li>Deux photos d'identit\u00e9 (\u00e0 fournir \u00e0 l\u2019arriv\u00e9e)<\/li><\/ul><p>Date\u00a0limite\u00a0de\u00a0la\u00a0demande\u00a0d\u2019admission\u00a0pour\u00a0l\u00b4automne:\u00a0le\u00a031\u00a0mai<br \/>Date limite pour\u00a0le\u00a0printemps:\u00a0le\u00a031\u00a0octobre<\/p><h3>Formulaire de demande pour le semestre ou l\u2019ann\u00e9e acad\u00e9mique<\/h3><p>Veuillez noter qu\u2019il faut avoir la nationalit\u00e9 su\u00e9doise. Pour faire une demande, nous vous demandons de consulter les pages en su\u00e9dois ( \"<a href=\"https:\/\/www.svenskastudenthemmet.com\/sv\/boende\/anmalningsformular\/\">Formul\u00e4r f\u00f6r termins \u2013 eller l\u00e4s\u00e5rsans\u00f6kan\"<\/a> ).<\/p><h3>Formulaire de demande pour les s\u00e9jours de courte dur\u00e9e et les s\u00e9jours en \u00e9t\u00e9<\/h3><p>Pour les court-s\u00e9jours (moins de 3 mois) et les s\u00e9jours en \u00e9t\u00e9, nous accueillons volontiers les \u00e9tudiants, chercheurs, professeurs, musiciens et artistes de toute nationalit\u00e9.<\/p><p><a href=\"http:\/\/suedehouse.ev-lab.com\/pages\/formsummer.php?lang=fr\" target=\"_blank\" rel=\"noopener\">Cliquez-ici ><\/a><\/p>","_et_gb_content_width":"","footnotes":""},"class_list":["post-199","page","type-page","status-publish","has-post-thumbnail","hentry"],"acf":[],"_links":{"self":[{"href":"https:\/\/www.svenskastudenthemmet.com\/sv\/wp-json\/wp\/v2\/pages\/199","targetHints":{"allow":["GET"]}}],"collection":[{"href":"https:\/\/www.svenskastudenthemmet.com\/sv\/wp-json\/wp\/v2\/pages"}],"about":[{"href":"https:\/\/www.svenskastudenthemmet.com\/sv\/wp-json\/wp\/v2\/types\/page"}],"author":[{"embeddable":true,"href":"https:\/\/www.svenskastudenthemmet.com\/sv\/wp-json\/wp\/v2\/users\/1"}],"replies":[{"embeddable":true,"href":"https:\/\/www.svenskastudenthemmet.com\/sv\/wp-json\/wp\/v2\/comments?post=199"}],"version-history":[{"count":0,"href":"https:\/\/www.svenskastudenthemmet.com\/sv\/wp-json\/wp\/v2\/pages\/199\/revisions"}],"up":[{"embeddable":true,"href":"https:\/\/www.svenskastudenthemmet.com\/sv\/wp-json\/wp\/v2\/pages\/183"}],"wp:featuredmedia":[{"embeddable":true,"href":"https:\/\/www.svenskastudenthemmet.com\/sv\/wp-json\/wp\/v2\/media\/32309"}],"wp:attachment":[{"href":"https:\/\/www.svenskastudenthemmet.com\/sv\/wp-json\/wp\/v2\/media?parent=199"}],"curies":[{"name":"wp","href":"https:\/\/api.w.org\/{rel}","templated":true}]}}