{"id":203,"date":"2012-10-04T16:25:51","date_gmt":"2012-10-04T16:25:51","guid":{"rendered":"https:\/\/www.svenskastudenthemmet.com\/?page_id=203"},"modified":"2025-03-14T15:13:36","modified_gmt":"2025-03-14T15:13:36","slug":"antagning-och-avgifter","status":"publish","type":"page","link":"https:\/\/www.svenskastudenthemmet.com\/sv\/boende\/antagning-och-avgifter\/","title":{"rendered":"Antagning och avgifter"},"content":{"rendered":"<p>[et_pb_section fb_built=&#8221;1&#8243; fullwidth=&#8221;on&#8221; _builder_version=&#8221;4.16&#8243; global_colors_info=&#8221;{}&#8221;][et_pb_fullwidth_post_title meta=&#8221;off&#8221; featured_placement=&#8221;background&#8221; _builder_version=&#8221;4.16&#8243; global_colors_info=&#8221;{}&#8221;][\/et_pb_fullwidth_post_title][\/et_pb_section][et_pb_section fb_built=&#8221;1&#8243; _builder_version=&#8221;4.16&#8243; global_colors_info=&#8221;{}&#8221;][et_pb_row _builder_version=&#8221;4.16&#8243; background_size=&#8221;initial&#8221; background_position=&#8221;top_left&#8221; background_repeat=&#8221;repeat&#8221; global_colors_info=&#8221;{}&#8221;][et_pb_column type=&#8221;4_4&#8243; _builder_version=&#8221;4.16&#8243; custom_padding=&#8221;|||&#8221; global_colors_info=&#8221;{}&#8221; custom_padding__hover=&#8221;|||&#8221;][et_pb_text _builder_version=&#8221;4.27.4&#8243; background_size=&#8221;initial&#8221; background_position=&#8221;top_left&#8221; background_repeat=&#8221;repeat&#8221; global_colors_info=&#8221;{}&#8221;]<\/p>\n<p>Svenska studenthemmet \u00e4r under studieterminerna \u00f6ppet f\u00f6r dig som tidigare har avklarat minst tv\u00e5 \u00e5rs studier p\u00e5 universitetsniv\u00e5 och som avser studera i Paris p\u00e5 h\u00f6gskoleniv\u00e5, forska eller genomf\u00f6ra en praktik. Studenthemmet v\u00e4lkomnar \u00e4ven dig som studerar musik- eller konst, liksom dig som \u00e4r elitidrottare. Om du planerar kortare vistelser g\u00e4ller s\u00e4rskilda antagningsregler.<\/p>\n<p>F\u00f6r att r\u00e4knas som resident m\u00e5ste man bo en sammanh\u00e4ngande period p\u00e5 minst tre m\u00e5nader under l\u00e4s\u00e5ret. Maximitiden uppg\u00e5r till tre \u00e5r, vilket g\u00e4ller studenter p\u00e5 kandidat-, master och doktorandniv\u00e5. Alla l\u00e4s\u00e5rsstudenter tas in ett \u00e5r i taget. Vid f\u00f6rl\u00e4ngning m\u00e5ste ny ans\u00f6kan l\u00e4mnas in. En h\u00f6gre studieniv\u00e5 och l\u00e4ngre studietid prioriteras vid antagningen, likas\u00e5 spridning n\u00e4r det g\u00e4ller inriktning p\u00e5 studierna och universitet i Sverige.<\/p>\n<p><strong>Om du ans\u00f6ker till Svenska studenthemmet kan du bli placerad i n\u00e5got av de hus i La Cit\u00e9 som vi har ett utbyte med. H\u00e4lften av antagna svenskar placeras i andra hus. Motsvarande antal studenter med annan nationalitet tas in i Svenska studenthemmet. F\u00f6r att bli antagen kr\u00e4vs att du godk\u00e4nner att delta i utbytet med \u00f6vriga hus.<\/strong><\/p>\n<p><strong>V\u00e4nligen notera att de avgifter som tas ut varierar fr\u00e5n hus till hus. Om du \u00e4r antagen att bo i ett annat hus \u00e4n det svenska, b\u00f6r du informera dig om detta i god tid innan.<\/strong><\/p>\n<p>[\/et_pb_text][\/et_pb_column][\/et_pb_row][et_pb_row _builder_version=&#8221;4.16&#8243; background_color=&#8221;#3373a9&#8243; width=&#8221;60%&#8221; width_tablet=&#8221;&#8221; width_phone=&#8221;&#8221; width_last_edited=&#8221;on|tablet&#8221; custom_padding=&#8221;50px|50px|50px|50px&#8221; global_colors_info=&#8221;{}&#8221;][et_pb_column type=&#8221;4_4&#8243; _builder_version=&#8221;4.16&#8243; custom_padding=&#8221;|||&#8221; global_colors_info=&#8221;{}&#8221; custom_padding__hover=&#8221;|||&#8221;][et_pb_text _builder_version=&#8221;4.20.0&#8243; text_font=&#8221;||||||||&#8221; text_font_size=&#8221;18px&#8221; text_orientation=&#8221;center&#8221; background_layout=&#8221;dark&#8221; text_text_align=&#8221;center&#8221; global_colors_info=&#8221;{}&#8221;]<\/p>\n<h3>Sista ans\u00f6kningsdag<\/h3>\n<p>Sista ans\u00f6kningsdag f\u00f6r h\u00f6stterminen \u00e4r 31 maj<br \/>Sista ans\u00f6kningsdag f\u00f6r v\u00e5rterminen \u00e4r 31 oktober<\/p>\n<p>Tack f\u00f6r din ans\u00f6kan, vi kommer att behandla den efter sista ans\u00f6kningsdag.<br \/>Vi hoppas kunna ge dig ett besked cirka 10 dagar efter sista anm\u00e4lningdag.<\/p>\n<p>[\/et_pb_text][\/et_pb_column][\/et_pb_row][\/et_pb_section][et_pb_section fb_built=&#8221;1&#8243; _builder_version=&#8221;4.16&#8243; background_color=&#8221;#f9fbfc&#8221; global_colors_info=&#8221;{}&#8221;][et_pb_row _builder_version=&#8221;4.16&#8243; global_colors_info=&#8221;{}&#8221;][et_pb_column type=&#8221;4_4&#8243; _builder_version=&#8221;4.16&#8243; custom_padding=&#8221;|||&#8221; global_colors_info=&#8221;{}&#8221; custom_padding__hover=&#8221;|||&#8221;][et_pb_text _builder_version=&#8221;4.16&#8243; text_font=&#8221;||||||||&#8221; header_font=&#8221;||||||||&#8221; header_2_font=&#8221;||||||||&#8221; text_orientation=&#8221;center&#8221; text_text_align=&#8221;center&#8221; global_colors_info=&#8221;{}&#8221;]<\/p>\n<h2>L\u00e4s\u00e5r<\/h2>\n<p>[\/et_pb_text][et_pb_pricing_tables _builder_version=&#8221;4.27.4&#8243; header_level=&#8221;h3&#8243; header_font=&#8221;||||||||&#8221; hover_enabled=&#8221;0&#8243; custom_css_pricing_top=&#8221;display: none;&#8221; global_colors_info=&#8221;{}&#8221; sticky_enabled=&#8221;0&#8243;][et_pb_pricing_table title=&#8221;AVGIFT 1&#8243; subtitle=&#8221;Studenter som stannar mer \u00e4n 3 m\u00e5nader&#8221; _builder_version=&#8221;4.27.4&#8243; global_colors_info=&#8221;{}&#8221; sticky_transition=&#8221;on&#8221;]<\/p>\n<p>Enkelrum: 540\u20ac \/ m\u00e5nad (300\u20ac \/ halv m\u00e5nad)<br \/>Dubbelrum: 725\u20ac \/ m\u00e5nad (400\u20ac \/ halv m\u00e5nad)<br \/>Atelj\u00e9 \/ studio individuell: 740\u20ac \/ m\u00e5nad (430\u20ac \/ halv m\u00e5nad)<br \/>Atelj\u00e9 \/ studio dubbel: 960\u20ac \/ m\u00e5nad (550\u20ac \/ halv m\u00e5nad)<\/p>\n<p>[\/et_pb_pricing_table][et_pb_pricing_table title=&#8221;AVGIFT 2&#8243; subtitle=&#8221;Korttidsboende (mindre \u00e4n 3 m\u00e5nader)&#8221; _builder_version=&#8221;4.27.4&#8243; hover_enabled=&#8221;0&#8243; global_colors_info=&#8221;{}&#8221; sticky_transition=&#8221;on&#8221; sticky_enabled=&#8221;0&#8243;]<\/p>\n<p>Enkelrum: 740\u20ac \/ m\u00e5nad (400\u20ac \/ halv m\u00e5nad)<br \/>Dubbelrum: 975\u20ac \/ m\u00e5nad (500\u20ac \/ halv m\u00e5nad)<br \/>Atelj\u00e9 \/ studio individuell: 995\u20ac \/ m\u00e5nad (540\u20ac \/ halv m\u00e5nad)<br \/>Atelj\u00e9 \/ studio dubbel:\u00a0 1220\u20ac \/ m\u00e5nad (675\u20ac \/ halv m\u00e5nad)<\/p>\n<p>[\/et_pb_pricing_table][\/et_pb_pricing_tables][et_pb_text _builder_version=&#8221;4.27.4&#8243; global_colors_info=&#8221;{}&#8221;]<\/p>\n<p>Anl\u00e4nder man innan den 15e, betalar man f\u00f6r hela m\u00e5naden. Anl\u00e4nder man d\u00e4remot efter den 15e, betalar man endast f\u00f6r en halv m\u00e5nad. G\u00e4ller p\u00e5 samma s\u00e4tt f\u00f6r avresan, varje p\u00e5b\u00f6rjad halv m\u00e5nad ska betalas ; om man \u00e5ker innan den 15e, betalar man f\u00f6r en halv m\u00e5nad. Reser man efter den 15e, betalar man f\u00f6r hela m\u00e5naden.<\/p>\n<p>V\u00e4nligen observera att en inskrivningsavgift utg\u00e5r p\u00e5 75\u20ac oavsett om du kommer att bo i det svenska huset eller i ett av de som vi samarbetar med.<\/p>\n<p>[\/et_pb_text][et_pb_button button_url=&#8221;https:\/\/www.svenskastudenthemmet.com\/sv\/boende\/anmalningsformular\/&#8221; button_text=&#8221;Anm\u00e4lningsformul\u00e4r&#8221; button_alignment=&#8221;center&#8221; _builder_version=&#8221;4.20.0&#8243; _module_preset=&#8221;default&#8221; global_colors_info=&#8221;{}&#8221;][\/et_pb_button][\/et_pb_column][\/et_pb_row][\/et_pb_section][et_pb_section fb_built=&#8221;1&#8243; _builder_version=&#8221;4.16&#8243; global_colors_info=&#8221;{}&#8221;][et_pb_row column_structure=&#8221;1_4,3_4&#8243; _builder_version=&#8221;4.16&#8243; global_colors_info=&#8221;{}&#8221;][et_pb_column type=&#8221;1_4&#8243; _builder_version=&#8221;4.16&#8243; custom_padding=&#8221;|||&#8221; global_colors_info=&#8221;{}&#8221; custom_padding__hover=&#8221;|||&#8221;][et_pb_blurb use_icon=&#8221;on&#8221; _builder_version=&#8221;4.16&#8243; global_colors_info=&#8221;{}&#8221;][\/et_pb_blurb][\/et_pb_column][et_pb_column type=&#8221;3_4&#8243; _builder_version=&#8221;4.16&#8243; custom_padding=&#8221;|||&#8221; global_colors_info=&#8221;{}&#8221; custom_padding__hover=&#8221;|||&#8221;][et_pb_text _builder_version=&#8221;4.16&#8243; global_colors_info=&#8221;{}&#8221;]<\/p>\n<h3>Korttids- och sommarboende<\/h3>\n<p>Vi v\u00e4lkomnar studerande, forskare, musiker, konstn\u00e4rer och l\u00e4rare \u00e4ven f\u00f6r kortare vistelser i Studenthemmet.<\/p>\n<p>[\/et_pb_text][\/et_pb_column][\/et_pb_row][\/et_pb_section]<\/p>\n","protected":false},"excerpt":{"rendered":"<p>Svenska studenthemmet \u00e4r under studieterminerna \u00f6ppet f\u00f6r dig som tidigare har avklarat minst tv\u00e5 \u00e5rs studier p\u00e5 universitetsniv\u00e5 och som avser studera i Paris p\u00e5 h\u00f6gskoleniv\u00e5, forska eller genomf\u00f6ra en praktik. Studenthemmet v\u00e4lkomnar \u00e4ven dig som studerar musik- eller konst, liksom dig som \u00e4r elitidrottare. Om du planerar kortare vistelser g\u00e4ller s\u00e4rskilda antagningsregler. F\u00f6r att [&hellip;]<\/p>\n","protected":false},"author":1,"featured_media":32278,"parent":183,"menu_order":2,"comment_status":"open","ping_status":"closed","template":"","meta":{"_acf_changed":false,"_et_pb_use_builder":"on","_et_pb_old_content":"<p>Pour pouvoir \u00eatre log\u00e9 \u00e0 la Maison des \u00c9tudiants Su\u00e9dois il faut normalement \u00eatre titulaire d\u2019un bac +2 minimum et avoir pour projet de poursuivre des \u00e9tudes sup\u00e9rieures, d\u2019effectuer un stage ou de faire de la recherche. La Maison accueille \u00e9galement les artistes et les sportifs. Au cours de l\u2019ann\u00e9e acad\u00e9mique, nous traitons uniquement les demandes des \u00e9tudiants de nationalit\u00e9 su\u00e9doise. Dans le cadre des accords de brassage entre les diff\u00e9rentes maisons de la Cit\u00e9, nous accueillons \u00e9galement d\u2019autres nationalit\u00e9s, mais nous ne traitons pas directement ces demandes. \u00a0Une commission d\u2019admission se r\u00e9unit au printemps pour \u00e9tudier les candidatures. L\u2019accent est mis sur le niveau d\u2019\u00e9tudes, mais aussi sur la diversit\u00e9 des candidats, leurs domaines d\u2019\u00e9tudes et leurs universit\u00e9s d\u2019origine.\u00a0 Pour \u00eatre consid\u00e9r\u00e9 comme r\u00e9sident il faut rester au minimum trois mois cons\u00e9cutifs entre septembre et juin. Pour \u00eatre r\u00e9admis, il faut postuler \u00e0 nouveau. Il est possible d\u2019\u00eatre r\u00e9admis au maximum trois fois.<\/p><p>La moiti\u00e9 des r\u00e9sidents de la Maison est constitu\u00e9e de su\u00e9dois, l\u2019autre moiti\u00e9 est constitu\u00e9e d\u2019\u00e9tudiants de diverses nationalit\u00e9s qui viennent des autres maisons de la Cit\u00e9. De la m\u00eame mani\u00e8re, les Su\u00e9dois admis \u00e0 la Cit\u00e9 mais qui ne sont pas log\u00e9s \u00e0 la Maison des \u00e9tudiants su\u00e9dois disposent d\u2019un certain nombre de places dans les autres maisons. C\u2019est ce qu\u2019on appelle le brassage. Les Su\u00e9dois doivent donc toujours adresser leurs demandes \u00e0 la Maison des \u00c9tudiants Su\u00e9dois, mais peuvent tr\u00e8s bien \u00eatre plac\u00e9s dans d\u2019autres maisons.<\/p><h2>Date\u00a0limite\u00a0de\u00a0la\u00a0demande d'admission<\/h2><p>Pour l'automne :\u00a0le\u00a031\u00a0mai<br \/>Pour le printemps :\u00a0le\u00a031\u00a0octobre<\/p><p><strong>Tarifs pour l\u2019ann\u00e9e acad\u00e9mique<\/strong><\/p><p><strong>TARIF 1<br \/>Pour les r\u00e9sidents qui restent plus de 3 mois<\/strong><\/p><p>Chambre simple: 495 \u20ac \/ mois<br \/>Chambre double: 660 \u20ac \/ mois<br \/>Atelier et studio individuel: 650 \u20ac \/ mois<br \/>Atelier et studio double: 850 \u20ac \/ mois<\/p><p><strong>TARIF 2<br \/>Pour les courts s\u00e9jours de moins de 3 mois<\/strong><\/p><p>Chambre simple: 675 \u20ac \/ mois<br \/>Chambre double: 890 \u20ac \/ mois<br \/>Atelier et studio individuel: 900 \u20ac \/ mois<br \/>Atelier et studio double: 1100 \u20ac \/ mois<\/p><p>Si vous arrivez avant le 15 du mois, le mois entier est d\u00fb. Si vous arrivez apr\u00e8s le 15 du mois, vous ne payez qu'un demi-mois. De la m\u00eame mani\u00e8re, pour les d\u00e9parts, toute quinzaine entam\u00e9e est due : si vous partez avant le 15 du mois, vous r\u00e9glez un demi-mois. Si vous partez apr\u00e8s le 15, vous r\u00e9glez un mois.<\/p><p>Les visites sont autoris\u00e9es. Elles doivent \u00eatre signal\u00e9es \u00e0 la r\u00e9ception au moins deux jours avant l'arriv\u00e9e de la personne invit\u00e9e. Un r\u00e9sident ne peut pas accueillir quelqu'un plus de 7 jours cons\u00e9cutifs. Le tarif pour les invit\u00e9s est de 10 euros par nuit.<\/p><p>Tous les r\u00e9sidents admis par la Maison des \u00e9tudiants su\u00e9dois qui restent au moins un semestre durant l'ann\u00e9e acad\u00e9mique paient un droit d\u2019inscription de 60\u20ac.<\/p><h3>Court s\u00e9jours et s\u00e9jours d'\u00e9t\u00e9<\/h3><p>Pour les court-s\u00e9jours (moins de 3 mois) et les s\u00e9jours d'\u00e9t\u00e9, nous accueillons volontiers les \u00e9tudiants, les chercheurs, les\u00a0 professeurs, les musiciens et les artistes.<\/p>","_et_gb_content_width":"","footnotes":""},"class_list":["post-203","page","type-page","status-publish","has-post-thumbnail","hentry"],"acf":[],"_links":{"self":[{"href":"https:\/\/www.svenskastudenthemmet.com\/sv\/wp-json\/wp\/v2\/pages\/203","targetHints":{"allow":["GET"]}}],"collection":[{"href":"https:\/\/www.svenskastudenthemmet.com\/sv\/wp-json\/wp\/v2\/pages"}],"about":[{"href":"https:\/\/www.svenskastudenthemmet.com\/sv\/wp-json\/wp\/v2\/types\/page"}],"author":[{"embeddable":true,"href":"https:\/\/www.svenskastudenthemmet.com\/sv\/wp-json\/wp\/v2\/users\/1"}],"replies":[{"embeddable":true,"href":"https:\/\/www.svenskastudenthemmet.com\/sv\/wp-json\/wp\/v2\/comments?post=203"}],"version-history":[{"count":0,"href":"https:\/\/www.svenskastudenthemmet.com\/sv\/wp-json\/wp\/v2\/pages\/203\/revisions"}],"up":[{"embeddable":true,"href":"https:\/\/www.svenskastudenthemmet.com\/sv\/wp-json\/wp\/v2\/pages\/183"}],"wp:featuredmedia":[{"embeddable":true,"href":"https:\/\/www.svenskastudenthemmet.com\/sv\/wp-json\/wp\/v2\/media\/32278"}],"wp:attachment":[{"href":"https:\/\/www.svenskastudenthemmet.com\/sv\/wp-json\/wp\/v2\/media?parent=203"}],"curies":[{"name":"wp","href":"https:\/\/api.w.org\/{rel}","templated":true}]}}