{"id":216,"date":"2012-10-04T16:26:40","date_gmt":"2012-10-04T16:26:40","guid":{"rendered":"https:\/\/www.svenskastudenthemmet.com\/?page_id=216"},"modified":"2025-03-10T15:16:21","modified_gmt":"2025-03-10T15:16:21","slug":"att-bo-i-svenska-studenthemmet","status":"publish","type":"page","link":"https:\/\/www.svenskastudenthemmet.com\/sv\/boende\/att-bo-i-svenska-studenthemmet\/","title":{"rendered":"Att bo i Svenska studenthemmet"},"content":{"rendered":"<p>[et_pb_section fb_built=&#8221;1&#8243; _builder_version=&#8221;4.16&#8243; background_color=&#8221;#f9fbfc&#8221; global_colors_info=&#8221;{}&#8221;][et_pb_row _builder_version=&#8221;4.16&#8243; background_size=&#8221;initial&#8221; background_position=&#8221;top_left&#8221; background_repeat=&#8221;repeat&#8221; global_colors_info=&#8221;{}&#8221;][et_pb_column type=&#8221;4_4&#8243; _builder_version=&#8221;4.16&#8243; custom_padding=&#8221;|||&#8221; global_colors_info=&#8221;{}&#8221; custom_padding__hover=&#8221;|||&#8221;][et_pb_text _builder_version=&#8221;4.27.4&#8243; background_size=&#8221;initial&#8221; background_position=&#8221;top_left&#8221; background_repeat=&#8221;repeat&#8221; global_colors_info=&#8221;{}&#8221;]<\/p>\n<h1>Att bo i Svenska studenthemmet<\/h1>\n<p>I Svenska studenthemmet finns 41 rum, varav ett antal dubbelrum, f\u00f6rdelade p\u00e5 fyra v\u00e5ningar. I varje rum, som \u00e4r mellan 15-17 kvm, finns ett separat handfat och inbyggd garderob. H\u00f6gst upp i huset ligger tv\u00e5 atelj\u00e9er (mindre l\u00e4genheter) och en takterrass. Atelj\u00e9erna, som har stora glasf\u00f6nster som tak, byggdes ursprungligen f\u00f6r konstn\u00e4rer. Idag v\u00e4lkomnas s\u00e5v\u00e4l konstn\u00e4rer som \u00f6vriga studenter att bo i atelj\u00e9erna. P\u00e5 takterrassen ligger \u00e4ven tre musikrum, som anv\u00e4nds flitigt av husets musiker. I entr\u00e9planet finns ocks\u00e5 en handikappanpassad studio.<\/p>\n<p>Arkitekterna har lagt stor tyngd p\u00e5 husets gemensamma utrymmen. Huset uppmuntrar till kontakter mellan residenterna. P\u00e5 bottenv\u00e5ningen leder hallen in till en salong som anv\u00e4nds vid kulturella evenemang och andra sammankomster i huset. H\u00e4r ligger \u00e4ven ett bibliotek. P\u00e5 1 :a v\u00e5ningen finns ett gemensamt s\u00e4llskapsrum och ett arbetsrum. P\u00e5 v\u00e5ning 2, 3 och 4 finns ett gemensamt k\u00f6k med intilliggande matrum. K\u00f6ken blir, s\u00e5som i varje hem, en naturlig plats f\u00f6r samvaro och gemenskap. P\u00e5 varje v\u00e5ningsplan finns likas\u00e5 dusch och WC. \u00a0I husets k\u00e4llare ligger en gemensam tv\u00e4ttstuga med alla faciliteter samt ett bagagerum.<\/p>\n<p>Studentrummets gemensamma utrymmen reng\u00f6rs dagligen och studentrummen st\u00e4das en g\u00e5ng i veckan. Huset tillhandah\u00e5ller lakan som byts varannan vecka. Residenterna tar med egna handdukar. K\u00f6ken \u00e4r fullt utrustade med k\u00f6ks redskap.<\/p>\n<p>[\/et_pb_text][\/et_pb_column][\/et_pb_row][et_pb_row _builder_version=&#8221;4.27.4&#8243; global_colors_info=&#8221;{}&#8221;][et_pb_column type=&#8221;4_4&#8243; _builder_version=&#8221;4.16&#8243; global_colors_info=&#8221;{}&#8221;][et_pb_code _builder_version=&#8221;4.27.4&#8243; hover_enabled=&#8221;0&#8243; global_colors_info=&#8221;{}&#8221; text_orientation=&#8221;center&#8221; sticky_enabled=&#8221;0&#8243;]<script>window.fbAsyncInit = function() {<!-- [et_pb_line_break_holder] -->  FB.init({<!-- [et_pb_line_break_holder] -->    xfbml      : true,<!-- [et_pb_line_break_holder] -->    version    : 'v3.2'<!-- [et_pb_line_break_holder] -->  });<!-- [et_pb_line_break_holder] -->  }; (function(d, s, id){<!-- [et_pb_line_break_holder] -->    var js, fjs = d.getElementsByTagName(s)[0];<!-- [et_pb_line_break_holder] -->    if (d.getElementById(id)) {return;}<!-- [et_pb_line_break_holder] -->    js = d.createElement(s); js.id = id;<!-- [et_pb_line_break_holder] -->    js.src = \"https:\/\/connect.facebook.net\/en_US\/sdk.js\";<!-- [et_pb_line_break_holder] -->    fjs.parentNode.insertBefore(js, fjs);<!-- [et_pb_line_break_holder] -->  }(document, 'script', 'facebook-jssdk'));<\/script><!-- [et_pb_line_break_holder] --><\/p>\n<div class=\"fb-video\" data-href=\"https:\/\/www.facebook.com\/video.php?v=233908401066835\" data-width=\"500\" data-allowfullscreen=\"true\"><\/div>\n<p>[\/et_pb_code][\/et_pb_column][\/et_pb_row][\/et_pb_section][et_pb_section fb_built=&#8221;1&#8243; _builder_version=&#8221;4.16&#8243; background_color=&#8221;#3373a9&#8243; global_colors_info=&#8221;{}&#8221;][et_pb_row _builder_version=&#8221;4.16&#8243; global_colors_info=&#8221;{}&#8221;][et_pb_column type=&#8221;4_4&#8243; _builder_version=&#8221;4.16&#8243; custom_padding=&#8221;|||&#8221; global_colors_info=&#8221;{}&#8221; custom_padding__hover=&#8221;|||&#8221;][et_pb_text module_class=&#8221;chevrons&#8221; _builder_version=&#8221;4.16&#8243; text_font=&#8221;||||||||&#8221; text_orientation=&#8221;center&#8221; background_layout=&#8221;dark&#8221; text_text_align=&#8221;center&#8221; global_colors_info=&#8221;{}&#8221;]<\/p>\n<h2>V\u00e4lkommen p\u00e5 en tur i Studenthemmet<\/h2>\n<p>[\/et_pb_text][\/et_pb_column][\/et_pb_row][\/et_pb_section][et_pb_section fb_built=&#8221;1&#8243; _builder_version=&#8221;4.16&#8243; global_colors_info=&#8221;{}&#8221;][et_pb_row column_structure=&#8221;1_2,1_2&#8243; make_equal=&#8221;on&#8221; _builder_version=&#8221;4.16&#8243; custom_padding=&#8221;||0px&#8221; global_colors_info=&#8221;{}&#8221;][et_pb_column type=&#8221;1_2&#8243; module_class=&#8221;middle-align&#8221; _builder_version=&#8221;4.16&#8243; custom_padding=&#8221;|||&#8221; global_colors_info=&#8221;{}&#8221; custom_padding__hover=&#8221;|||&#8221;][et_pb_text admin_label=&#8221;L\u2019ext\u00e9rieur&#8221; _builder_version=&#8221;4.16&#8243; global_colors_info=&#8221;{}&#8221;]<\/p>\n<h3>Exteri\u00f6ren<\/h3>\n<p>Svenska studenthemmet byggdes 1931 i herrg\u00e5rdsliknande stil, med karakt\u00e4ristiska bl\u00e5 f\u00f6nsterluckor. Husets f\u00f6nster har nyligen genomg\u00e5tt en varsam renovering och \u00e4r numera f\u00f6rsedda med dubbla f\u00f6nsterglas. Huset \u00e4r med sina 41rum, 1 studio och 2 atelj\u00e9er det minsta i La Cit\u00e9.<\/p>\n<p>[\/et_pb_text][\/et_pb_column][et_pb_column type=&#8221;1_2&#8243; _builder_version=&#8221;4.16&#8243; custom_padding=&#8221;|||&#8221; global_colors_info=&#8221;{}&#8221; custom_padding__hover=&#8221;|||&#8221;][et_pb_gallery gallery_ids=&#8221;32354,32376,32010,32353&#8243; show_title_and_caption=&#8221;off&#8221; show_pagination=&#8221;off&#8221; _builder_version=&#8221;4.16&#8243; global_colors_info=&#8221;{}&#8221;][\/et_pb_gallery][\/et_pb_column][\/et_pb_row][et_pb_row column_structure=&#8221;1_2,1_2&#8243; make_equal=&#8221;on&#8221; _builder_version=&#8221;4.16&#8243; custom_padding=&#8221;0px||0px&#8221; global_colors_info=&#8221;{}&#8221;][et_pb_column type=&#8221;1_2&#8243; _builder_version=&#8221;4.16&#8243; custom_padding=&#8221;|||&#8221; global_colors_info=&#8221;{}&#8221; custom_padding__hover=&#8221;|||&#8221;][et_pb_gallery gallery_ids=&#8221;32342,32340,32339,32365&#8243; show_title_and_caption=&#8221;off&#8221; show_pagination=&#8221;off&#8221; _builder_version=&#8221;4.16&#8243; global_colors_info=&#8221;{}&#8221;][\/et_pb_gallery][\/et_pb_column][et_pb_column type=&#8221;1_2&#8243; module_class=&#8221;middle-align&#8221; _builder_version=&#8221;4.16&#8243; custom_padding=&#8221;|||&#8221; global_colors_info=&#8221;{}&#8221; custom_padding__hover=&#8221;|||&#8221;][et_pb_text admin_label=&#8221;Les chambres&#8221; _builder_version=&#8221;4.16&#8243; global_colors_info=&#8221;{}&#8221;]<\/p>\n<h3>Rummen<\/h3>\n<p>Rummen i Studenthemmet \u00e4r f\u00f6rdelade p\u00e5 enkelrum (ca 15 kvm) och ett mindre antal dubbelrum (ca 17 kvm). I varje rum finns ett tv\u00e4ttst\u00e4ll, en inbyggd garderob, ett skrivbord och v\u00e4ggfasta bokhyllor.<\/p>\n<p>[\/et_pb_text][\/et_pb_column][\/et_pb_row][et_pb_row column_structure=&#8221;1_2,1_2&#8243; make_equal=&#8221;on&#8221; _builder_version=&#8221;4.16&#8243; custom_padding=&#8221;0px||0px&#8221; global_colors_info=&#8221;{}&#8221;][et_pb_column type=&#8221;1_2&#8243; module_class=&#8221;middle-align&#8221; _builder_version=&#8221;4.16&#8243; custom_padding=&#8221;|||&#8221; global_colors_info=&#8221;{}&#8221; custom_padding__hover=&#8221;|||&#8221;][et_pb_text admin_label=&#8221;Les ateliers&#8221; _builder_version=&#8221;4.16&#8243; global_colors_info=&#8221;{}&#8221;]<\/p>\n<h3>Atelj\u00e9erna<\/h3>\n<p>P\u00e5 husets takterrass ligger tv\u00e5 atelj\u00e9er (33 kvm) med pentry och WC. \u00a0Atelj\u00e9erna byggdes ursprungligen som konstn\u00e4rsatelj\u00e9er med glasade snedtak f\u00f6r gener\u00f6st ljusinsl\u00e4pp.<\/p>\n<p>[\/et_pb_text][\/et_pb_column][et_pb_column type=&#8221;1_2&#8243; _builder_version=&#8221;4.16&#8243; custom_padding=&#8221;|||&#8221; global_colors_info=&#8221;{}&#8221; custom_padding__hover=&#8221;|||&#8221;][et_pb_gallery gallery_ids=&#8221;32359,32358,32357,32409&#8243; show_title_and_caption=&#8221;off&#8221; show_pagination=&#8221;off&#8221; _builder_version=&#8221;4.16&#8243; global_colors_info=&#8221;{}&#8221;][\/et_pb_gallery][\/et_pb_column][\/et_pb_row][et_pb_row column_structure=&#8221;1_2,1_2&#8243; make_equal=&#8221;on&#8221; _builder_version=&#8221;4.16&#8243; custom_padding=&#8221;0px||0px&#8221; global_colors_info=&#8221;{}&#8221;][et_pb_column type=&#8221;1_2&#8243; _builder_version=&#8221;4.16&#8243; custom_padding=&#8221;|||&#8221; global_colors_info=&#8221;{}&#8221; custom_padding__hover=&#8221;|||&#8221;][et_pb_gallery gallery_ids=&#8221;32349,32350,32348,32381&#8243; show_title_and_caption=&#8221;off&#8221; show_pagination=&#8221;off&#8221; _builder_version=&#8221;4.16&#8243; global_colors_info=&#8221;{}&#8221;][\/et_pb_gallery][\/et_pb_column][et_pb_column type=&#8221;1_2&#8243; module_class=&#8221;middle-align&#8221; _builder_version=&#8221;4.16&#8243; custom_padding=&#8221;|||&#8221; global_colors_info=&#8221;{}&#8221; custom_padding__hover=&#8221;|||&#8221;][et_pb_text admin_label=&#8221;Le hall d\u2019entr\u00e9e&#8221; _builder_version=&#8221;4.16&#8243; global_colors_info=&#8221;{}&#8221;]<\/p>\n<h3>Entr\u00e9hallen<\/h3>\n<p>I entr\u00e9hallen, som inte har f\u00f6r\u00e4ndrats sedan huset byggdes, \u00e5terfinns originalm\u00f6bler i Empirestil fr\u00e5n 1930-talet.<\/p>\n<p>[\/et_pb_text][\/et_pb_column][\/et_pb_row][et_pb_row column_structure=&#8221;1_2,1_2&#8243; make_equal=&#8221;on&#8221; _builder_version=&#8221;4.16&#8243; custom_padding=&#8221;0px||0px&#8221; global_colors_info=&#8221;{}&#8221;][et_pb_column type=&#8221;1_2&#8243; module_class=&#8221;middle-align&#8221; _builder_version=&#8221;4.16&#8243; custom_padding=&#8221;|||&#8221; global_colors_info=&#8221;{}&#8221; custom_padding__hover=&#8221;|||&#8221;][et_pb_text admin_label=&#8221;Le salon&#8221; _builder_version=&#8221;4.16&#8243; global_colors_info=&#8221;{}&#8221;]<\/p>\n<h3>Salongen<\/h3>\n<p>Husets salong tar emot ett 50-tal personer vid kulturarrangemang och middagar. Flygeln anv\u00e4nds flitigt av husets musiker. Om v\u00e4derleken till\u00e5ter \u00f6ppnas portarna till terrassen vid konserter och andra evenemang. Inredningen i studenthemmet, till merparten en g\u00e5va av Ivar Kreuger, gjordes av arkitekten Carl H\u00f6rvik. De renoverade m\u00f6blerna i salongen \u00e4r utf\u00f6rda i bonad bj\u00f6rk och l\u00e4der.<\/p>\n<p>[\/et_pb_text][\/et_pb_column][et_pb_column type=&#8221;1_2&#8243; _builder_version=&#8221;4.16&#8243; custom_padding=&#8221;|||&#8221; global_colors_info=&#8221;{}&#8221; custom_padding__hover=&#8221;|||&#8221;][et_pb_gallery gallery_ids=&#8221;32356,32355,845,32406&#8243; show_title_and_caption=&#8221;off&#8221; show_pagination=&#8221;off&#8221; _builder_version=&#8221;4.16&#8243; global_colors_info=&#8221;{}&#8221;][\/et_pb_gallery][\/et_pb_column][\/et_pb_row][et_pb_row column_structure=&#8221;1_2,1_2&#8243; make_equal=&#8221;on&#8221; _builder_version=&#8221;4.16&#8243; custom_padding=&#8221;0px||0px&#8221; global_colors_info=&#8221;{}&#8221;][et_pb_column type=&#8221;1_2&#8243; _builder_version=&#8221;4.16&#8243; custom_padding=&#8221;|||&#8221; global_colors_info=&#8221;{}&#8221; custom_padding__hover=&#8221;|||&#8221;][et_pb_gallery gallery_ids=&#8221;32344,32345,32343,32347&#8243; show_title_and_caption=&#8221;off&#8221; show_pagination=&#8221;off&#8221; _builder_version=&#8221;4.16&#8243; global_colors_info=&#8221;{}&#8221;][\/et_pb_gallery][\/et_pb_column][et_pb_column type=&#8221;1_2&#8243; module_class=&#8221;middle-align&#8221; _builder_version=&#8221;4.16&#8243; custom_padding=&#8221;|||&#8221; global_colors_info=&#8221;{}&#8221; custom_padding__hover=&#8221;|||&#8221;][et_pb_text admin_label=&#8221;Les cuisines et les salles \u00e0 manger&#8221; _builder_version=&#8221;4.16&#8243; global_colors_info=&#8221;{}&#8221;]<\/p>\n<h3>K\u00f6ken med matplatser<\/h3>\n<p>V\u00e5ra k\u00f6k \u00e4r fullt rustade med kyl\/frys, mikrov\u00e5gsugn och diverse k\u00f6ksredskap. I k\u00f6ken finns \u00e4ven gemensamma kastruller och porslin. I direkt anslutning till k\u00f6ken finns matplatser.<\/p>\n<p>[\/et_pb_text][\/et_pb_column][\/et_pb_row][et_pb_row column_structure=&#8221;1_4,1_4,1_4,1_4&#8243; _builder_version=&#8221;4.16&#8243; global_colors_info=&#8221;{}&#8221;][et_pb_column type=&#8221;1_4&#8243; _builder_version=&#8221;4.16&#8243; custom_padding=&#8221;|||&#8221; global_colors_info=&#8221;{}&#8221; custom_padding__hover=&#8221;|||&#8221;][et_pb_text admin_label=&#8221;La biblioth\u00e8que&#8221; _builder_version=&#8221;4.16&#8243; global_colors_info=&#8221;{}&#8221;]<\/p>\n<h3>Biblioteket<\/h3>\n<p>P\u00e5 bottenv\u00e5ningen finns ett mindre bibliotek och studierum.<\/p>\n<p>[\/et_pb_text][\/et_pb_column][et_pb_column type=&#8221;1_4&#8243; _builder_version=&#8221;4.16&#8243; custom_padding=&#8221;|||&#8221; global_colors_info=&#8221;{}&#8221; custom_padding__hover=&#8221;|||&#8221;][et_pb_gallery gallery_ids=&#8221;32336&#8243; posts_number=&#8221;1&#8243; show_title_and_caption=&#8221;off&#8221; show_pagination=&#8221;off&#8221; _builder_version=&#8221;4.16&#8243; global_colors_info=&#8221;{}&#8221;][\/et_pb_gallery][\/et_pb_column][et_pb_column type=&#8221;1_4&#8243; _builder_version=&#8221;4.16&#8243; custom_padding=&#8221;|||&#8221; global_colors_info=&#8221;{}&#8221; custom_padding__hover=&#8221;|||&#8221;][et_pb_text admin_label=&#8221;Les salles de musique&#8221; _builder_version=&#8221;4.16&#8243; global_colors_info=&#8221;{}&#8221;]<\/p>\n<h3>Musikrummen<\/h3>\n<p>P\u00e5 takterrassen \u00e5terfinns \u00e4ven studenthemmets tre musikrum, varav ett \u00e4r utrustat med ett piano.<\/p>\n<p>[\/et_pb_text][\/et_pb_column][et_pb_column type=&#8221;1_4&#8243; _builder_version=&#8221;4.16&#8243; custom_padding=&#8221;|||&#8221; global_colors_info=&#8221;{}&#8221; custom_padding__hover=&#8221;|||&#8221;][et_pb_gallery gallery_ids=&#8221;1093&#8243; posts_number=&#8221;1&#8243; show_title_and_caption=&#8221;off&#8221; show_pagination=&#8221;off&#8221; _builder_version=&#8221;4.16&#8243; global_colors_info=&#8221;{}&#8221;][\/et_pb_gallery][\/et_pb_column][\/et_pb_row][et_pb_row column_structure=&#8221;1_4,1_4,1_4,1_4&#8243; _builder_version=&#8221;4.16&#8243; global_colors_info=&#8221;{}&#8221;][et_pb_column type=&#8221;1_4&#8243; _builder_version=&#8221;4.16&#8243; custom_padding=&#8221;|||&#8221; global_colors_info=&#8221;{}&#8221; custom_padding__hover=&#8221;|||&#8221;][et_pb_gallery gallery_ids=&#8221;32352&#8243; posts_number=&#8221;1&#8243; show_title_and_caption=&#8221;off&#8221; show_pagination=&#8221;off&#8221; _builder_version=&#8221;4.16&#8243; global_colors_info=&#8221;{}&#8221;][\/et_pb_gallery][\/et_pb_column][et_pb_column type=&#8221;1_4&#8243; _builder_version=&#8221;4.16&#8243; custom_padding=&#8221;|||&#8221; global_colors_info=&#8221;{}&#8221; custom_padding__hover=&#8221;|||&#8221;][et_pb_text admin_label=&#8221;L\u2019espace de d\u00e9tente&#8221; _builder_version=&#8221;4.16&#8243; global_colors_info=&#8221;{}&#8221;]<\/p>\n<h3>S\u00e4llskapsrummet<\/h3>\n<p>P\u00e5 1\u00a0:a v\u00e5ningen ligger ett s\u00e4llskapsrum med m\u00f6jlighet till gemensam filmkv\u00e4ll eller annan samvaro.<\/p>\n<p>[\/et_pb_text][\/et_pb_column][et_pb_column type=&#8221;1_4&#8243; _builder_version=&#8221;4.16&#8243; custom_padding=&#8221;|||&#8221; global_colors_info=&#8221;{}&#8221; custom_padding__hover=&#8221;|||&#8221;][et_pb_gallery gallery_ids=&#8221;32380&#8243; show_title_and_caption=&#8221;off&#8221; show_pagination=&#8221;off&#8221; _builder_version=&#8221;4.16&#8243; global_colors_info=&#8221;{}&#8221;][\/et_pb_gallery][\/et_pb_column][et_pb_column type=&#8221;1_4&#8243; _builder_version=&#8221;4.16&#8243; custom_padding=&#8221;|||&#8221; global_colors_info=&#8221;{}&#8221; custom_padding__hover=&#8221;|||&#8221;][et_pb_text admin_label=&#8221;La terrasse&#8221; _builder_version=&#8221;4.16&#8243; global_colors_info=&#8221;{}&#8221;]<\/p>\n<h3>Terrassen<\/h3>\n<p>I direkt anslutning till salongen, ligger en gener\u00f6s terrass reserverad f\u00f6r husets residenter som \u00e4ven anv\u00e4nds vid kulturella arrangemang. Terrassen vetter mot Cit\u00e9ns stora park, som uppmuntrar till olika sportaktiviteter (l\u00f6pning, fotboll, tennis m.m.). Cit\u00e9ns residenter har \u00e4ven tillg\u00e5ng till simhall, gym, volleyboll och badminton.<\/p>\n<p>[\/et_pb_text][\/et_pb_column][\/et_pb_row][\/et_pb_section][et_pb_section fb_built=&#8221;1&#8243; _builder_version=&#8221;4.16&#8243; background_color=&#8221;#f9fbfc&#8221; global_colors_info=&#8221;{}&#8221;][et_pb_row _builder_version=&#8221;4.16&#8243; global_colors_info=&#8221;{}&#8221;][et_pb_column type=&#8221;4_4&#8243; _builder_version=&#8221;4.16&#8243; custom_padding=&#8221;|||&#8221; global_colors_info=&#8221;{}&#8221; custom_padding__hover=&#8221;|||&#8221;][et_pb_text _builder_version=&#8221;4.16&#8243; text_font=&#8221;|||on|||||&#8221; text_font_size=&#8221;18px&#8221; text_letter_spacing=&#8221;1px&#8221; link_font=&#8221;||||||||&#8221; link_text_color=&#8221;#3d484e&#8221; text_orientation=&#8221;center&#8221; global_colors_info=&#8221;{}&#8221;]<\/p>\n<p><a href=\"https:\/\/www.svenskastudenthemmet.com\/sv\/studenthemmet\/foreskrifter\/\" data-wplink-url-error=\"true\">F\u00f6reskrifter<\/a><\/p>\n<p>[\/et_pb_text][\/et_pb_column][\/et_pb_row][\/et_pb_section]<\/p>\n","protected":false},"excerpt":{"rendered":"<p>Att bo i Svenska studenthemmet I Svenska studenthemmet finns 41 rum, varav ett antal dubbelrum, f\u00f6rdelade p\u00e5 fyra v\u00e5ningar. I varje rum, som \u00e4r mellan 15-17 kvm, finns ett separat handfat och inbyggd garderob. H\u00f6gst upp i huset ligger tv\u00e5 atelj\u00e9er (mindre l\u00e4genheter) och en takterrass. Atelj\u00e9erna, som har stora glasf\u00f6nster som tak, byggdes ursprungligen [&hellip;]<\/p>\n","protected":false},"author":1,"featured_media":0,"parent":183,"menu_order":5,"comment_status":"open","ping_status":"closed","template":"","meta":{"_acf_changed":false,"_et_pb_use_builder":"on","_et_pb_old_content":"<p>La Maison des \u00c9tudiants Su\u00e9dois comprend 41 chambres, 2 ateliers et 1 studio accessible aux personnes \u00e0 mobilit\u00e9 r\u00e9duite.<\/p><p>Chaque chambre dispose d\u2019un lavabo, d\u2019une commode et d\u2019un bureau. Initialement con\u00e7us pour les artistes, les deux ateliers accueillent aujourd\u2019hui \u00e9galement les \u00e9tudiants, en particulier les doctorants et les chercheurs post-doctoraux.<\/p><p>L\u2019agencement de la maison, avec ses grands espaces de vie, favorise la convivialit\u00e9 et les contacts entre r\u00e9sidents. Chaque \u00e9tage dessert des chambres, une cuisine, des douches et des toilettes. La maison dispose \u00e9galement d\u2019une biblioth\u00e8que et d\u2019un grand salon o\u00f9 ont lieux la plupart de nos manifestations culturelles. Tout en haut au niveau du toit se trouvent nos studios de musique et au sous-sol se trouve la buanderie, avec le lave-linge et le s\u00e8che-linge, et la bagagerie.<\/p><p>Les espaces en communs sont nettoy\u00e9s quotidiennement, et les chambres une fois par semaine. Un service de blanchisserie fournit des draps propres tous les 15 jours.<\/p><p>La Maison des \u00e9tudiants su\u00e9dois fournit les draps mais pas les serviettes.<\/p><h4>Nous vous invitons \u00e0 visiter la Maison\u00a0:<\/h4><h3>L\u2019ext\u00e9rieur<\/h3><p>De l\u2019ext\u00e9rieur, La Maison des \u00c9tudiants Su\u00e9dois est facilement reconnaissable par ses volets bleus et ses belles fen\u00eatres qui viennent d\u2019\u00eatre restaur\u00e9es. C\u2019est la plus petite maison de la Cit\u00e9.<\/p><h3>Les chambres<\/h3><p>La Maison des \u00c9tudiants Su\u00e9dois dispose de 41 chambres r\u00e9parties en chambres simples (env. 15 m\u00e8tres carr\u00e9s) et quelques chambres doubles (env. 17 m\u00e8tres carr\u00e9s).<\/p><p>[gallery link=\"none\" ids=\"1088,1089,1087\"]<\/p><h3>Les cuisines et les salles \u00e0 manger<\/h3><p>Les r\u00e9sidents disposent de trois cuisines avec salles \u00e0 manger en commun (au 2<sup>\u00e8me<\/sup>, 3<sup>\u00e8me<\/sup> et 3<sup>\u00e8me<\/sup> \u00e9tages). Les cuisines sont \u00e9quip\u00e9es de frigo, cong\u00e9lateur, four \u00e0 micro-ondes etc. Vous y trouverez \u00e9galement vaisselle, po\u00eales et casseroles.<\/p><p>[gallery columns=\"2\" link=\"none\" ids=\"1098,1097\"]<\/p><h3>Les ateliers<\/h3><p>Les deux ateliers (env. 33 m\u00e8tres carr\u00e9s) se trouvent au dernier \u00e9tage au niveau de la terrasse. Ils sont \u00e9quip\u00e9s\u00a0 d\u2019une kitchenette, d\u2019une cabine de douche et de toilettes. A l\u2019origine les ateliers ont \u00e9t\u00e9 con\u00e7us comme des ateliers d\u2019artistes avec des toits vitr\u00e9s pour laisser entrer la lumi\u00e8re.<\/p><p>[gallery link=\"none\" ids=\"1114,1115,1113\"]<\/p><h3>Le salon<\/h3><p>Le salon peut accueillir une cinquantaine de personnes lors des \u00e9v\u00e9nements culturels. Il dispose d\u2019un piano \u00e0 queue qui est fr\u00e9quemment utilis\u00e9 par les r\u00e9sidents et lors des concerts. L\u2019int\u00e9rieur de la maison a \u00e9t\u00e9 am\u00e9nag\u00e9 en grande partie gr\u00e2ce \u00e0 une donation de Ivar Keuger. Les meubles en bouleau et les si\u00e8ges en cuir ont r\u00e9cemment \u00e9t\u00e9 restaur\u00e9s.<\/p><p>[gallery link=\"none\" ids=\"845,844,846\"]<\/p><h3>La biblioth\u00e8que<\/h3><p>La biblioth\u00e8que dispose de trois grandes tables de travail, d\u2019un acc\u00e8s au wifi et d\u2019une belle collection de livres, anciens et r\u00e9cents, en su\u00e9dois, anglais et fran\u00e7ais.<\/p><h3>Les salles de musique<\/h3><p>Sur la terrasse se trouvent trois salles de musique pour les musiciens de la Maison.<\/p><p>[gallery columns=\"2\" link=\"none\" ids=\"858,1091\"]<\/p><h3>L'espace de d\u00e9tente<\/h3><p>Au premier \u00e9tage se trouve un petit salon qui comprend une biblioth\u00e8que, une t\u00e9l\u00e9 et un lecteur DVD (un vid\u00e9oprojecteur peut \u00eatre mis \u00e0 la disposition des r\u00e9sidents qui en font la demande)<\/p><h3>Le hall d\u2019entr\u00e9e<\/h3><p>Le hall d\u2019entr\u00e9e\u00a0a su conserver au fil des r\u00e9novations son atmosph\u00e8re des ann\u00e9es 30, gr\u00e2ce \u00e0 ses beaux meubles d\u2019origine.<\/p><h3>La terrasse<\/h3><p>Le salon donne sur une terrasse priv\u00e9e, r\u00e9serv\u00e9e aux r\u00e9sidents de la Maison. Aux beaux jours, elle est utilis\u00e9e pour certains \u00e9v\u00e9nements culturels.<\/p><p>Photographe: Yuta OHASHI<\/p>","_et_gb_content_width":"","footnotes":""},"class_list":["post-216","page","type-page","status-publish","hentry"],"acf":[],"_links":{"self":[{"href":"https:\/\/www.svenskastudenthemmet.com\/sv\/wp-json\/wp\/v2\/pages\/216","targetHints":{"allow":["GET"]}}],"collection":[{"href":"https:\/\/www.svenskastudenthemmet.com\/sv\/wp-json\/wp\/v2\/pages"}],"about":[{"href":"https:\/\/www.svenskastudenthemmet.com\/sv\/wp-json\/wp\/v2\/types\/page"}],"author":[{"embeddable":true,"href":"https:\/\/www.svenskastudenthemmet.com\/sv\/wp-json\/wp\/v2\/users\/1"}],"replies":[{"embeddable":true,"href":"https:\/\/www.svenskastudenthemmet.com\/sv\/wp-json\/wp\/v2\/comments?post=216"}],"version-history":[{"count":0,"href":"https:\/\/www.svenskastudenthemmet.com\/sv\/wp-json\/wp\/v2\/pages\/216\/revisions"}],"up":[{"embeddable":true,"href":"https:\/\/www.svenskastudenthemmet.com\/sv\/wp-json\/wp\/v2\/pages\/183"}],"wp:attachment":[{"href":"https:\/\/www.svenskastudenthemmet.com\/sv\/wp-json\/wp\/v2\/media?parent=216"}],"curies":[{"name":"wp","href":"https:\/\/api.w.org\/{rel}","templated":true}]}}