{"id":220,"date":"2012-10-04T16:26:55","date_gmt":"2012-10-04T16:26:55","guid":{"rendered":"https:\/\/www.svenskastudenthemmet.com\/?page_id=220"},"modified":"2019-08-05T08:39:44","modified_gmt":"2019-08-05T08:39:44","slug":"att-bo-i-la-cite","status":"publish","type":"page","link":"https:\/\/www.svenskastudenthemmet.com\/sv\/boende\/att-bo-i-la-cite\/","title":{"rendered":"Att bo i la Cit\u00e9"},"content":{"rendered":"<p>[et_pb_section fb_built=&#8221;1&#8243; _builder_version=&#8221;3.23.3&#8243; custom_padding=&#8221;0px||0px&#8221;][et_pb_row column_structure=&#8221;1_2,1_2&#8243; use_custom_gutter=&#8221;on&#8221; gutter_width=&#8221;1&#8243; make_equal=&#8221;on&#8221; _builder_version=&#8221;3.25&#8243; background_size=&#8221;initial&#8221; background_position=&#8221;top_left&#8221; background_repeat=&#8221;repeat&#8221; width=&#8221;100%&#8221; max_width=&#8221;100%&#8221; custom_padding=&#8221;0px||0px|&#8221;][et_pb_column type=&#8221;1_2&#8243; _builder_version=&#8221;3.25&#8243; custom_padding=&#8221;|||&#8221; custom_padding__hover=&#8221;|||&#8221;][et_pb_image src=&#8221;https:\/\/www.svenskastudenthemmet.com\/wp-content\/uploads\/2016\/08\/GYM-SUEDOISE2.jpg&#8221; _builder_version=&#8221;3.23.3&#8243;][\/et_pb_image][\/et_pb_column][et_pb_column type=&#8221;1_2&#8243; module_class=&#8221;middle-align&#8221; _builder_version=&#8221;3.25&#8243; custom_padding=&#8221;|13%||5%&#8221; custom_padding__hover=&#8221;|||&#8221;][et_pb_text _builder_version=&#8221;3.23.3&#8243; background_size=&#8221;initial&#8221; background_position=&#8221;top_left&#8221; background_repeat=&#8221;repeat&#8221;]<\/p>\n<h1>Att bo i la Cit\u00e9<\/h1>\n<p>La Cit\u00e9 \u00e4r p\u00e5 m\u00e5nga s\u00e4tt en unik plats.\u00a0 Cit\u00e9n skapades med ett fredsfr\u00e4mjande syfte under mellankrigstiden. Dess grundare \u00f6nskade fr\u00e4mja en \u00ab\u00a0skola f\u00f6r m\u00e4nskliga relationer f\u00f6r fred\u00a0\u00bb. Deras str\u00e4van var att bidra till en \u00f6kad f\u00f6rst\u00e5else mellan folken, genom att skapa en plattform f\u00f6r kontakter, f\u00f6rst\u00e5else och v\u00e4nskap mellan studenter, forskare, konstn\u00e4rer och artister fr\u00e5n jordens alla h\u00f6rn. \u00a0Cit\u00e9ns fredsfr\u00e4mjande syfte \u00e4r lika uttalat \u00e4n idag.<\/p>\n<p>Cit\u00e9n rymmer ett 40-tal hus och tar \u00e5rligen emot n\u00e4rmare 10 000 studenter, forskare och konstn\u00e4rer, med fler \u00e4n 140 olika nationaliteter.\u00a0 La Cit\u00e9 internationale \u00e4r en stiftelse med Paris universitet som \u00e4gare. Av 40-talet hus administrerar la Cit\u00e9 internationale 18 residens och ett brett utbud av serviceinr\u00e4ttningar. 22 av husen representeras av en stat eller ett universitet. Svenska studenthemmet \u00e4r ett av dessa 22 frist\u00e5ende hus.<\/p>\n<p>[\/et_pb_text][\/et_pb_column][\/et_pb_row][\/et_pb_section][et_pb_section fb_built=&#8221;1&#8243; _builder_version=&#8221;3.23.3&#8243; background_color=&#8221;#f9fbfc&#8221;][et_pb_row column_structure=&#8221;1_2,1_2&#8243; _builder_version=&#8221;3.25&#8243;][et_pb_column type=&#8221;1_2&#8243; _builder_version=&#8221;3.25&#8243; custom_padding=&#8221;|||&#8221; custom_padding__hover=&#8221;|||&#8221;][et_pb_blurb title=&#8221;Kulturaktiviteter&#8221; use_icon=&#8221;on&#8221; font_icon=&#8221;%%1750%%&#8221; admin_label=&#8221;Kulturaktiviteter&#8221; _builder_version=&#8221;3.23.3&#8243; header_level=&#8221;h3&#8243; header_font=&#8221;||||||||&#8221; header_text_align=&#8221;center&#8221;]<\/p>\n<p>\u00d6ver 1000 kulturella evenemang anordnas \u00e5rligen i La Cit\u00e9. De organiseras av Cit\u00e9n, de frist\u00e5ende husen eller residenterna sj\u00e4lva. Ut\u00f6ver sin v\u00e4lrenommerade teater har Cit\u00e9n en egen orkester, en k\u00f6r och ett center med s\u00e4rskilt ansvar f\u00f6r Cit\u00e9ns arkitektoniska arv. Cit\u00e9n erbjuder dess residenter ett rikt kursprogram i olika kulturella och intellektuella aktiviteter.<\/p>\n<p>F\u00f6r ett komplett\u00a0 och updaterat program h\u00e4nvisas till\u00a0<a href=\"http:\/\/www.ciup.fr\/\">www.ciup.fr<\/a><\/p>\n<p>[\/et_pb_blurb][\/et_pb_column][et_pb_column type=&#8221;1_2&#8243; _builder_version=&#8221;3.25&#8243; custom_padding=&#8221;|||&#8221; custom_padding__hover=&#8221;|||&#8221;][et_pb_blurb title=&#8221;Sport&#8221; use_icon=&#8221;on&#8221; font_icon=&#8221;%%1674%%&#8221; admin_label=&#8221;Sport&#8221; _builder_version=&#8221;3.23.3&#8243; header_level=&#8221;h3&#8243; header_font=&#8221;||||||||&#8221; header_text_align=&#8221;center&#8221;]<\/p>\n<p>La Cit\u00e9 erbjuder ett mycket rikt utbud av sportaktiviteter. \u00a0Det stora parkomr\u00e5det bjuder in till allehanda sport- och fritidsaktiviteter. Mitt emot Cit\u00e9n ligger dessutom en av Paris stora parker, Parc Montsouris, f\u00f6r sk\u00f6na promenader eller jogginturer. Som resident kan du l\u00f6sa terminskort till l\u00e5g kostnad och p\u00e5 s\u00e5 s\u00e4tt f\u00e5 tillg\u00e5ng till ett brett program av aktiviteter: simning, gym, vattenpolo, tennis, badminton, volleyboll, fotboll, a\u00efkido, boxning, judo, ju jitsu, dans (modern, tango, jazz m.m.), yoga, taekwondo, segling, f\u00e4ktning, dykning m.m.<\/p>\n<p>F\u00f6r mer information, v\u00e4nligen kontakta\u00a0<a href=\"mailto:sports@ciup.fr\">sports@ciup.fr<\/a>, tel 01.58.40.83.30<\/p>\n<p>[\/et_pb_blurb][\/et_pb_column][\/et_pb_row][et_pb_row column_structure=&#8221;1_2,1_2&#8243; _builder_version=&#8221;3.25&#8243;][et_pb_column type=&#8221;1_2&#8243; _builder_version=&#8221;3.25&#8243; custom_padding=&#8221;|||&#8221; custom_padding__hover=&#8221;|||&#8221;][et_pb_blurb title=&#8221;Bibliotek&#8221; use_icon=&#8221;on&#8221; font_icon=&#8221;%%1926%%&#8221; admin_label=&#8221;Bibliotek&#8221; _builder_version=&#8221;3.23.3&#8243; header_level=&#8221;h3&#8243; header_font=&#8221;||||||||&#8221; header_text_align=&#8221;center&#8221;]<\/p>\n<p>I Maison internationale ligger La Cit\u00e9s bibliotek med \u00f6ver 160 studieplatser och ett mycket rikt utbud av b\u00f6cker och tidsskrifter att l\u00e5na.\u00a0 Biblioteket \u00e4r gratis f\u00f6r alla residenter i La Cit\u00e9. Du beh\u00f6ver visa ditt carte de r\u00e9sidence.F\u00f6r att l\u00f6sa ett l\u00e5nekort beh\u00f6ver du \u00e4ven visa en ID-handling, 2 fotografier och ett studiebevis (carte d\u2019\u00e9tudiant).<\/p>\n<p>\u00d6ppettider:\u00a0 m\u00e5ndag \u2013 fredag: 10:00 \u2013 22:00, l\u00f6rdag \u2013 s\u00f6ndag: 13:00 \u2013 19:00 (sommartider\u00a0 m\u00e5ndag \u2013 fredag: 10:00 \u2013 19:00)<strong><em><br \/><\/em><\/strong><\/p>\n<p>F\u00f6r ytterligare information, v\u00e4nligen kontakta\u00a0<a href=\"mailto:service.bibliotheque@ciup.fr\">service.bibliotheque@ciup.fr<\/a>, tel 01.44.16.65.20<\/p>\n<p>[\/et_pb_blurb][\/et_pb_column][et_pb_column type=&#8221;1_2&#8243; _builder_version=&#8221;3.25&#8243; custom_padding=&#8221;|||&#8221; custom_padding__hover=&#8221;|||&#8221;][et_pb_blurb title=&#8221;Restauranger&#8221; use_icon=&#8221;on&#8221; font_icon=&#8221;%%1884%%&#8221; admin_label=&#8221;Restauranger&#8221; _builder_version=&#8221;3.26.6&#8243; header_level=&#8221;h3&#8243; header_font=&#8221;||||||||&#8221; header_text_align=&#8221;center&#8221;]<\/p>\n<p>I Maison internationale ligger en st\u00f6rre restaurang som \u00e4r \u00f6ppen fr\u00e5n frukost till middag\u00a0<a href=\"http:\/\/www.ciup.fr\/\">www.ciup.fr.\u00a0<\/a>Vidare finns m\u00f6jlighet att \u00e4ta i Spanska huset\u00a0 som ligger granne med Svenska studenthemmet <a href=\"http:\/\/www.colesp.org\/\" target=\"_blank\" rel=\"noopener noreferrer\">Coll\u00e8ge d\u2019Espagne<\/a> och i Tyska huset, <a href=\"https:\/\/www.maison-heinrich-heine.org\/\" target=\"_blank\" rel=\"noopener noreferrer\">Maison Heinrich Heine<\/a> , samt i <a href=\"http:\/\/maisoncoree.com\/fr\/main\/main.html\" target=\"_blank\" rel=\"noopener noreferrer\">Maison de la Cor\u00e9e<\/a> och <a href=\"http:\/\/www.theatredelacite.com\/pratique\/une-petite-soif\" target=\"_blank\" rel=\"noopener noreferrer\">Caf\u00e9 du Th\u00e9\u00e2tre<\/a>.<\/p>\n<p>[\/et_pb_blurb][\/et_pb_column][\/et_pb_row][\/et_pb_section][et_pb_section fb_built=&#8221;1&#8243; module_id=&#8221;brassage&#8221; _builder_version=&#8221;3.23.3&#8243; background_color=&#8221;#3373a9&#8243;][et_pb_row _builder_version=&#8221;3.25&#8243;][et_pb_column type=&#8221;4_4&#8243; _builder_version=&#8221;3.25&#8243; custom_padding=&#8221;|||&#8221; custom_padding__hover=&#8221;|||&#8221;][et_pb_text _builder_version=&#8221;3.26.6&#8243; text_font=&#8221;||||||||&#8221; text_font_size=&#8221;18px&#8221; background_layout=&#8221;dark&#8221;]<\/p>\n<h2 class=\"entry-title\">Utbyte med andra hus<\/h2>\n<p>Inom La Cit\u00e9 finns ett etablerat samarbete (\u00ab\u00a0brassage\u00a0\u00bb p\u00e5 franska), som g\u00e5r ut p\u00e5 att garantera ett utbyte av studenter mellan de olika husen. Ett huvudsyfte med La Cit\u00e9 \u00e4r att erbjuda studenter fr\u00e5n hela v\u00e4rlden att komma samman f\u00f6r att bo och studera i en internationell, m\u00e5ngkulturell milj\u00f6. Konkret inneb\u00e4r utbytessystemet mellan husen att varje hus\u00a0 v\u00e4lkomnar studenter fr\u00e5n med m\u00e5nga olika nationaliteter.<\/p>\n<p>Svenska studenthemmet understryker betydelsen av detta utbyte och har satt som m\u00e5l att placera ca 50 % av alla svenska studenter i andra hus och d\u00e4rmed v\u00e4lkomna motsvarande antal studenter fr\u00e5n andra l\u00e4nder och hus i La Cit\u00e9. F\u00f6r att bli antagen i Svenska studenthemmet kr\u00e4vs att du godk\u00e4nner att delta i utbytet med \u00f6vriga hus.<\/p>\n<p>F\u00f6r tillf\u00e4llet har Svenska studenthemmet ett utbyte med f\u00f6ljande hus : Argentina, Belgien\/Luxemburg (Fondation Biermans-Lap\u00f4tre), Brasilen, Danmark, Deutsch de la Meurthe, Indien, Italien, Japan, Mexiko, Maison internationale AgroParisTech (MINA), Portugal, Schweiz, Spanien, Tunisien, Tyskland (Maison Heinrich Heine) och USA.<\/p>\n<p>V\u00e4nligen notera att de avgifter som tas ut varierar fr\u00e5n hus till hus. Om du \u00e4r antagen att bo i ett annat hus \u00e4n det svenska, b\u00f6r du informera dig om detta i god tid innan du flyttar in.<\/p>\n<p>[\/et_pb_text][\/et_pb_column][\/et_pb_row][\/et_pb_section]<\/p>\n","protected":false},"excerpt":{"rendered":"<p>Att bo i la Cit\u00e9 La Cit\u00e9 \u00e4r p\u00e5 m\u00e5nga s\u00e4tt en unik plats.\u00a0 Cit\u00e9n skapades med ett fredsfr\u00e4mjande syfte under mellankrigstiden. Dess grundare \u00f6nskade fr\u00e4mja en \u00ab\u00a0skola f\u00f6r m\u00e4nskliga relationer f\u00f6r fred\u00a0\u00bb. Deras str\u00e4van var att bidra till en \u00f6kad f\u00f6rst\u00e5else mellan folken, genom att skapa en plattform f\u00f6r kontakter, f\u00f6rst\u00e5else och v\u00e4nskap mellan [&hellip;]<\/p>\n","protected":false},"author":1,"featured_media":0,"parent":183,"menu_order":6,"comment_status":"open","ping_status":"closed","template":"","meta":{"_acf_changed":false,"_et_pb_use_builder":"on","_et_pb_old_content":"<p>La Cit\u00e9 est un endroit unique au monde qui a \u00e9t\u00e9 con\u00e7u comme un projet de paix au lendemain de la premi\u00e8re guerre mondiale.<\/p>[caption id=\"attachment_825\" align=\"alignnone\" width=\"350\"]<img class=\"size-medium wp-image-825\" src=\"https:\/\/www.svenskastudenthemmet.com\/wp-content\/uploads\/2012\/10\/ambiancesCiUP-39-IgorSTEFAN-BD-350x234.jpg\" alt=\"Vivre a la cite internationale\" width=\"350\" height=\"234\" \/> Photo : CiuP \/IgorSTEFAN[\/caption]<p>La Cit\u00e9 comprend une quarantaine de maisons et accueille chaque ann\u00e9e pr\u00e8s de 10 000 \u00e9tudiants, chercheurs et artistes. Plus de 140 nationalit\u00e9s y sont pr\u00e9sentes. Parmi les\u00a0 quelques 40 maisons existantes, la Cit\u00e9 internationale g\u00e8re 18 r\u00e9sidences et un grand nombre de services administratifs. Les 22 autres maisons ne sont pas rattach\u00e9es \u00e0 l'administration de la CIUP, elles sont repr\u00e9sent\u00e9es soit par un \u00c9tat soit par une universit\u00e9.\u00a0 La Maison des \u00c9tudiants Su\u00e9dois fait partie de cette derni\u00e8re cat\u00e9gorie. Sans cesse en d\u00e9veloppement, la Cit\u00e9 construit actuellement de nouveaux logements.<\/p><h3>\u00c9v\u00e9nements culturels<\/h3><p>Plus de 1000 \u00e9v\u00e9nements culturels sont organis\u00e9s chaque ann\u00e9e \u00e0 la Cit\u00e9. En plus de son th\u00e9\u00e2tre, la Cit\u00e9 accueille \u00e9galement un orchestre, une chorale et un centre d\u00e9di\u00e9 \u00e0 la valorisation de son patrimoine architectural. Pour un programme complet voir <a href=\"http:\/\/www.ciup.fr\">www.ciup.fr<\/a><\/p><h3>Sport<\/h3><p>La Cit\u00e9 propose \u00e0 ses r\u00e9sidents un large choix de cours et d\u2019activit\u00e9s sportives \u00e0 tarifs pr\u00e9f\u00e9rentiels\u00a0: gym su\u00e9doise, natation,\u00a0 water-polo, tennis, badminton, volley-ball, football, a\u00efkido, boxing, judo, ju jitsu, danse (moderne, tango, jazz), yoga, taekwondo, voile, escrime, plong\u00e9e etc.\u00a0 Le grand parc de la Cit\u00e9 ainsi que le Parc Montsouris qui se trouve \u00e0 proximit\u00e9, offrent de nombreux espaces vertes pour se promener et faire du jogging. Pour plus de renseignements : <a href=\"mailto:sports@ciup.fr\">sports@ciup.fr<\/a> , tel 01.58.40.83.30<\/p><h3>Biblioth\u00e8que<\/h3><p>La biblioth\u00e8que de la Cit\u00e9 est situ\u00e9e dans la Maison internationale. Elle dispose de plus de 160 places \u00e0 l\u2019int\u00e9rieur de la salle de lecture.\u00a0 Entr\u00e9e gratuite sur pr\u00e9sentation de la carte de r\u00e9sident \u00e0 la Cit\u00e9. Pour obtenir votre carte annuelle, vous devez fournir une pi\u00e8ce d\u2019identit\u00e9 et 2 photos et si vous \u00eates universitaire, un justificatif (carte d\u2019\u00e9tudiant, professeur ou chercheur).<\/p><p>Du lundi au vendredi\u00a0: de 10h \u00e0 22h, samedi et dimanche\u00a0: de 13h \u00e0 19h (en \u00e9t\u00e9\u00a0 du lundi au vendredi\u00a0: de 10h \u00e0 19h). Pour plus d'information : <a href=\"mailto:service.bibliotheque@ciup.fr\">service.bibliotheque@ciup.fr<\/a>, t\u00e9l 01.44.16.65.20<\/p><h3>Restaurants<\/h3><p>Le Resto U de la Maison internationale est ouvert du matin au soir : <a href=\"http:\/\/www.ciup.fr\">www.ciup.fr<\/a>. Un autre restaurant se trouve au Coll\u00e8ge d\u2019Espagne\u00a0 (<a href=\"http:\/\/www.colesp.fr\">www.colesp.fr<\/a>) ainsi qu'\u00e0 la Maison Heinrich Heine ( <a href=\"http:\/\/www.maison-heinrich-heine.org\">www.maison-heinrich-heine.org<\/a>)<\/p>","_et_gb_content_width":"","footnotes":""},"class_list":["post-220","page","type-page","status-publish","hentry"],"acf":[],"_links":{"self":[{"href":"https:\/\/www.svenskastudenthemmet.com\/sv\/wp-json\/wp\/v2\/pages\/220","targetHints":{"allow":["GET"]}}],"collection":[{"href":"https:\/\/www.svenskastudenthemmet.com\/sv\/wp-json\/wp\/v2\/pages"}],"about":[{"href":"https:\/\/www.svenskastudenthemmet.com\/sv\/wp-json\/wp\/v2\/types\/page"}],"author":[{"embeddable":true,"href":"https:\/\/www.svenskastudenthemmet.com\/sv\/wp-json\/wp\/v2\/users\/1"}],"replies":[{"embeddable":true,"href":"https:\/\/www.svenskastudenthemmet.com\/sv\/wp-json\/wp\/v2\/comments?post=220"}],"version-history":[{"count":0,"href":"https:\/\/www.svenskastudenthemmet.com\/sv\/wp-json\/wp\/v2\/pages\/220\/revisions"}],"up":[{"embeddable":true,"href":"https:\/\/www.svenskastudenthemmet.com\/sv\/wp-json\/wp\/v2\/pages\/183"}],"wp:attachment":[{"href":"https:\/\/www.svenskastudenthemmet.com\/sv\/wp-json\/wp\/v2\/media?parent=220"}],"curies":[{"name":"wp","href":"https:\/\/api.w.org\/{rel}","templated":true}]}}