{"id":234,"date":"2012-10-04T13:29:34","date_gmt":"2012-10-04T13:29:34","guid":{"rendered":"https:\/\/www.svenskastudenthemmet.com\/?page_id=234"},"modified":"2025-03-11T11:42:28","modified_gmt":"2025-03-11T11:42:28","slug":"residenter","status":"publish","type":"page","link":"https:\/\/www.svenskastudenthemmet.com\/sv\/residenter\/","title":{"rendered":"Residenter"},"content":{"rendered":"<p>[et_pb_section fb_built=&#8221;1&#8243; fullwidth=&#8221;on&#8221; _builder_version=&#8221;4.16&#8243; global_colors_info=&#8221;{}&#8221;][et_pb_fullwidth_post_title meta=&#8221;off&#8221; featured_placement=&#8221;background&#8221; _builder_version=&#8221;4.16&#8243; global_colors_info=&#8221;{}&#8221;][\/et_pb_fullwidth_post_title][\/et_pb_section][et_pb_section fb_built=&#8221;1&#8243; _builder_version=&#8221;4.16&#8243; custom_padding=&#8221;0px|0px|0px|0px&#8221; global_colors_info=&#8221;{}&#8221;][et_pb_row column_structure=&#8221;1_2,1_2&#8243; use_custom_gutter=&#8221;on&#8221; gutter_width=&#8221;1&#8243; make_equal=&#8221;on&#8221; _builder_version=&#8221;4.16&#8243; width=&#8221;100%&#8221; max_width=&#8221;100%&#8221; min_height=&#8221;400px&#8221; custom_padding=&#8221;0px|0px|0px|0px&#8221; global_colors_info=&#8221;{}&#8221;][et_pb_column type=&#8221;1_2&#8243; _builder_version=&#8221;4.16&#8243; background_image=&#8221;https:\/\/www.svenskastudenthemmet.com\/wp-content\/uploads\/2012\/10\/salon-piano.jpg&#8221; custom_padding=&#8221;0px|0px|0px|0px&#8221; global_colors_info=&#8221;{}&#8221; custom_padding__hover=&#8221;|||&#8221;][\/et_pb_column][et_pb_column type=&#8221;1_2&#8243; module_class=&#8221;middle-align&#8221; _builder_version=&#8221;4.16&#8243; custom_padding=&#8221;5%|13%|5%|5%&#8221; global_colors_info=&#8221;{}&#8221; custom_padding__hover=&#8221;|||&#8221;][et_pb_text admin_label=&#8221;Kulturprogram&#8221; _builder_version=&#8221;4.16&#8243; global_colors_info=&#8221;{}&#8221;]<\/p>\n<h2 class=\"entry-title\">Kulturprogram<\/h2>\n<p>Svenska studenthemmet anordnar regelbundet en rad olika kulturella arrangemang med s\u00e5v\u00e4l svensk som internationell anknytning. Arrangemangen utg\u00e5r fr\u00e5n de id\u00e9er och initiativ som kommer fr\u00e5n studentkommitt\u00e9n och samverkar med husets residenter kring olika arrangemang. En del av aktiviteterna genomf\u00f6rs i samarbete med andra hus i La Cit\u00e9, exempelvis den \u00e5rliga Jazzfestivalen samt Art-Hop polis med vernissage och utst\u00e4llning en g\u00e5ng i m\u00e5naden. De svenska traditionerna s\u00e5som Lucia- och Valborgsfirande \u00e4r efterl\u00e4ngtade tillst\u00e4llningar bland den trogna publiken i La Cit\u00e9.<\/p>\n<p>[\/et_pb_text][\/et_pb_column][\/et_pb_row][\/et_pb_section][et_pb_section fb_built=&#8221;1&#8243; _builder_version=&#8221;4.16&#8243; custom_padding=&#8221;0px|0px|0px|0px&#8221; global_colors_info=&#8221;{}&#8221;][et_pb_row column_structure=&#8221;1_2,1_2&#8243; use_custom_gutter=&#8221;on&#8221; gutter_width=&#8221;1&#8243; make_equal=&#8221;on&#8221; _builder_version=&#8221;4.16&#8243; width=&#8221;100%&#8221; max_width=&#8221;100%&#8221; min_height=&#8221;400px&#8221; custom_padding=&#8221;0px|0px|0px|0px&#8221; global_colors_info=&#8221;{}&#8221;][et_pb_column type=&#8221;1_2&#8243; module_class=&#8221;middle-align&#8221; _builder_version=&#8221;4.16&#8243; custom_padding=&#8221;2%|2%|2%|13%&#8221; global_colors_info=&#8221;{}&#8221; custom_padding__hover=&#8221;|||&#8221;][et_pb_text admin_label=&#8221;Studentkommitt\u00e9n&#8221; _builder_version=&#8221;4.16&#8243; global_colors_info=&#8221;{}&#8221;]<\/p>\n<header class=\"entry-header\">\n<h2 class=\"entry-title\">Studentkommitt\u00e9n<\/h2>\n<\/header>\n<div class=\"entry-content\">\n<p>I enlighet med La Cit\u00e9s gemensamma regler, v\u00e4ljs en studentkommitt\u00e9 i b\u00f6rjan av varje l\u00e4s\u00e5r. Ordf\u00f6randen i kommitt\u00e9n representerar samtliga residenter inf\u00f6r studenthemmets styrelse (le Conseil d\u2019Administration de la Fondation de la Maison des Etudiants Su\u00e9dois) liksom inom la Cit\u00e9s n\u00e4tverk mellan residenterna (Bureau Des R\u00e9sidents, BDR). Studentkommitt\u00e9n har till uppgift att, i samverkan med studenthemmets ledning, fr\u00e4mja kultur-, sport och sociala aktiviteter av olika slag inom huset, att verka f\u00f6r en god boendemilj\u00f6 i Svenska huset samt att str\u00e4va efter en god samverkan med de \u00f6vriga husen.<\/p>\n<\/div>\n<p>[\/et_pb_text][\/et_pb_column][et_pb_column type=&#8221;1_2&#8243; _builder_version=&#8221;4.16&#8243; background_image=&#8221;https:\/\/www.svenskastudenthemmet.com\/wp-content\/uploads\/2019\/05\/maison-etudiants-suedois-residents.jpg&#8221; custom_padding=&#8221;0px|0px|0px|0px&#8221; global_colors_info=&#8221;{}&#8221; custom_padding__hover=&#8221;|||&#8221;][\/et_pb_column][\/et_pb_row][\/et_pb_section][et_pb_section fb_built=&#8221;1&#8243; _builder_version=&#8221;4.16&#8243; background_color=&#8221;#f9fbfc&#8221; global_colors_info=&#8221;{}&#8221;][et_pb_row _builder_version=&#8221;4.16&#8243; global_colors_info=&#8221;{}&#8221;][et_pb_column type=&#8221;4_4&#8243; _builder_version=&#8221;4.16&#8243; custom_padding=&#8221;|||&#8221; global_colors_info=&#8221;{}&#8221; custom_padding__hover=&#8221;|||&#8221;][et_pb_text admin_label=&#8221;Alumni (Titre)&#8221; module_class=&#8221;chevrons&#8221; _builder_version=&#8221;4.16&#8243; text_font=&#8221;||||||||&#8221; header_font=&#8221;||||||||&#8221; header_text_align=&#8221;center&#8221; text_orientation=&#8221;center&#8221; global_colors_info=&#8221;{}&#8221;]<\/p>\n<h2 class=\"entry-title\">Alumni<\/h2>\n<p>[\/et_pb_text][\/et_pb_column][\/et_pb_row][et_pb_row _builder_version=&#8221;4.16&#8243; width=&#8221;60%&#8221; global_colors_info=&#8221;{}&#8221;][et_pb_column type=&#8221;4_4&#8243; _builder_version=&#8221;4.16&#8243; custom_padding=&#8221;|||&#8221; global_colors_info=&#8221;{}&#8221; custom_padding__hover=&#8221;|||&#8221;][et_pb_text admin_label=&#8221;\u00c5k till Paris&#8221; _builder_version=&#8221;4.16&#8243; global_colors_info=&#8221;{}&#8221;]<\/p>\n<h3>\u00ab <em>\u00c5k till Paris<\/em> \u00bb : boken om Svenska studenthemmet<\/h3>\n<p>Inf\u00f6r studenthemmets 70-\u00e5rsjubileum utgav v\u00e4nf\u00f6reningen skriften \u00ab \u00c5k till Paris Svenska studenthemmet i Cit\u00e9 universitaire 1931-2001 \u00bb. Tidigare residenter och f\u00f6rest\u00e5ndare ber\u00e4ttar om studentlivet och tidsandan i Paris under skilda perioder och vad tiden i la Cit\u00e9 har betytt f\u00f6r dem.<\/p>\n<p>Boken kostar 10 EUR (+porto) och kan best\u00e4llas direkt genom studenthemmet per epost eller telefon :<\/p>\n<p><a href=\"mailto:contact@maisondelasuede.org\">contact@maisondelasuede.org<\/a>\u00a0, +33 (0) 1 53 80 81 70.<\/p>\n<p>Bokens svenska version distribuerades vid utgivningen till bl.a. samtliga svenska h\u00f6gskolor och universitet och b\u00f6r finnas i deras bibliotek. En fransk, aktualiserad version av skriften, \u00e4ven den bekostad av v\u00e4nf\u00f6reningen och utgiven 2010, finns tillg\u00e4nglig via Studenthemmet.<\/p>\n<p>[\/et_pb_text][\/et_pb_column][\/et_pb_row][\/et_pb_section][et_pb_section fb_built=&#8221;1&#8243; _builder_version=&#8221;4.16&#8243; background_color=&#8221;#626a72&#8243; global_colors_info=&#8221;{}&#8221;][et_pb_row column_structure=&#8221;2_5,3_5&#8243; _builder_version=&#8221;4.16&#8243; global_colors_info=&#8221;{}&#8221;][et_pb_column type=&#8221;2_5&#8243; _builder_version=&#8221;4.16&#8243; background_color=&#8221;#0085b0&#8243; custom_padding=&#8221;|||&#8221; global_colors_info=&#8221;{}&#8221; custom_padding__hover=&#8221;|||&#8221;][et_pb_image src=&#8221;https:\/\/www.svenskastudenthemmet.com\/wp-content\/uploads\/2025\/03\/ciup-alumni-v2.png&#8221; url=&#8221;https:\/\/alumni.ciup.fr\/&#8221; url_new_window=&#8221;on&#8221; align=&#8221;center&#8221; _builder_version=&#8221;4.27.4&#8243; custom_padding=&#8221;30px|30px|30px|30px&#8221; hover_enabled=&#8221;0&#8243; global_colors_info=&#8221;{}&#8221; title_text=&#8221;ciup-alumni-v2&#8243; sticky_enabled=&#8221;0&#8243;][\/et_pb_image][\/et_pb_column][et_pb_column type=&#8221;3_5&#8243; _builder_version=&#8221;4.16&#8243; custom_padding=&#8221;|||&#8221; global_colors_info=&#8221;{}&#8221; custom_padding__hover=&#8221;|||&#8221;][et_pb_text admin_label=&#8221;cite-alumni.fr&#8221; _builder_version=&#8221;4.27.4&#8243; text_font=&#8221;||||||||&#8221; text_font_size=&#8221;18px&#8221; link_font=&#8221;||||||||&#8221; link_text_color=&#8221;#ffffff&#8221; background_layout=&#8221;dark&#8221; hover_enabled=&#8221;0&#8243; global_colors_info=&#8221;{}&#8221; sticky_enabled=&#8221;0&#8243;]<\/p>\n<p><a href=\"https:\/\/alumni.ciup.fr\/\" target=\"_blank\" rel=\"noopener noreferrer\">alumni.ciup.fr<\/a><\/p>\n<p>Cit\u00e9 Alumni : Cit\u00e9ns alumnin\u00e4tverk<\/p>\n<p>[\/et_pb_text][\/et_pb_column][\/et_pb_row][\/et_pb_section]<\/p>\n","protected":false},"excerpt":{"rendered":"<p>Kulturprogram Svenska studenthemmet anordnar regelbundet en rad olika kulturella arrangemang med s\u00e5v\u00e4l svensk som internationell anknytning. Arrangemangen utg\u00e5r fr\u00e5n de id\u00e9er och initiativ som kommer fr\u00e5n studentkommitt\u00e9n och samverkar med husets residenter kring olika arrangemang. En del av aktiviteterna genomf\u00f6rs i samarbete med andra hus i La Cit\u00e9, exempelvis den \u00e5rliga Jazzfestivalen samt Art-Hop polis [&hellip;]<\/p>\n","protected":false},"author":1,"featured_media":3379,"parent":0,"menu_order":9,"comment_status":"open","ping_status":"open","template":"","meta":{"_acf_changed":false,"_et_pb_use_builder":"on","_et_pb_old_content":"","_et_gb_content_width":"","footnotes":""},"class_list":["post-234","page","type-page","status-publish","has-post-thumbnail","hentry"],"acf":[],"_links":{"self":[{"href":"https:\/\/www.svenskastudenthemmet.com\/sv\/wp-json\/wp\/v2\/pages\/234","targetHints":{"allow":["GET"]}}],"collection":[{"href":"https:\/\/www.svenskastudenthemmet.com\/sv\/wp-json\/wp\/v2\/pages"}],"about":[{"href":"https:\/\/www.svenskastudenthemmet.com\/sv\/wp-json\/wp\/v2\/types\/page"}],"author":[{"embeddable":true,"href":"https:\/\/www.svenskastudenthemmet.com\/sv\/wp-json\/wp\/v2\/users\/1"}],"replies":[{"embeddable":true,"href":"https:\/\/www.svenskastudenthemmet.com\/sv\/wp-json\/wp\/v2\/comments?post=234"}],"version-history":[{"count":0,"href":"https:\/\/www.svenskastudenthemmet.com\/sv\/wp-json\/wp\/v2\/pages\/234\/revisions"}],"wp:featuredmedia":[{"embeddable":true,"href":"https:\/\/www.svenskastudenthemmet.com\/sv\/wp-json\/wp\/v2\/media\/3379"}],"wp:attachment":[{"href":"https:\/\/www.svenskastudenthemmet.com\/sv\/wp-json\/wp\/v2\/media?parent=234"}],"curies":[{"name":"wp","href":"https:\/\/api.w.org\/{rel}","templated":true}]}}