{"id":327,"date":"2012-10-04T14:00:20","date_gmt":"2012-10-04T14:00:20","guid":{"rendered":"https:\/\/www.svenskastudenthemmet.com\/?page_id=327"},"modified":"2020-02-18T09:59:54","modified_gmt":"2020-02-18T09:59:54","slug":"hitta-oss","status":"publish","type":"page","link":"https:\/\/www.svenskastudenthemmet.com\/sv\/hitta-oss\/","title":{"rendered":"Hitta oss"},"content":{"rendered":"<p>[et_pb_section fb_built=&#8221;1&#8243; fullwidth=&#8221;on&#8221; _builder_version=&#8221;3.22.7&#8243;][et_pb_fullwidth_post_title meta=&#8221;off&#8221; featured_placement=&#8221;background&#8221; _builder_version=&#8221;3.22.7&#8243;][\/et_pb_fullwidth_post_title][\/et_pb_section][et_pb_section fb_built=&#8221;1&#8243; _builder_version=&#8221;3.22.3&#8243;][et_pb_row _builder_version=&#8221;3.25&#8243; background_size=&#8221;initial&#8221; background_position=&#8221;top_left&#8221; background_repeat=&#8221;repeat&#8221;][et_pb_column type=&#8221;4_4&#8243; _builder_version=&#8221;3.25&#8243; custom_padding=&#8221;|||&#8221; custom_padding__hover=&#8221;|||&#8221;][et_pb_text _builder_version=&#8221;3.27.4&#8243; background_size=&#8221;initial&#8221; background_position=&#8221;top_left&#8221; background_repeat=&#8221;repeat&#8221;]<\/p>\n<p>Alla v\u00e5ra aktiviteter och allm\u00e4nna utrymmen i entr\u00e9plan \u00e4r tillg\u00e4ngliga f\u00f6r funktionshindrade.<\/p>\n<p>+33 1 53 80 81 70 \/ contact@maisondelasuede.org<\/p>\n<p>Maison des \u00c9tudiants Su\u00e9dois<br \/>Cit\u00e9 Internationale Universitaire de Paris<br \/>7F, Boulevard Jourdan<br \/>F-75014 Paris<br \/>Frankrike<\/p>\n<p>[\/et_pb_text][\/et_pb_column][\/et_pb_row][\/et_pb_section][et_pb_section fb_built=&#8221;1&#8243; _builder_version=&#8221;3.22.7&#8243; background_color=&#8221;#3373a9&#8243; custom_padding=&#8221;0px|0px|0px|0px&#8221;][et_pb_row column_structure=&#8221;1_2,1_2&#8243; use_custom_gutter=&#8221;on&#8221; gutter_width=&#8221;1&#8243; make_equal=&#8221;on&#8221; _builder_version=&#8221;3.25&#8243; width=&#8221;100%&#8221; max_width=&#8221;100%&#8221; min_height=&#8221;500px&#8221; custom_padding=&#8221;0px||0px&#8221;][et_pb_column type=&#8221;1_2&#8243; module_class=&#8221;middle-align&#8221; _builder_version=&#8221;3.25&#8243; custom_padding=&#8221;3%|3%|3%|13%&#8221; custom_padding__hover=&#8221;|||&#8221;][et_pb_text _builder_version=&#8221;4.3.2&#8243; text_font=&#8221;||||||||&#8221; background_layout=&#8221;dark&#8221; hover_enabled=&#8221;0&#8243;]<\/p>\n<h2>V\u00e4gbeskrivning<\/h2>\n<p><strong>RER B :<\/strong> station &#8221; Cit\u00e9 Universitaire &#8221;<\/p>\n<p><strong>Bus:<\/strong> 67 och 21<\/p>\n<p><strong>Sp\u00e5rvagn:<\/strong>\u00a0T3<\/p>\n<p><strong>Med bil: <\/strong>i Paris \u2013 ta \u00ab\u00a0le p\u00e9riph\u00e9rique\u00a0\u00bb fram till avfarten \u00abPorte dOrl\u00e9ans\u00a0\u00bb<br \/> Infart till la Cit\u00e9 genom porten vid 27, Boulevard Jourdan.<br \/> Observera att inpasseringstillst\u00e5nd kr\u00e4vs. Kontakta oss f\u00f6r mer information.<\/p>\n<p>[\/et_pb_text][\/et_pb_column][et_pb_column type=&#8221;1_2&#8243; _builder_version=&#8221;3.25&#8243; custom_padding=&#8221;0px|0px|0px|0px&#8221; custom_padding__hover=&#8221;|||&#8221;][et_pb_map address=&#8221;7 Boulevard Jourdan, 75014 Paris, France&#8221; zoom_level=&#8221;16&#8243; address_lat=&#8221;48.8184816&#8243; address_lng=&#8221;2.3424383&#8243; mouse_wheel=&#8221;off&#8221; _builder_version=&#8221;3.22.7&#8243; min_height=&#8221;100%&#8221; height=&#8221;100%&#8221; max_height=&#8221;100%&#8221; custom_css_main_element=&#8221;height: 100%&#8221;][et_pb_map_pin pin_address=&#8221;7 Boulevard Jourdan, 75014 Paris, France&#8221; zoom_level=&#8221;14&#8243; pin_address_lat=&#8221;48.8185241&#8243; pin_address_lng=&#8221;2.3417703&#8243; _builder_version=&#8221;3.22.7&#8243;][\/et_pb_map_pin][\/et_pb_map][\/et_pb_column][\/et_pb_row][\/et_pb_section][et_pb_section fb_built=&#8221;1&#8243; fullwidth=&#8221;on&#8221; _builder_version=&#8221;3.22.7&#8243;][et_pb_fullwidth_image src=&#8221;https:\/\/www.svenskastudenthemmet.com\/wp-content\/uploads\/2019\/05\/Plan-Cite-internationale-universitaire-de-Paris.png&#8221; _builder_version=&#8221;3.22.7&#8243;][\/et_pb_fullwidth_image][\/et_pb_section][et_pb_section fb_built=&#8221;1&#8243; _builder_version=&#8221;3.22.7&#8243;][et_pb_row _builder_version=&#8221;3.25&#8243;][et_pb_column type=&#8221;4_4&#8243; _builder_version=&#8221;3.25&#8243; custom_padding=&#8221;|||&#8221; custom_padding__hover=&#8221;|||&#8221;][et_pb_button button_url=&#8221;http:\/\/www.ciup.fr\/wp-content\/uploads\/2019\/01\/Plan-Cit%C3%A9-internationale-universitaire-de-Paris.pdf&#8221; url_new_window=&#8221;on&#8221; button_text=&#8221;Karta&#8221; button_alignment=&#8221;center&#8221; _builder_version=&#8221;3.24.1&#8243;][\/et_pb_button][\/et_pb_column][\/et_pb_row][\/et_pb_section]<\/p>\n","protected":false},"excerpt":{"rendered":"<p>Alla v\u00e5ra aktiviteter och allm\u00e4nna utrymmen i entr\u00e9plan \u00e4r tillg\u00e4ngliga f\u00f6r funktionshindrade. +33 1 53 80 81 70 \/ contact@maisondelasuede.org Maison des \u00c9tudiants Su\u00e9doisCit\u00e9 Internationale Universitaire de Paris7F, Boulevard JourdanF-75014 ParisFrankrikeV\u00e4gbeskrivning RER B : station &#8221; Cit\u00e9 Universitaire &#8221; Bus: 67 och 21 Sp\u00e5rvagn:\u00a0T3 Med bil: i Paris \u2013 ta \u00ab\u00a0le p\u00e9riph\u00e9rique\u00a0\u00bb fram till avfarten [&hellip;]<\/p>\n","protected":false},"author":1,"featured_media":3437,"parent":0,"menu_order":17,"comment_status":"open","ping_status":"open","template":"","meta":{"_acf_changed":false,"_et_pb_use_builder":"on","_et_pb_old_content":"<p>Bienvenue \u00e0 la Maison des \u00e9tudiants su\u00e9dois\u00a0!<\/p><p>Le b\u00e2timent et tous les services propos\u00e9s sont accessibles \u00e0 toutes et \u00e0 tous.<\/p><p>Le personnel est en mesure de vous informer sur l\u2019accessibilit\u00e9 du b\u00e2timent et des services aux personnes en situation de handicap.<\/p><p>Pour pr\u00e9parer votre visite, n\u2019h\u00e9sitez pas \u00e0 nous contacter par mail ou par t\u00e9l\u00e9phone\u00a0:<\/p><p>01 53 80 81 70 \/ contact@maisondelasuede.org<\/p><p>Maison des \u00c9tudiants Su\u00e9dois<br \/>Cit\u00e9 Internationale<br \/>Universitaire de Paris<br \/>7F, Boulevard Jourdan<br \/>F-75014 Paris<br \/>FRANCE<\/p><h3>Acc\u00e8s<\/h3><p><strong>RER B :<\/strong> \u2013 Descendre \u00e0 Cit\u00e9 Universitaire<\/p><p><strong>Bus :<\/strong> 67, 21<\/p><p><strong>Tram\u00a0:<\/strong> T3<\/p><p><strong>En voiture :<\/strong> Arriv\u00e9e sur Paris par la porte de Gentilly ou la porte d'Orl\u00e9ans<br \/>L'entr\u00e9e des v\u00e9hicules se fait par le Poste de S\u00e9curit\u00e9 situ\u00e9 au 27, Boulevard Jourdan. Pour toute demande d\u2019autorisation pour votre v\u00e9hicule, veuillez nous contacter.<\/p><p><iframe src=\"http:\/\/maps.google.fr\/maps?f=q&source=s_q&hl=en&geocode=&q=Cit%C3%A9+Internationale++Universitaire+de+Paris+7F,+Boulevard+Jourdan&sll=46.75984,1.738281&sspn=12.842481,26.015625&t=m&ie=UTF8&hq=Cit%C3%A9+Internationale+Universitaire&hnear=7+Boulevard+Jourdan,+75014+Paris,+%C3%8Ele-de-France&cid=2036333726716887664&ll=48.820414,2.338715&spn=0.006216,0.00942&z=16&output=embed\" width=\"544\" height=\"340\" frameborder=\"0\" marginwidth=\"0\" marginheight=\"0\" scrolling=\"no\"><\/iframe><br \/><small><a style=\"color: #0000ff; text-align: left;\" href=\"http:\/\/maps.google.fr\/maps?f=q&source=embed&hl=en&geocode=&q=Cit%C3%A9+Internationale++Universitaire+de+Paris+7F,+Boulevard+Jourdan&sll=46.75984,1.738281&sspn=12.842481,26.015625&t=m&ie=UTF8&hq=Cit%C3%A9+Internationale+Universitaire&hnear=7+Boulevard+Jourdan,+75014+Paris,+%C3%8Ele-de-France&cid=2036333726716887664&ll=48.820414,2.338715&spn=0.006216,0.00942&z=16\">View Larger Map<\/a><\/small><\/p><p><img class=\"alignnone size-full wp-image-27\" title=\"karta\" src=\"https:\/\/www.svenskastudenthemmet.com\/wp-content\/uploads\/2012\/10\/karta.png\" alt=\"\" width=\"544\" height=\"322\" \/><\/p><ol><li>Deutsch de la Meurthe<\/li><li>Canada<\/li><li>Biermans Lap\u00f4tre<\/li><li>Argentine<\/li><li>Institut National Agronomique<\/li><li>Japon<\/li><li>Asie du Sud Est<\/li><li>Etats-Unis<\/li><li>Arm\u00e9nie<\/li><li><strong>Su\u00e8de<\/strong><\/li><li>Danemark<\/li><li>Gr\u00e8ce<\/li><li>Abreu de Grancher<\/li><li>Provinces de France<\/li><li>Suisse<\/li><li>Espagne<\/li><li>Pays Bas<\/li><li>Monaco<\/li><li>Franco-britannique<\/li><li>Pavillon administratif\u00a0(Accueil principal et service des Admissions)<\/li><li>R\u00e9sidence Andr\u00e9 Honnorat<\/li><li>Maison internationale:\u00a0restaurant, biblioth\u00e8que, piscine, th\u00e9\u00e2tre,\u00a0service des sports, salon Honnorat.<\/li><li>Robert Garric<\/li><li>Victor Lyon<\/li><li>Tunisie<\/li><li>Lucien Paye<\/li><li>Arts et M\u00e9tiers<\/li><li>Maroc<\/li><li>Norv\u00e8ge<\/li><li>Cambodge<\/li><li>Italie<\/li><li>Industries agricoles et alimentaires<\/li><li>Br\u00e9sil<\/li><li>Andr\u00e9 de Gouveia<\/li><li>Mexique<\/li><li>Henrich Heine<\/li><li>Avicenne<\/li><li>Liban<\/li><li>Inde<\/li><\/ol>","_et_gb_content_width":"","footnotes":""},"class_list":["post-327","page","type-page","status-publish","has-post-thumbnail","hentry"],"acf":[],"_links":{"self":[{"href":"https:\/\/www.svenskastudenthemmet.com\/sv\/wp-json\/wp\/v2\/pages\/327","targetHints":{"allow":["GET"]}}],"collection":[{"href":"https:\/\/www.svenskastudenthemmet.com\/sv\/wp-json\/wp\/v2\/pages"}],"about":[{"href":"https:\/\/www.svenskastudenthemmet.com\/sv\/wp-json\/wp\/v2\/types\/page"}],"author":[{"embeddable":true,"href":"https:\/\/www.svenskastudenthemmet.com\/sv\/wp-json\/wp\/v2\/users\/1"}],"replies":[{"embeddable":true,"href":"https:\/\/www.svenskastudenthemmet.com\/sv\/wp-json\/wp\/v2\/comments?post=327"}],"version-history":[{"count":0,"href":"https:\/\/www.svenskastudenthemmet.com\/sv\/wp-json\/wp\/v2\/pages\/327\/revisions"}],"wp:featuredmedia":[{"embeddable":true,"href":"https:\/\/www.svenskastudenthemmet.com\/sv\/wp-json\/wp\/v2\/media\/3437"}],"wp:attachment":[{"href":"https:\/\/www.svenskastudenthemmet.com\/sv\/wp-json\/wp\/v2\/media?parent=327"}],"curies":[{"name":"wp","href":"https:\/\/api.w.org\/{rel}","templated":true}]}}