{"id":32702,"date":"2019-06-03T13:48:07","date_gmt":"2019-06-03T13:48:07","guid":{"rendered":"https:\/\/www.svenskastudenthemmet.com\/?page_id=32702"},"modified":"2022-06-07T13:53:37","modified_gmt":"2022-06-07T13:53:37","slug":"studenthemmet","status":"publish","type":"page","link":"https:\/\/www.svenskastudenthemmet.com\/sv\/studenthemmet\/","title":{"rendered":"Studenthemmet"},"content":{"rendered":"<p>[et_pb_section fb_built=&#8221;1&#8243; _builder_version=&#8221;4.16&#8243; background_color=&#8221;#e9ecee&#8221; bottom_divider_color=&#8221;#113d62&#8243; bottom_divider_height=&#8221;30px&#8221; bottom_divider_arrangement=&#8221;above_content&#8221; global_colors_info=&#8221;{}&#8221;][et_pb_row column_structure=&#8221;1_4,3_4&#8243; _builder_version=&#8221;4.16&#8243; global_colors_info=&#8221;{}&#8221;][et_pb_column type=&#8221;1_4&#8243; _builder_version=&#8221;4.16&#8243; custom_padding=&#8221;|||&#8221; global_colors_info=&#8221;{}&#8221; custom_padding__hover=&#8221;|||&#8221;][et_pb_image src=&#8221;https:\/\/www.svenskastudenthemmet.com\/wp-content\/uploads\/2012\/10\/11.jpg&#8221; align_tablet=&#8221;center&#8221; align_phone=&#8221;&#8221; align_last_edited=&#8221;on|desktop&#8221; _builder_version=&#8221;4.16&#8243; global_colors_info=&#8221;{}&#8221;][\/et_pb_image][\/et_pb_column][et_pb_column type=&#8221;3_4&#8243; _builder_version=&#8221;4.16&#8243; custom_padding=&#8221;|||&#8221; global_colors_info=&#8221;{}&#8221; custom_padding__hover=&#8221;|||&#8221;][et_pb_text _builder_version=&#8221;4.16&#8243; global_colors_info=&#8221;{}&#8221;]<\/p>\n<h1>Det Svenska studenthemmet<\/h1>\n<p>Det Svenska studenthemmet erbjuder \u00e5rligen n\u00e4rmare ett 100-tal studenter, forskare, musiker, konstn\u00e4rer och idrottsm\u00e4n ett unikt boende i internationell milj\u00f6, med utm\u00e4rkt l\u00e4ge i s\u00f6dra Paris. \u00a0I studenthemmet bor du bekv\u00e4mt i hemtrevlig milj\u00f6, med tillg\u00e5ng till La Cit\u00e9s alla aktiviteter och faciliteter.<\/p>\n<p>Studenthemmet byggdes \u00e5r 1931 genom st\u00f6d fr\u00e5n svenska staten och privata satsningar, framf\u00f6r allt genom st\u00f6d fr\u00e5n f\u00f6reningen l\u2019Amiti\u00e9 Franco-Su\u00e9doise. Huset, som ritats av arkitekten Peder Clason\u00a0 \u00e4r s\u00e5ledes ett av de f\u00f6rsta husen som byggdes i La Cit\u00e9. \u00a0Idag f\u00e5r Studenthemmet st\u00f6d fr\u00e5n svenska staten genom en \u00e5rlig subvention. Huset har under \u00e5ren genomg\u00e5tt flera renoveringar, varav den senaste \u00e5r 1994, samtliga med st\u00f6d fr\u00e5n Wallenbergfamiljen. Huset har beh\u00e5llit karakt\u00e4ren av 30-tal i inredningen, med renoverade originalm\u00f6bler. Samtidigt erbjuder Svenska studenthemmet en modern boende- och studiemilj\u00f6 med wifi och tillg\u00e5ng till internet i hela huset.<\/p>\n<p>[\/et_pb_text][\/et_pb_column][\/et_pb_row][\/et_pb_section][et_pb_section fb_built=&#8221;1&#8243; _builder_version=&#8221;4.16&#8243; global_colors_info=&#8221;{}&#8221;][et_pb_row _builder_version=&#8221;4.16&#8243; global_colors_info=&#8221;{}&#8221;][et_pb_column type=&#8221;4_4&#8243; _builder_version=&#8221;4.16&#8243; custom_padding=&#8221;|||&#8221; global_colors_info=&#8221;{}&#8221; custom_padding__hover=&#8221;|||&#8221;][et_pb_text module_class=&#8221;chevrons&#8221; _builder_version=&#8221;4.16&#8243; text_font=&#8221;||||||||&#8221; text_orientation=&#8221;center&#8221; global_colors_info=&#8221;{}&#8221;]<\/p>\n<h2>Organisation<\/h2>\n<p>[\/et_pb_text][\/et_pb_column][\/et_pb_row][et_pb_row column_structure=&#8221;1_4,3_4&#8243; _builder_version=&#8221;4.16&#8243; global_colors_info=&#8221;{}&#8221;][et_pb_column type=&#8221;1_4&#8243; _builder_version=&#8221;4.16&#8243; custom_padding=&#8221;|||&#8221; global_colors_info=&#8221;{}&#8221; custom_padding__hover=&#8221;|||&#8221;][et_pb_text _builder_version=&#8221;4.16&#8243; global_colors_info=&#8221;{}&#8221;]<\/p>\n<h3>Styrelsen<\/h3>\n<p>[\/et_pb_text][\/et_pb_column][et_pb_column type=&#8221;3_4&#8243; _builder_version=&#8221;4.16&#8243; custom_padding=&#8221;|||&#8221; global_colors_info=&#8221;{}&#8221; custom_padding__hover=&#8221;|||&#8221;][et_pb_text _builder_version=&#8221;4.16&#8243; global_colors_info=&#8221;{}&#8221;]<\/p>\n<p>H\u00e5kan \u00c5kesson, Sveriges ambassad\u00f6r i Paris, \u00e4r stiftelsens ordf\u00f6rande.<br \/> Per W\u00e4stberg, medlem i Svenska Akademien \u00e4r hedersordf\u00f6rande.<\/p>\n<p>[\/et_pb_text][\/et_pb_column][\/et_pb_row][et_pb_row column_structure=&#8221;1_4,3_4&#8243; _builder_version=&#8221;4.16&#8243; global_colors_info=&#8221;{}&#8221;][et_pb_column type=&#8221;1_4&#8243; _builder_version=&#8221;4.16&#8243; custom_padding=&#8221;|||&#8221; global_colors_info=&#8221;{}&#8221; custom_padding__hover=&#8221;|||&#8221;][et_pb_text _builder_version=&#8221;4.16&#8243; global_colors_info=&#8221;{}&#8221;]<\/p>\n<h3 class=\"entry-title\">Personal<\/h3>\n<p>[\/et_pb_text][\/et_pb_column][et_pb_column type=&#8221;3_4&#8243; _builder_version=&#8221;4.16&#8243; custom_padding=&#8221;|||&#8221; global_colors_info=&#8221;{}&#8221; custom_padding__hover=&#8221;|||&#8221;][et_pb_text _builder_version=&#8221;4.16&#8243; global_colors_info=&#8221;{}&#8221;]<\/p>\n<p>Studenthemmets personal ansvarar f\u00f6r husets verksamhet, administration och sk\u00f6tsel. H\u00e4r \u00e4r vi som arbetar f\u00f6r allas boende och trivsel i Svenska studenthemmet!<\/p>\n<p>[\/et_pb_text][\/et_pb_column][\/et_pb_row][et_pb_row column_structure=&#8221;1_5,1_5,1_5,1_5,1_5&#8243; use_custom_gutter=&#8221;on&#8221; gutter_width=&#8221;2&#8243; module_class=&#8221;team&#8221; _builder_version=&#8221;4.16&#8243; global_colors_info=&#8221;{}&#8221;][et_pb_column type=&#8221;1_5&#8243; _builder_version=&#8221;4.16&#8243; custom_padding=&#8221;|||&#8221; global_colors_info=&#8221;{}&#8221; custom_padding__hover=&#8221;|||&#8221;][et_pb_team_member name=&#8221;Pierre TOLCINI&#8221; position=&#8221;Chef och f\u00f6rest\u00e5ndare&#8221; image_url=&#8221;https:\/\/www.svenskastudenthemmet.com\/wp-content\/uploads\/2019\/05\/Pierre-Tolcini-directeur-photo-Manolo-Laredo.jpg&#8221; admin_label=&#8221;Pierre TOLCINI&#8221; _builder_version=&#8221;4.16&#8243; global_colors_info=&#8221;{}&#8221;]<\/p>\n<p><a href=\"mailto:pierre.tolcini@maisondelasuede.org\">pierre.tolcini@maisondelasuede.org<\/a><br \/>+ 33 (0) 1 53 80 81 70<\/p>\n<p>[\/et_pb_team_member][\/et_pb_column][et_pb_column type=&#8221;1_5&#8243; _builder_version=&#8221;4.16&#8243; custom_padding=&#8221;|||&#8221; global_colors_info=&#8221;{}&#8221; custom_padding__hover=&#8221;|||&#8221;][et_pb_team_member name=&#8221;Marika MINASSIAN&#8221; position=&#8221;Chefsassistent&#8221; image_url=&#8221;https:\/\/www.svenskastudenthemmet.com\/wp-content\/uploads\/2022\/06\/Marika-Minassian.jpg&#8221; admin_label=&#8221;Marika MINASSIAN&#8221; _builder_version=&#8221;4.17.4&#8243; global_colors_info=&#8221;{}&#8221;]<\/p>\n<p><a href=\"mailto:marika.minassian@maisondelasuede.org\">marika.minassian@maisondelasuede.org<\/a><br \/>+ 33 (0) 1 53 80 81 70<\/p>\n<p>[\/et_pb_team_member][\/et_pb_column][et_pb_column type=&#8221;1_5&#8243; _builder_version=&#8221;4.16&#8243; custom_padding=&#8221;|||&#8221; global_colors_info=&#8221;{}&#8221; custom_padding__hover=&#8221;|||&#8221;][et_pb_team_member name=&#8221;Antonio SANCHES&#8221; position=&#8221;Vaktm\u00e4stare&#8221; image_url=&#8221;https:\/\/www.svenskastudenthemmet.com\/wp-content\/uploads\/2022\/06\/Antonio-Sanches.jpg&#8221; admin_label=&#8221;Antonio SANCHES&#8221; _builder_version=&#8221;4.17.4&#8243; hover_enabled=&#8221;0&#8243; global_colors_info=&#8221;{}&#8221; sticky_enabled=&#8221;0&#8243;]<\/p>\n<p>+ 33 (0) 6 84 27 29 01<\/p>\n<p>[\/et_pb_team_member][\/et_pb_column][et_pb_column type=&#8221;1_5&#8243; _builder_version=&#8221;4.16&#8243; custom_padding=&#8221;|||&#8221; global_colors_info=&#8221;{}&#8221; custom_padding__hover=&#8221;|||&#8221;][et_pb_team_member name=&#8221;Manuela AGUIR&#8221; position=&#8221;Lokalv\u00e5rdare&#8221; image_url=&#8221;https:\/\/www.svenskastudenthemmet.com\/wp-content\/uploads\/2022\/06\/Manuela-Aguir.jpg&#8221; admin_label=&#8221;Manuela AGUIR&#8221; _builder_version=&#8221;4.17.4&#8243; global_colors_info=&#8221;{}&#8221;]<\/p>\n<p>&nbsp;<\/p>\n<p>&nbsp;<\/p>\n<p>[\/et_pb_team_member][\/et_pb_column][et_pb_column type=&#8221;1_5&#8243; _builder_version=&#8221;4.16&#8243; custom_padding=&#8221;|||&#8221; global_colors_info=&#8221;{}&#8221; custom_padding__hover=&#8221;|||&#8221;][et_pb_team_member name=&#8221;Faty SIDIB\u00c9&#8221; position=&#8221;Lokalv\u00e5rdare&#8221; image_url=&#8221;https:\/\/www.svenskastudenthemmet.com\/wp-content\/uploads\/2022\/06\/Faty-Sidibe.jpg&#8221; admin_label=&#8221;Faty SIDIB\u00c9&#8221; _builder_version=&#8221;4.17.4&#8243; global_colors_info=&#8221;{}&#8221;]<\/p>\n<p>&nbsp;<\/p>\n<p>&nbsp;<\/p>\n<p>[\/et_pb_team_member][\/et_pb_column][\/et_pb_row][\/et_pb_section][et_pb_section fb_built=&#8221;1&#8243; _builder_version=&#8221;4.16&#8243; background_color=&#8221;#3373a9&#8243; global_colors_info=&#8221;{}&#8221;][et_pb_row _builder_version=&#8221;4.16&#8243; global_colors_info=&#8221;{}&#8221;][et_pb_column type=&#8221;4_4&#8243; _builder_version=&#8221;4.16&#8243; custom_padding=&#8221;|||&#8221; global_colors_info=&#8221;{}&#8221; custom_padding__hover=&#8221;|||&#8221;][et_pb_text _builder_version=&#8221;4.16&#8243; text_font=&#8221;||||||||&#8221; header_font=&#8221;||||||||&#8221; header_2_font=&#8221;||||||||&#8221; background_layout=&#8221;dark&#8221; global_colors_info=&#8221;{}&#8221;]<\/p>\n<h2 class=\"entry-title\">St\u00f6d oss<\/h2>\n<h3>Tidigare donationer och subventioner<\/h3>\n<p>Svenska studenthemmet kunde byggas i b\u00f6rjan av 1930-talet tack vare gener\u00f6sa donationer fr\u00e5n olika bidragsgivare, inte minst f\u00f6reningen l\u2019Amiti\u00e9 franco-su\u00e9doise. Under \u00e5rens lopp har huset genomg\u00e5tt renoveringar och moderniseringar. Staten har kunnat g\u00e5 in med extra bidrag f\u00f6r att m\u00f6jligg\u00f6ra vissa upprustningar och ombyggnationer, men i flera fall har Studenthemmet v\u00e4nt sig till privata stiftelser och f\u00f6reningar som under \u00e5rens lopp har givit omfattande renoveringsbidrag. De st\u00f6rre donationer och subventioner som givits har samtliga utg\u00e5tt fr\u00e5n den svenska regeringen (via utbildningsdepartementet) eller familjen Wallenberg (flera olika stiftelser).<\/p>\n<p>Studenthemmet har under \u00e5rens lopp f\u00e5tt ett \u00e5rligt st\u00f6d av f\u00f6reningen l\u2019Amiti\u00e9 franco-su\u00e9doise liksom fr\u00e5n Studenthemmets v\u00e4nf\u00f6rening. Vid flera tillf\u00e4llen har enskilda privatpersoner sk\u00e4nkt b\u00e5de pengar och utrustning som huset beh\u00f6ver f\u00f6r det kontinuerliga underh\u00e5llet. Tidigare residenter har ocks\u00e5 givit st\u00f6rre eller mindre donationer f\u00f6r att st\u00f6dja olika projekt, som till exempel Cattelin stolarna. Syftet var att kunna bevara husets originalm\u00f6bler liksom befintligt m\u00f6blemang fr\u00e5n 50-talet. Studenthemmet initierade ett projekt f\u00f6r att r\u00e4dda husets stolar fr\u00e5n \u00ab Cattelin \u00bb som inf\u00f6rskaffades under 50-talet och bj\u00f6d in privatpersoner och f\u00f6retag att st\u00f6dja \u00ab Projekt Cattelin \u00bb genom att adoptera en av stolarna. Givarna fick deras namn ingraverade p\u00e5 en skylt p\u00e5 stolarna.<\/p>\n<p>F\u00f6reningen France-Su\u00e8de Bourgogne sk\u00e4nkte en st\u00f6rre summa pengar som, tillsammans med andra givares gener\u00f6sa bidrag, m\u00f6jliggjorde en totalrenovering av Svenska Studenthemmets vackra flygel som tillverkades 1926.<\/p>\n<h3>Dagens och framtidens behov av fortsatt st\u00f6d<\/h3>\n<p>Studenthemmet s\u00f6ker st\u00e4ndigt extra medel f\u00f6r att kunna finansiera en f\u00f6rest\u00e5ende renovering av byggnaden eller upprustning av husets interi\u00f6r och m\u00f6blemang.<\/p>\n<p>Om du \u00f6nskar st\u00f6dja Svenska studenthemmet med ett bidrag, \u00e4r du varmt v\u00e4lkommen att ta kontakt med oss p\u00e5:<br \/><a href=\"mailto:contact@maisondelasuede.org\">contact@maisondelasuede.org<\/a>\u00a0eller +33 (0) 1 53 80 81 70.<\/p>\n<p>[\/et_pb_text][\/et_pb_column][\/et_pb_row][\/et_pb_section]<\/p>\n","protected":false},"excerpt":{"rendered":"<p>Det Svenska studenthemmet Det Svenska studenthemmet erbjuder \u00e5rligen n\u00e4rmare ett 100-tal studenter, forskare, musiker, konstn\u00e4rer och idrottsm\u00e4n ett unikt boende i internationell milj\u00f6, med utm\u00e4rkt l\u00e4ge i s\u00f6dra Paris. \u00a0I studenthemmet bor du bekv\u00e4mt i hemtrevlig milj\u00f6, med tillg\u00e5ng till La Cit\u00e9s alla aktiviteter och faciliteter. Studenthemmet byggdes \u00e5r 1931 genom st\u00f6d fr\u00e5n svenska staten [&hellip;]<\/p>\n","protected":false},"author":4,"featured_media":0,"parent":0,"menu_order":0,"comment_status":"closed","ping_status":"closed","template":"","meta":{"_acf_changed":false,"_et_pb_use_builder":"on","_et_pb_old_content":"","_et_gb_content_width":"","footnotes":""},"class_list":["post-32702","page","type-page","status-publish","hentry"],"acf":[],"_links":{"self":[{"href":"https:\/\/www.svenskastudenthemmet.com\/sv\/wp-json\/wp\/v2\/pages\/32702","targetHints":{"allow":["GET"]}}],"collection":[{"href":"https:\/\/www.svenskastudenthemmet.com\/sv\/wp-json\/wp\/v2\/pages"}],"about":[{"href":"https:\/\/www.svenskastudenthemmet.com\/sv\/wp-json\/wp\/v2\/types\/page"}],"author":[{"embeddable":true,"href":"https:\/\/www.svenskastudenthemmet.com\/sv\/wp-json\/wp\/v2\/users\/4"}],"replies":[{"embeddable":true,"href":"https:\/\/www.svenskastudenthemmet.com\/sv\/wp-json\/wp\/v2\/comments?post=32702"}],"version-history":[{"count":0,"href":"https:\/\/www.svenskastudenthemmet.com\/sv\/wp-json\/wp\/v2\/pages\/32702\/revisions"}],"wp:attachment":[{"href":"https:\/\/www.svenskastudenthemmet.com\/sv\/wp-json\/wp\/v2\/media?parent=32702"}],"curies":[{"name":"wp","href":"https:\/\/api.w.org\/{rel}","templated":true}]}}