{"id":335,"date":"2012-10-04T14:00:09","date_gmt":"2012-10-04T14:00:09","guid":{"rendered":"https:\/\/www.svenskastudenthemmet.com\/?page_id=335"},"modified":"2023-02-09T08:41:00","modified_gmt":"2023-02-09T08:41:00","slug":"kontakta-oss","status":"publish","type":"page","link":"https:\/\/www.svenskastudenthemmet.com\/sv\/kontakta-oss\/","title":{"rendered":"Kontakt"},"content":{"rendered":"<p>[et_pb_section fb_built=&#8221;1&#8243; _builder_version=&#8221;4.16&#8243; background_image=&#8221;https:\/\/www.svenskastudenthemmet.com\/wp-content\/uploads\/2017\/11\/mes-entree.jpg&#8221; custom_padding=&#8221;100px||100px&#8221; global_colors_info=&#8221;{}&#8221;][et_pb_row _builder_version=&#8221;4.16&#8243; background_color=&#8221;rgba(255,255,255,0.8)&#8221; background_size=&#8221;initial&#8221; background_position=&#8221;top_left&#8221; background_repeat=&#8221;repeat&#8221; custom_padding=&#8221;|20px|0px|20px&#8221; global_colors_info=&#8221;{}&#8221;][et_pb_column type=&#8221;4_4&#8243; _builder_version=&#8221;4.16&#8243; custom_padding=&#8221;|||&#8221; global_colors_info=&#8221;{}&#8221; custom_padding__hover=&#8221;|||&#8221;][et_pb_text admin_label=&#8221;Titre&#8221; _builder_version=&#8221;4.16&#8243; text_font=&#8221;Montserrat|700|||||||&#8221; text_text_color=&#8221;#ffffff&#8221; text_font_size=&#8221;50px&#8221; header_font=&#8221;||||||||&#8221; text_orientation=&#8221;center&#8221; module_alignment=&#8221;center&#8221; animation_style=&#8221;fade&#8221; animation_delay=&#8221;100ms&#8221; text_font_size_tablet=&#8221;45px&#8221; text_font_size_phone=&#8221;38px&#8221; text_font_size_last_edited=&#8221;on|phone&#8221; global_colors_info=&#8221;{}&#8221;]<\/p>\n<h1>Kontakta oss<\/h1>\n<p>[\/et_pb_text][et_pb_text admin_label=&#8221;Texte intro&#8221; _builder_version=&#8221;4.16&#8243; text_font=&#8221;||||||||&#8221; text_font_size=&#8221;18px&#8221; text_line_height=&#8221;1.6em&#8221; text_orientation=&#8221;center&#8221; max_width=&#8221;70%&#8221; max_width_tablet=&#8221;&#8221; max_width_phone=&#8221;100%&#8221; max_width_last_edited=&#8221;on|phone&#8221; module_alignment=&#8221;center&#8221; animation_style=&#8221;fade&#8221; animation_delay=&#8221;100ms&#8221; global_colors_info=&#8221;{}&#8221;]<\/p>\n<p>Tveka inte att ta kontakt med oss om du har fr\u00e5gor!<\/p>\n<p>[\/et_pb_text][\/et_pb_column][\/et_pb_row][et_pb_row column_structure=&#8221;1_2,1_2&#8243; _builder_version=&#8221;4.16&#8243; background_color=&#8221;rgba(255,255,255,0.8)&#8221; background_size=&#8221;initial&#8221; background_position=&#8221;top_left&#8221; background_repeat=&#8221;repeat&#8221; custom_margin=&#8221;|||&#8221; custom_padding=&#8221;|20px||20px&#8221; global_colors_info=&#8221;{}&#8221;][et_pb_column type=&#8221;1_2&#8243; _builder_version=&#8221;4.16&#8243; custom_padding=&#8221;|||&#8221; global_colors_info=&#8221;{}&#8221; custom_padding__hover=&#8221;|||&#8221;][et_pb_blurb title=&#8221;Telefon&#8221; use_icon=&#8221;on&#8221; icon_color=&#8221;#3d484e&#8221; icon_placement=&#8221;left&#8221; image_icon_width=&#8221;22px&#8221; content_max_width=&#8221;100%&#8221; admin_label=&#8221;Phone&#8221; _builder_version=&#8221;4.16&#8243; header_font=&#8221;Montserrat||||||||&#8221; header_text_align=&#8221;left&#8221; header_font_size=&#8221;19px&#8221; header_line_height=&#8221;1.3em&#8221; body_text_align=&#8221;left&#8221; body_font_size=&#8221;15px&#8221; custom_margin=&#8221;|||&#8221; custom_padding=&#8221;|||&#8221; animation_style=&#8221;fade&#8221; animation_delay=&#8221;100ms&#8221; header_font_size_tablet=&#8221;&#8221; header_font_size_phone=&#8221;20px&#8221; header_font_size_last_edited=&#8221;on|phone&#8221; border_radii=&#8221;on|3px|3px|3px|3px&#8221; icon_font_size=&#8221;22px&#8221; global_colors_info=&#8221;{}&#8221;]<\/p>\n<p>+33 (0) 1 53 80 81 70<\/p>\n<p>[\/et_pb_blurb][et_pb_blurb title=&#8221;E-Post&#8221; use_icon=&#8221;on&#8221; icon_color=&#8221;#3d484e&#8221; icon_placement=&#8221;left&#8221; image_icon_width=&#8221;22px&#8221; content_max_width=&#8221;100%&#8221; admin_label=&#8221;Mail&#8221; _builder_version=&#8221;4.16&#8243; header_font=&#8221;Montserrat||||||||&#8221; header_text_align=&#8221;left&#8221; header_font_size=&#8221;19px&#8221; header_line_height=&#8221;1.3em&#8221; body_text_align=&#8221;left&#8221; body_font_size=&#8221;15px&#8221; custom_margin=&#8221;|||&#8221; custom_padding=&#8221;|||&#8221; animation_style=&#8221;fade&#8221; animation_delay=&#8221;100ms&#8221; header_font_size_tablet=&#8221;&#8221; header_font_size_phone=&#8221;20px&#8221; header_font_size_last_edited=&#8221;on|phone&#8221; border_radii=&#8221;on|3px|3px|3px|3px&#8221; icon_font_size=&#8221;22px&#8221; global_colors_info=&#8221;{}&#8221;]<\/p>\n<p><a href=\"mailto:contact@maisondelasuede.org\">contact@maisondelasuede.org<\/a><\/p>\n<p>[\/et_pb_blurb][et_pb_blurb title=&#8221;Adress&#8221; use_icon=&#8221;on&#8221; icon_color=&#8221;#3d484e&#8221; icon_placement=&#8221;left&#8221; image_icon_width=&#8221;22px&#8221; content_max_width=&#8221;100%&#8221; admin_label=&#8221;Address&#8221; _builder_version=&#8221;4.16&#8243; header_font=&#8221;Montserrat||||||||&#8221; header_text_align=&#8221;left&#8221; header_font_size=&#8221;19px&#8221; header_line_height=&#8221;1.3em&#8221; body_text_align=&#8221;left&#8221; body_font_size=&#8221;15px&#8221; custom_margin=&#8221;|||&#8221; custom_padding=&#8221;|||&#8221; animation_style=&#8221;fade&#8221; animation_delay=&#8221;200ms&#8221; header_font_size_tablet=&#8221;&#8221; header_font_size_phone=&#8221;20px&#8221; header_font_size_last_edited=&#8221;on|phone&#8221; border_radii=&#8221;on|3px|3px|3px|3px&#8221; icon_font_size=&#8221;22px&#8221; global_colors_info=&#8221;{}&#8221;]<\/p>\n<p>Maison des \u00e9tudiants su\u00e9dois<br \/>Cit\u00e9 Internationale Universitaire de Paris<br \/>7F boulevard Jourdan<br \/>75014 Paris<\/p>\n<p>[\/et_pb_blurb][et_pb_blurb title=&#8221;\u00d6ppettider i receptionen \/ p\u00e5 sekretariatet&#8221; use_icon=&#8221;on&#8221; icon_color=&#8221;#3d484e&#8221; icon_placement=&#8221;left&#8221; image_icon_width=&#8221;22px&#8221; content_max_width=&#8221;100%&#8221; admin_label=&#8221;Open Hours&#8221; _builder_version=&#8221;4.16&#8243; header_font=&#8221;Montserrat||||||||&#8221; header_text_align=&#8221;left&#8221; header_font_size=&#8221;19px&#8221; header_line_height=&#8221;1.3em&#8221; body_text_align=&#8221;left&#8221; body_font_size=&#8221;15px&#8221; custom_margin=&#8221;|||&#8221; custom_padding=&#8221;|||&#8221; animation_style=&#8221;fade&#8221; animation_delay=&#8221;300ms&#8221; header_font_size_tablet=&#8221;&#8221; header_font_size_phone=&#8221;20px&#8221; header_font_size_last_edited=&#8221;on|phone&#8221; border_radii=&#8221;on|3px|3px|3px|3px&#8221; icon_font_size=&#8221;22px&#8221; global_colors_info=&#8221;{}&#8221;]<\/p>\n<p>M\u00e5ndag-fredag :\u00a0 9:00 &#8211; 12:00 \/ 14:00 &#8211; 17:00<\/p>\n<p>[\/et_pb_blurb][et_pb_social_media_follow module_class=&#8221;social_custom_contact4&#8243; _builder_version=&#8221;4.16&#8243; text_orientation=&#8221;left&#8221; custom_margin=&#8221;|||&#8221; animation_style=&#8221;fade&#8221; animation_delay=&#8221;400ms&#8221; custom_css_before=&#8221;color: #3d484e;&#8221; global_colors_info=&#8221;{}&#8221;][et_pb_social_media_follow_network social_network=&#8221;facebook&#8221; url=&#8221;https:\/\/www.facebook.com\/MaisonDesEtudiantsSuedois\/&#8221; _builder_version=&#8221;4.16&#8243; border_radii=&#8221;on|100px|100px|100px|100px&#8221; box_shadow_style=&#8221;preset1&#8243; box_shadow_color=&#8221;rgba(0,0,0,0.09)&#8221; global_colors_info=&#8221;{}&#8221; follow_button=&#8221;off&#8221; url_new_window=&#8221;on&#8221;]Facebook[\/et_pb_social_media_follow_network][et_pb_social_media_follow_network social_network=&#8221;twitter&#8221; url=&#8221;https:\/\/twitter.com\/la_suede&#8221; _builder_version=&#8221;4.16&#8243; border_radii=&#8221;on|100px|100px|100px|100px&#8221; box_shadow_style=&#8221;preset1&#8243; box_shadow_color=&#8221;rgba(0,0,0,0.09)&#8221; global_colors_info=&#8221;{}&#8221; follow_button=&#8221;off&#8221; url_new_window=&#8221;on&#8221;]twitter[\/et_pb_social_media_follow_network][et_pb_social_media_follow_network social_network=&#8221;instagram&#8221; url=&#8221;https:\/\/www.instagram.com\/maisondelasuede\/&#8221; _builder_version=&#8221;4.16&#8243; border_radii=&#8221;on|100px|100px|100px|100px&#8221; box_shadow_style=&#8221;preset1&#8243; box_shadow_color=&#8221;rgba(0,0,0,0.09)&#8221; global_colors_info=&#8221;{}&#8221; follow_button=&#8221;off&#8221; url_new_window=&#8221;on&#8221;]instagram[\/et_pb_social_media_follow_network][\/et_pb_social_media_follow][\/et_pb_column][et_pb_column type=&#8221;1_2&#8243; _builder_version=&#8221;4.16&#8243; custom_padding=&#8221;|||&#8221; global_colors_info=&#8221;{}&#8221; custom_padding__hover=&#8221;|||&#8221;][et_pb_contact_form captcha=&#8221;off&#8221; email=&#8221;contact@maisondelasuede.org&#8221; title=&#8221;L\u00e4mna oss ett meddelande&#8221; custom_message=&#8221;%%name%%||et_pb_line_break_holder||%%email%%||et_pb_line_break_holder||%%message%%&#8221; success_message=&#8221;Tack f\u00f6r ditt meddelande&#8221; submit_button_text=&#8221;Skicka&#8221; module_id=&#8221;et_pb_contact_form_0&#8243; module_class=&#8221;custom_form_contact1&#8243; _builder_version=&#8221;4.16&#8243; _unique_id=&#8221;46bfc233-c639-4bf8-bb33-f0dffa64056a&#8221; form_field_background_color=&#8221;rgba(0,0,0,0)&#8221; form_field_text_color=&#8221;#3d484e&#8221; title_level=&#8221;h3&#8243; title_font=&#8221;Montserrat||||||||&#8221; title_text_align=&#8221;left&#8221; title_text_color=&#8221;#3d484e&#8221; title_font_size=&#8221;22px&#8221; form_field_font=&#8221;||||||||&#8221; form_field_text_align=&#8221;left&#8221; form_field_font_size=&#8221;13&#8243; text_orientation=&#8221;left&#8221; custom_margin=&#8221;0px|||&#8221; animation_style=&#8221;fade&#8221; animation_delay=&#8221;500ms&#8221; border_radii=&#8221;on|3px|3px|3px|3px&#8221; border_width_all=&#8221;1px&#8221; border_color_all=&#8221;#dbdbdb&#8221; border_width_top=&#8221;0px&#8221; border_style_top=&#8221;none&#8221; border_width_right=&#8221;0px&#8221; border_style_right=&#8221;none&#8221; border_width_bottom=&#8221;2px&#8221; border_color_bottom=&#8221;#3373a9&#8243; border_width_left=&#8221;0px&#8221; border_style_left=&#8221;none&#8221; form_background_color=&#8221;rgba(0,0,0,0)&#8221; global_colors_info=&#8221;{}&#8221;][et_pb_contact_field field_id=&#8221;Name&#8221; field_title=&#8221;Namn&#8221; fullwidth_field=&#8221;on&#8221; _builder_version=&#8221;4.16&#8243; form_field_font=&#8221;||||||||&#8221; global_colors_info=&#8221;{}&#8221; button_text_size__hover_enabled=&#8221;off&#8221; button_one_text_size__hover_enabled=&#8221;off&#8221; button_two_text_size__hover_enabled=&#8221;off&#8221; button_text_color__hover_enabled=&#8221;off&#8221; button_one_text_color__hover_enabled=&#8221;off&#8221; button_two_text_color__hover_enabled=&#8221;off&#8221; button_border_width__hover_enabled=&#8221;off&#8221; button_one_border_width__hover_enabled=&#8221;off&#8221; button_two_border_width__hover_enabled=&#8221;off&#8221; button_border_color__hover_enabled=&#8221;off&#8221; button_one_border_color__hover_enabled=&#8221;off&#8221; button_two_border_color__hover_enabled=&#8221;off&#8221; button_border_radius__hover_enabled=&#8221;off&#8221; button_one_border_radius__hover_enabled=&#8221;off&#8221; button_two_border_radius__hover_enabled=&#8221;off&#8221; button_letter_spacing__hover_enabled=&#8221;off&#8221; button_one_letter_spacing__hover_enabled=&#8221;off&#8221; button_two_letter_spacing__hover_enabled=&#8221;off&#8221; button_bg_color__hover_enabled=&#8221;off&#8221; button_one_bg_color__hover_enabled=&#8221;off&#8221; button_two_bg_color__hover_enabled=&#8221;off&#8221;][\/et_pb_contact_field][et_pb_contact_field field_id=&#8221;Email&#8221; field_title=&#8221;Epost&#8221; field_type=&#8221;email&#8221; fullwidth_field=&#8221;on&#8221; _builder_version=&#8221;4.16&#8243; form_field_font=&#8221;||||||||&#8221; global_colors_info=&#8221;{}&#8221; button_text_size__hover_enabled=&#8221;off&#8221; button_one_text_size__hover_enabled=&#8221;off&#8221; button_two_text_size__hover_enabled=&#8221;off&#8221; button_text_color__hover_enabled=&#8221;off&#8221; button_one_text_color__hover_enabled=&#8221;off&#8221; button_two_text_color__hover_enabled=&#8221;off&#8221; button_border_width__hover_enabled=&#8221;off&#8221; button_one_border_width__hover_enabled=&#8221;off&#8221; button_two_border_width__hover_enabled=&#8221;off&#8221; button_border_color__hover_enabled=&#8221;off&#8221; button_one_border_color__hover_enabled=&#8221;off&#8221; button_two_border_color__hover_enabled=&#8221;off&#8221; button_border_radius__hover_enabled=&#8221;off&#8221; button_one_border_radius__hover_enabled=&#8221;off&#8221; button_two_border_radius__hover_enabled=&#8221;off&#8221; button_letter_spacing__hover_enabled=&#8221;off&#8221; button_one_letter_spacing__hover_enabled=&#8221;off&#8221; button_two_letter_spacing__hover_enabled=&#8221;off&#8221; button_bg_color__hover_enabled=&#8221;off&#8221; button_one_bg_color__hover_enabled=&#8221;off&#8221; button_two_bg_color__hover_enabled=&#8221;off&#8221;][\/et_pb_contact_field][et_pb_contact_field field_id=&#8221;Message&#8221; field_title=&#8221;Meddelande&#8221; field_type=&#8221;text&#8221; fullwidth_field=&#8221;on&#8221; _builder_version=&#8221;4.16&#8243; global_colors_info=&#8221;{}&#8221; button_text_size__hover_enabled=&#8221;off&#8221; button_one_text_size__hover_enabled=&#8221;off&#8221; button_two_text_size__hover_enabled=&#8221;off&#8221; button_text_color__hover_enabled=&#8221;off&#8221; button_one_text_color__hover_enabled=&#8221;off&#8221; button_two_text_color__hover_enabled=&#8221;off&#8221; button_border_width__hover_enabled=&#8221;off&#8221; button_one_border_width__hover_enabled=&#8221;off&#8221; button_two_border_width__hover_enabled=&#8221;off&#8221; button_border_color__hover_enabled=&#8221;off&#8221; button_one_border_color__hover_enabled=&#8221;off&#8221; button_two_border_color__hover_enabled=&#8221;off&#8221; button_border_radius__hover_enabled=&#8221;off&#8221; button_one_border_radius__hover_enabled=&#8221;off&#8221; button_two_border_radius__hover_enabled=&#8221;off&#8221; button_letter_spacing__hover_enabled=&#8221;off&#8221; button_one_letter_spacing__hover_enabled=&#8221;off&#8221; button_two_letter_spacing__hover_enabled=&#8221;off&#8221; button_bg_color__hover_enabled=&#8221;off&#8221; button_one_bg_color__hover_enabled=&#8221;off&#8221; button_two_bg_color__hover_enabled=&#8221;off&#8221;][\/et_pb_contact_field][\/et_pb_contact_form][\/et_pb_column][\/et_pb_row][\/et_pb_section][et_pb_section fb_built=&#8221;1&#8243; _builder_version=&#8221;4.16&#8243; global_colors_info=&#8221;{}&#8221;][et_pb_row _builder_version=&#8221;4.16&#8243; global_colors_info=&#8221;{}&#8221;][et_pb_column type=&#8221;4_4&#8243; _builder_version=&#8221;4.16&#8243; custom_padding=&#8221;|||&#8221; global_colors_info=&#8221;{}&#8221; custom_padding__hover=&#8221;|||&#8221;][et_pb_text _builder_version=&#8221;4.16&#8243; global_colors_info=&#8221;{}&#8221;]<\/p>\n<h3>Kontakter<\/h3>\n<p>[\/et_pb_text][\/et_pb_column][\/et_pb_row][et_pb_row column_structure=&#8221;1_2,1_2&#8243; _builder_version=&#8221;4.16&#8243; global_colors_info=&#8221;{}&#8221;][et_pb_column type=&#8221;1_2&#8243; _builder_version=&#8221;4.16&#8243; custom_padding=&#8221;|||&#8221; global_colors_info=&#8221;{}&#8221; custom_padding__hover=&#8221;|||&#8221;][et_pb_text _builder_version=&#8221;4.16&#8243; global_colors_info=&#8221;{}&#8221;]<\/p>\n<p>Pierre Tolcini, F\u00f6rest\u00e5ndare och chef<br \/><a href=\"mailto:pierre.tolcini@maisondelasuede.org\">pierre.tolcini@maisondelasuede.org<\/a><br \/>tel\u00a0: +33 (0) 1 53 80 81 70<\/p>\n<p>[\/et_pb_text][et_pb_text _builder_version=&#8221;4.19.5&#8243; hover_enabled=&#8221;0&#8243; global_colors_info=&#8221;{}&#8221; sticky_enabled=&#8221;0&#8243;]<\/p>\n<p>Antonio Sanches, Vaktm\u00e4stare<br \/>tel : + 33 (0) 6 84 27 29 01<\/p>\n<p>[\/et_pb_text][\/et_pb_column][et_pb_column type=&#8221;1_2&#8243; _builder_version=&#8221;4.16&#8243; custom_padding=&#8221;|||&#8221; global_colors_info=&#8221;{}&#8221; custom_padding__hover=&#8221;|||&#8221;][et_pb_text _builder_version=&#8221;4.19.5&#8243; hover_enabled=&#8221;0&#8243; global_colors_info=&#8221;{}&#8221; admin_label=&#8221;Marika Minassian,chefsassistent&#8221; sticky_enabled=&#8221;0&#8243;]<\/p>\n<p>Marika Minassian, Chefsassistent<br \/><a href=\"mailto:jacques.heilmann@maisondelasuede.org\">marika.minassian@maisondelasuede.org<\/a><br \/>tel\u00a0: + 33 (0) 1 53 80 81 70<\/p>\n<p>[\/et_pb_text][\/et_pb_column][\/et_pb_row][\/et_pb_section]<\/p>\n","protected":false},"excerpt":{"rendered":"<p>Kontakta ossTveka inte att ta kontakt med oss om du har fr\u00e5gor!+33 (0) 1 53 80 81 70contact@maisondelasuede.orgMaison des \u00e9tudiants su\u00e9doisCit\u00e9 Internationale Universitaire de Paris7F boulevard Jourdan75014 ParisM\u00e5ndag-fredag :\u00a0 9:00 &#8211; 12:00 \/ 14:00 &#8211; 17:00KontakterPierre Tolcini, F\u00f6rest\u00e5ndare och chefpierre.tolcini@maisondelasuede.orgtel\u00a0: +33 (0) 1 53 80 81 70Antonio Sanches, Vaktm\u00e4staretel : + 33 (0) 6 84 [&hellip;]<\/p>\n","protected":false},"author":1,"featured_media":32010,"parent":0,"menu_order":15,"comment_status":"open","ping_status":"open","template":"","meta":{"_acf_changed":false,"_et_pb_use_builder":"on","_et_pb_old_content":"<p>Vous pouvez nous contacter \u00e0 l'adresse suivante :<br \/><a href=\"mailto:contact@maisondelasuede.org\">contact@maisondelasuede.org<\/a><\/p><h3>Horaires d\u2019ouverture au secr\u00e9tariat \/ \u00e0 la r\u00e9ception<\/h3><p>Lundi - vendredi 9h - 12h et 14h - 17h<\/p><h3>Contacts<\/h3><p>Pierre Tolcini, Directeur<br \/><a href=\"mailto:pierre.tolcini@maisondelasuede.org\">pierre.tolcini@maisondelasuede.org<\/a><br \/>tel\u00a0: +33 (0) 1 53 80 81 70<\/p><p>Jacques HEILMANN, Adjoint de direction et responsable culture<br \/><a href=\"mailto:jacques.heilmann@maisondelasuede.org\">jacques.heilmann@maisondelasuede.org<\/a><br \/>tel\u00a0: + 33 (0) 1 53 80 81 70<\/p><p>Marc ORMAL, Gardien<br \/>tel : + 33 (0) 7 82 69 98 21<\/p><h3>Adresse<\/h3><p>Maison\u00a0des\u00a0\u00c9tudiants\u00a0Su\u00e9dois<br \/>Cit\u00e9\u00a0Internationale\u00a0Universitaire\u00a0de\u00a0Paris<br \/>7F,\u00a0Boulevard\u00a0Jourdan<br \/>FR-75014\u00a0\u00a0Paris<br \/>FRANCE<\/p><h3>Formulaire<\/h3><p>[contact-form-7 id=\"384\" title=\"Contact Page Fr\"]<\/p>","_et_gb_content_width":"","footnotes":""},"class_list":["post-335","page","type-page","status-publish","has-post-thumbnail","hentry"],"acf":[],"_links":{"self":[{"href":"https:\/\/www.svenskastudenthemmet.com\/sv\/wp-json\/wp\/v2\/pages\/335","targetHints":{"allow":["GET"]}}],"collection":[{"href":"https:\/\/www.svenskastudenthemmet.com\/sv\/wp-json\/wp\/v2\/pages"}],"about":[{"href":"https:\/\/www.svenskastudenthemmet.com\/sv\/wp-json\/wp\/v2\/types\/page"}],"author":[{"embeddable":true,"href":"https:\/\/www.svenskastudenthemmet.com\/sv\/wp-json\/wp\/v2\/users\/1"}],"replies":[{"embeddable":true,"href":"https:\/\/www.svenskastudenthemmet.com\/sv\/wp-json\/wp\/v2\/comments?post=335"}],"version-history":[{"count":0,"href":"https:\/\/www.svenskastudenthemmet.com\/sv\/wp-json\/wp\/v2\/pages\/335\/revisions"}],"wp:featuredmedia":[{"embeddable":true,"href":"https:\/\/www.svenskastudenthemmet.com\/sv\/wp-json\/wp\/v2\/media\/32010"}],"wp:attachment":[{"href":"https:\/\/www.svenskastudenthemmet.com\/sv\/wp-json\/wp\/v2\/media?parent=335"}],"curies":[{"name":"wp","href":"https:\/\/api.w.org\/{rel}","templated":true}]}}