{"id":40,"date":"2012-10-04T13:27:44","date_gmt":"2012-10-04T13:27:44","guid":{"rendered":"https:\/\/www.svenskastudenthemmet.com\/?page_id=40"},"modified":"2022-02-09T14:09:17","modified_gmt":"2022-02-09T14:09:17","slug":"home","status":"publish","type":"page","link":"https:\/\/www.svenskastudenthemmet.com\/sv\/","title":{"rendered":"Startsidan"},"content":{"rendered":"<p>[et_pb_section fb_built=&#8221;1&#8243; fullwidth=&#8221;on&#8221; _builder_version=&#8221;3.22.3&#8243; global_colors_info=&#8221;{}&#8221;][et_pb_fullwidth_slider show_arrows=&#8221;off&#8221; show_pagination=&#8221;off&#8221; module_class=&#8221;et_fullscreen_slider&#8221; _builder_version=&#8221;3.23.3&#8243; header_level=&#8221;h1&#8243; header_font=&#8221;|700|||||||&#8221; header_text_align=&#8221;left&#8221; z_index_tablet=&#8221;500&#8243; header_text_shadow_style=&#8221;preset5&#8243; global_colors_info=&#8221;{}&#8221;][et_pb_slide heading=&#8221;V\u00e4lkommen till Svenska <br \/> studenthemmet i Paris!&#8221; use_bg_overlay=&#8221;off&#8221; use_text_overlay=&#8221;off&#8221; _builder_version=&#8221;3.23.3&#8243; header_font=&#8221;Merriweather Sans||||||||&#8221; header_line_height=&#8221;1.5em&#8221; background_image=&#8221;https:\/\/www.svenskastudenthemmet.com\/wp-content\/uploads\/2019\/04\/IMG_1140.jpg&#8221; parallax=&#8221;on&#8221; button_on_hover=&#8221;on&#8221; global_colors_info=&#8221;{}&#8221; sticky_transition=&#8221;on&#8221;][\/et_pb_slide][\/et_pb_fullwidth_slider][\/et_pb_section][et_pb_section fb_built=&#8221;1&#8243; specialty=&#8221;on&#8221; _builder_version=&#8221;3.22.3&#8243; global_colors_info=&#8221;{}&#8221;][et_pb_column type=&#8221;1_3&#8243; _builder_version=&#8221;3.25&#8243; custom_padding=&#8221;|||&#8221; global_colors_info=&#8221;{}&#8221; custom_padding__hover=&#8221;|||&#8221;][et_pb_image src=&#8221;https:\/\/www.svenskastudenthemmet.com\/wp-content\/uploads\/2019\/04\/svenska-studenthemmet-maison.png&#8221; align=&#8221;center&#8221; align_tablet=&#8221;center&#8221; align_phone=&#8221;&#8221; align_last_edited=&#8221;on|desktop&#8221; _builder_version=&#8221;3.23&#8243; max_width=&#8221;300px&#8221; z_index_tablet=&#8221;500&#8243; global_colors_info=&#8221;{}&#8221;][\/et_pb_image][\/et_pb_column][et_pb_column type=&#8221;2_3&#8243; specialty_columns=&#8221;4&#8243; _builder_version=&#8221;3.25&#8243; custom_padding=&#8221;|||&#8221; global_colors_info=&#8221;{}&#8221; custom_padding__hover=&#8221;|||&#8221;][et_pb_row_inner admin_label=&#8221;Ligne&#8221; _builder_version=&#8221;3.25&#8243; global_colors_info=&#8221;{}&#8221;][et_pb_column_inner saved_specialty_column_type=&#8221;2_3&#8243; _builder_version=&#8221;3.25&#8243; custom_padding=&#8221;|||&#8221; global_colors_info=&#8221;{}&#8221; custom_padding__hover=&#8221;|||&#8221;][et_pb_text _builder_version=&#8221;3.27.4&#8243; z_index_tablet=&#8221;500&#8243; global_colors_info=&#8221;{}&#8221;]<\/p>\n<p>Svenska studenthemmet ligger i Paris s\u00f6dra kvarter, i Paris universitetsstad Cit\u00e9 internationale universitaire de Paris (CIUP). Huset tar emot ett 100-tal studenter och forskare under l\u00e4s\u00e5ret och \u00e4r \u00e4ven \u00f6ppet under sommarm\u00e5naderna. Huset byggdes 1931 och har bevarat karakt\u00e4ren fr\u00e5n 30-talet, men erbjuder samtidigt ett modernt och dynamiskt boende. V\u00e4lkommen att bes\u00f6ka v\u00e5rt hus!<\/p>\n<p>[\/et_pb_text][\/et_pb_column_inner][\/et_pb_row_inner][et_pb_row_inner column_structure=&#8221;1_2,1_2&#8243; admin_label=&#8221;Ligne&#8221; _builder_version=&#8221;3.25&#8243; global_colors_info=&#8221;{}&#8221;][et_pb_column_inner type=&#8221;1_2&#8243; saved_specialty_column_type=&#8221;2_3&#8243; _builder_version=&#8221;3.25&#8243; custom_padding=&#8221;|||&#8221; global_colors_info=&#8221;{}&#8221; custom_padding__hover=&#8221;|||&#8221;][et_pb_button button_url=&#8221;https:\/\/www.svenskastudenthemmet.com\/sv\/studenthemmet\/&#8221; button_text=&#8221;V\u00e4lkommen&#8221; _builder_version=&#8221;3.26.6&#8243; z_index_tablet=&#8221;500&#8243; global_colors_info=&#8221;{}&#8221;][\/et_pb_button][\/et_pb_column_inner][et_pb_column_inner type=&#8221;1_2&#8243; saved_specialty_column_type=&#8221;2_3&#8243; _builder_version=&#8221;3.25&#8243; custom_padding=&#8221;|||&#8221; global_colors_info=&#8221;{}&#8221; custom_padding__hover=&#8221;|||&#8221;][et_pb_button button_url=&#8221;https:\/\/www.svenskastudenthemmet.com\/sv\/boende\/anmalningsformular\/&#8221; button_text=&#8221;S\u00f6k boende&#8221; _builder_version=&#8221;3.26.6&#8243; z_index_tablet=&#8221;500&#8243; global_colors_info=&#8221;{}&#8221;][\/et_pb_button][\/et_pb_column_inner][\/et_pb_row_inner][\/et_pb_column][\/et_pb_section][et_pb_section fb_built=&#8221;1&#8243; fullwidth=&#8221;on&#8221; _builder_version=&#8221;3.22.4&#8243; global_colors_info=&#8221;{}&#8221;][et_pb_fullwidth_code _builder_version=&#8221;4.3.2&#8243; global_colors_info=&#8221;{}&#8221;]\n<div id=\"sb_instagram\"  class=\"sbi sbi_mob_col_3 sbi_tab_col_2 sbi_col_5 sbi_width_resp sbi-theme sbi-default_theme sbi-style-regular\" style=\"width: 100%;\" data-post-style=\"regular\" data-feedid=\"sbi_+#50\"  data-res=\"auto\" data-cols=\"5\" data-colsmobile=\"3\" data-colstablet=\"2\" data-num=\"50\" data-nummobile=\"18\" data-header-size=\"small\" data-item-padding=\"0\" data-shortcode-atts=\"{&quot;type&quot;:&quot;mixed&quot;,&quot;user&quot;:&quot;maisondelasuede&quot;,&quot;hashtag&quot;:&quot;#maisondelasuede, #svenskastudenthemmet, #maisondesetudiantssuedois&quot;}\"  data-postid=\"40\" data-locatornonce=\"6099fe6e5f\" data-options=\"{&quot;carousel&quot;:[true,false,false,false,true,2],&quot;lightboxcomments&quot;:20,&quot;colsmobile&quot;:3,&quot;colstablet&quot;:2,&quot;captionsize&quot;:13,&quot;captionlength&quot;:150}\" data-sbi-flags=\"gdpr,overrideBlockCDN\">\n\n\n    <div id=\"sbi_images\">\n\t\t    <\/div>\n\n\t<div id=\"sbi_load\" >\n\n\t\n\t\n<\/div>\n\n\t    <span class=\"sbi_resized_image_data\" data-feed-id=\"sbi_+#50\" data-resized=\"[]\">\n\t<\/span>\n\t        <div id=\"sbi_mod_error\">\n            <span>This error message is only visible to WordPress admins<\/span><br \/>\n        <div><strong>Error: There is no connected account for the user 17841400268918284.<\/strong><\/div>        <\/div>\n        \n<\/div>\n\n[\/et_pb_fullwidth_code][\/et_pb_section][et_pb_section fb_built=&#8221;1&#8243; _builder_version=&#8221;3.22.7&#8243; global_colors_info=&#8221;{}&#8221;][et_pb_row _builder_version=&#8221;3.25&#8243; global_colors_info=&#8221;{}&#8221;][et_pb_column type=&#8221;4_4&#8243; _builder_version=&#8221;3.25&#8243; custom_padding=&#8221;|||&#8221; global_colors_info=&#8221;{}&#8221; custom_padding__hover=&#8221;|||&#8221;][et_pb_text module_class=&#8221;chevrons&#8221; _builder_version=&#8221;3.27.4&#8243; text_font=&#8221;||||||||&#8221; text_orientation=&#8221;center&#8221; hover_enabled=&#8221;0&#8243; global_colors_info=&#8221;{}&#8221; sticky_enabled=&#8221;0&#8243;]<\/p>\n<h2>Aktuellt<\/h2>\n<p>[\/et_pb_text][et_pb_code _builder_version=&#8221;3.24&#8243; global_colors_info=&#8221;{}&#8221;]<div class=\"pt-cv-wrapper et_smooth_scroll_disabled\"><div class=\"pt-cv-view pt-cv-grid pt-cv-colsys pt-cv-content-hover pt-cv-clickable pt-cv-force-mask pt-cv-overlay-bottom blog\" id=\"pt-cv-view-8b29927e1b\"><div data-id=\"pt-cv-page-1\" class=\"pt-cv-page\" data-cvc=\"3\"><div class=\"col-md-4 col-sm-6 col-xs-12 pt-cv-content-item pt-cv-1-col\"  data-pid=\"142375\"><div class='pt-cv-ifield'><div class=\"pt-cv-hover-wrapper\"><a href=\"https:\/\/www.svenskastudenthemmet.com\/sv\/2026\/03\/20\/sok-boende-i-svenska-studenthemmet-i-paris-infor-hosten-2026\/\" class=\"_self pt-cv-href-thumbnail pt-cv-thumb-default cvplbd cvp-lazy-container cvp-responsive-image img-none\" target=\"_self\" data-iw=\"350\" data-ih=\"350\"><img decoding=\"async\" width=\"246\" height=\"350\" src=\"https:\/\/www.svenskastudenthemmet.com\/wp-content\/plugins\/pt-content-views-pro\/public\/assets\/images\/lazy_image.png\" class=\"pt-cv-thumbnail img-none skip-lazy  no-lazyload  cvplazy\" alt=\"S\u00d6K BOENDE I SVENSKA STUDENTHEMMET I PARIS INF\u00d6R H\u00d6STEN 2026\" data-cvpsrc=\"https:\/\/www.svenskastudenthemmet.com\/wp-content\/uploads\/2026\/03\/Ansok-PDF-HT-2026-246x350.png\" \/><\/a><div class=\"pt-cv-mask\"><h4 class=\"pt-cv-animation-left pt-cv-title\"><a href=\"https:\/\/www.svenskastudenthemmet.com\/sv\/2026\/03\/20\/sok-boende-i-svenska-studenthemmet-i-paris-infor-hosten-2026\/\" class=\"_self cvplbd\" target=\"_self\" data-iw=\"350\" data-ih=\"350\">S\u00d6K BOENDE I SVENSKA STUDENTHEMMET I PARIS INF\u00d6R H\u00d6STEN 2026<\/a><\/h4><div class=\"pt-cv-animation-right pt-cv-ctf-list\" data-cvc=\"1\"><div class=\"col-md-12 pt-cv-ctf-column\"><div class=\"pt-cv-custom-fields pt-cv-ctf-date_event\"><div class=\"pt-cv-ctf-value\">s\u00f6ndag 31 maj 2026<\/div><\/div><\/div><div class=\"col-md-12 pt-cv-ctf-column\"><div class=\"pt-cv-custom-fields pt-cv-ctf-hour_event\"><div class=\"pt-cv-ctf-value\">00.00<\/div><\/div><\/div><\/div><div class=\"pt-cv-animation-left pt-cv-content\">Planerar du att studera eller forska i Paris? S\u00f6k boende i Cit\u00e9 Internationale Universitaire de Paris ! V\u00e4lkommen att s\u00f6ka ...<br \/><div class=\"pt-cv-rmwrap\"><a href=\"https:\/\/www.svenskastudenthemmet.com\/sv\/2026\/03\/20\/sok-boende-i-svenska-studenthemmet-i-paris-infor-hosten-2026\/\" class=\"_self pt-cv-readmore btn btn-success cvplbd\" target=\"_self\" data-iw=\"350\" data-ih=\"350\">L\u00e4s vidare\u2026<\/a><\/div><\/div><\/div><\/div><\/div><\/div>\n<div class=\"col-md-4 col-sm-6 col-xs-12 pt-cv-content-item pt-cv-1-col\"  data-pid=\"142392\"><div class='pt-cv-ifield'><div class=\"pt-cv-hover-wrapper\"><a href=\"https:\/\/www.svenskastudenthemmet.com\/sv\/2026\/04\/13\/valborgsfirande\/\" class=\"_self pt-cv-href-thumbnail pt-cv-thumb-default cvplbd cvp-lazy-container cvp-responsive-image img-none\" target=\"_self\" data-iw=\"350\" data-ih=\"350\"><img decoding=\"async\" width=\"249\" height=\"350\" src=\"https:\/\/www.svenskastudenthemmet.com\/wp-content\/plugins\/pt-content-views-pro\/public\/assets\/images\/lazy_image.png\" class=\"pt-cv-thumbnail img-none skip-lazy  no-lazyload  cvplazy\" alt=\"Valborgsfirande\" data-cvpsrc=\"https:\/\/www.svenskastudenthemmet.com\/wp-content\/uploads\/2025\/04\/Valborg-2026-249x350.png\" data-cvpset=\"https:\/\/www.svenskastudenthemmet.com\/wp-content\/uploads\/2025\/04\/Valborg-2026-249x350.png 249w, https:\/\/www.svenskastudenthemmet.com\/wp-content\/uploads\/2025\/04\/Valborg-2026.png 435w\" \/><\/a><div class=\"pt-cv-mask\"><h4 class=\"pt-cv-animation-left pt-cv-title\"><a href=\"https:\/\/www.svenskastudenthemmet.com\/sv\/2026\/04\/13\/valborgsfirande\/\" class=\"_self cvplbd\" target=\"_self\" data-iw=\"350\" data-ih=\"350\">Valborgsfirande<\/a><\/h4><div class=\"pt-cv-animation-right pt-cv-ctf-list\" data-cvc=\"1\"><div class=\"col-md-12 pt-cv-ctf-column\"><div class=\"pt-cv-custom-fields pt-cv-ctf-date_event\"><div class=\"pt-cv-ctf-value\">torsdag 30 april 2026<\/div><\/div><\/div><div class=\"col-md-12 pt-cv-ctf-column\"><div class=\"pt-cv-custom-fields pt-cv-ctf-hour_event\"><div class=\"pt-cv-ctf-value\">19.00<\/div><\/div><\/div><\/div><div class=\"pt-cv-animation-left pt-cv-content\">Kom och fira Valborg ! Studenthemmet anordnar traditionsenligt en Valborgsfest torsdagen den 30 april med start kl.19:00. Vi v\u00e4lkomnar v\u00e5ren ...<br \/><div class=\"pt-cv-rmwrap\"><a href=\"https:\/\/www.svenskastudenthemmet.com\/sv\/2026\/04\/13\/valborgsfirande\/\" class=\"_self pt-cv-readmore btn btn-success cvplbd\" target=\"_self\" data-iw=\"350\" data-ih=\"350\">L\u00e4s vidare\u2026<\/a><\/div><\/div><\/div><\/div><\/div><\/div>\n<div class=\"col-md-4 col-sm-6 col-xs-12 pt-cv-content-item pt-cv-1-col\"  data-pid=\"142317\"><div class='pt-cv-ifield'><div class=\"pt-cv-hover-wrapper\"><a href=\"https:\/\/www.svenskastudenthemmet.com\/sv\/2026\/02\/05\/konsert-evergreen\/\" class=\"_self pt-cv-href-thumbnail pt-cv-thumb-default cvplbd cvp-lazy-container cvp-responsive-image img-none\" target=\"_self\" data-iw=\"350\" data-ih=\"350\"><img decoding=\"async\" width=\"307\" height=\"350\" src=\"https:\/\/www.svenskastudenthemmet.com\/wp-content\/plugins\/pt-content-views-pro\/public\/assets\/images\/lazy_image.png\" class=\"pt-cv-thumbnail img-none skip-lazy  no-lazyload  cvplazy\" alt=\"Konsert EverGreen\" data-cvpsrc=\"https:\/\/www.svenskastudenthemmet.com\/wp-content\/uploads\/2026\/02\/EverGreen-ljusare-bild-307x350.png\" \/><\/a><div class=\"pt-cv-mask\"><h4 class=\"pt-cv-animation-left pt-cv-title\"><a href=\"https:\/\/www.svenskastudenthemmet.com\/sv\/2026\/02\/05\/konsert-evergreen\/\" class=\"_self cvplbd\" target=\"_self\" data-iw=\"350\" data-ih=\"350\">Konsert EverGreen<\/a><\/h4><div class=\"pt-cv-animation-right pt-cv-ctf-list\" data-cvc=\"1\"><div class=\"col-md-12 pt-cv-ctf-column\"><div class=\"pt-cv-custom-fields pt-cv-ctf-date_event\"><div class=\"pt-cv-ctf-value\">torsdag 26 mars 2026<\/div><\/div><\/div><div class=\"col-md-12 pt-cv-ctf-column\"><div class=\"pt-cv-custom-fields pt-cv-ctf-hour_event\"><div class=\"pt-cv-ctf-value\">19.30<\/div><\/div><\/div><\/div><div class=\"pt-cv-animation-left pt-cv-content\">Om du \u00e4lskar jazz som ber\u00e4ttar en historia, de eteriska atmosf\u00e4rerna i norr och melodier som dr\u00f6jer sig kvar i ...<br \/><div class=\"pt-cv-rmwrap\"><a href=\"https:\/\/www.svenskastudenthemmet.com\/sv\/2026\/02\/05\/konsert-evergreen\/\" class=\"_self pt-cv-readmore btn btn-success cvplbd\" target=\"_self\" data-iw=\"350\" data-ih=\"350\">L\u00e4s vidare\u2026<\/a><\/div><\/div><\/div><\/div><\/div><\/div><\/div><\/div><\/div>\t\t\t<style type=\"text\/css\" id=\"pt-cv-inline-style-b9d9b579bz\">#pt-cv-view-8b29927e1b .pt-cv-title a, #pt-cv-view-8b29927e1b  .panel-title { font-family: 'Merriweather', Arial, serif !important; color: #3373a9 !important; font-weight: 600 !important; line-height: 1.5em !important; }\n#pt-cv-view-8b29927e1b  .pt-cv-hover-wrapper::before   { background-color: rgba(255,255,255,0) !important; }\n#pt-cv-view-8b29927e1b  .pt-cv-content-item:hover .pt-cv-hover-wrapper::before   { background-color: rgba(255,255,255,0.25) !important; }\n#pt-cv-view-8b29927e1b:not(.pt-cv-nohover) .pt-cv-mask *   { color: #626a72; }\n#pt-cv-view-8b29927e1b .pt-cv-carousel-caption  { background-color: rgba(51,51,51,.6) !important; }\n#pt-cv-view-8b29927e1b .pt-cv-specialp { background-color: #CC3333 !important }\n#pt-cv-view-8b29927e1b .pt-cv-specialp * { color: #fff !important; }\n#pt-cv-view-8b29927e1b .pt-cv-pficon  { color: #bbb !important; }\n#pt-cv-view-8b29927e1b .pt-cv-custom-fields * { color: #626a72 !important; text-transform: uppercase !important; letter-spacing: .2 !important; }\n#pt-cv-view-8b29927e1b .pt-cv-readmore  { color: #ffffff !important; background-color: #3373a9 !important; text-transform: uppercase !important; }\n#pt-cv-view-8b29927e1b .pt-cv-readmore:hover  { color: #ffffff !important; background-color: #3d484e !important; }\n#pt-cv-view-8b29927e1b  + .pt-cv-pagination-wrapper .pt-cv-more , #pt-cv-view-8b29927e1b  + .pt-cv-pagination-wrapper .pagination .active a, .pt-cv-pagination[data-sid='8b29927e1b'] .active a { color: #ffffff !important; background-color: #3373a9 !important; text-transform: uppercase !important; }\n#pt-cv-view-8b29927e1b .cvp-responsive-image[style*=\"background-image\"] { width: 350px; height: 350px; }<\/style>\r\n\t\t\t<link href='\/\/fonts.googleapis.com\/css?family=Merriweather' rel='stylesheet' type='text\/css'>[\/et_pb_code][\/et_pb_column][\/et_pb_row][\/et_pb_section][et_pb_section fb_built=&#8221;1&#8243; _builder_version=&#8221;3.22.7&#8243; background_color=&#8221;#848e99&#8243; custom_padding=&#8221;0px||0px|&#8221; global_colors_info=&#8221;{}&#8221;][et_pb_row column_structure=&#8221;2_5,3_5&#8243; make_equal=&#8221;on&#8221; _builder_version=&#8221;3.25&#8243; width=&#8221;100%&#8221; max_width=&#8221;100%&#8221; custom_padding=&#8221;0px||0px&#8221; global_colors_info=&#8221;{}&#8221;][et_pb_column type=&#8221;2_5&#8243; _builder_version=&#8221;3.25&#8243; custom_padding=&#8221;30px|2%|30px|5%&#8221; global_colors_info=&#8221;{}&#8221; custom_padding__hover=&#8221;|||&#8221;][et_pb_text _builder_version=&#8221;3.27.4&#8243; text_font=&#8221;||||||||&#8221; text_text_color=&#8221;#ffffff&#8221; text_font_size=&#8221;13px&#8221; text_line_height=&#8221;1.3em&#8221; header_font=&#8221;||||||||&#8221; header_3_font=&#8221;|||on|||||&#8221; header_3_text_color=&#8221;#ffffff&#8221; custom_margin=&#8221;||3%&#8221; global_colors_info=&#8221;{}&#8221;]<\/p>\n<h3>Kontakt<\/h3>\n<p>Maison des \u00e9tudiants su\u00e9dois<br \/> Cit\u00e9 Internationale Universitaire de Paris<br \/> 7F boulevard Jourdan<br \/> 75014 Paris<br \/> +33 1 53 80 81 70<\/p>\n<p>[\/et_pb_text][et_pb_button button_url=&#8221;https:\/\/www.svenskastudenthemmet.com\/sv\/kontakta-oss\/&#8221; button_text=&#8221;Kontakt&#8221; _builder_version=&#8221;3.26.6&#8243; custom_button=&#8221;on&#8221; button_text_size=&#8221;12px&#8221; button_text_color=&#8221;#ffffff&#8221; button_bg_color=&#8221;#3d484e&#8221; button_border_width=&#8221;0px&#8221; button_font=&#8221;||||||||&#8221; button_use_icon=&#8221;off&#8221; background_layout=&#8221;dark&#8221; global_colors_info=&#8221;{}&#8221;][\/et_pb_button][et_pb_text _builder_version=&#8221;4.2.2&#8243; text_font=&#8221;||||||||&#8221; text_text_color=&#8221;#f9fbfc&#8221; text_font_size=&#8221;13px&#8221; text_line_height=&#8221;1.3em&#8221; header_font=&#8221;||||||||&#8221; header_3_font=&#8221;|||on|||||&#8221; header_3_text_color=&#8221;#ffffff&#8221; custom_margin=&#8221;||3%&#8221; global_colors_info=&#8221;{}&#8221;]<\/p>\n<h3>V\u00c4GBESKRIVNING<\/h3>\n<p>RER B : station \u00ab Cit\u00e9 Universitaire \u00bb<\/p>\n<p>Buss:\u00a067 och 21<\/p>\n<p>Sp\u00e5rvagn:\u00a0T3<\/p>\n<p>Med bil<strong>:\u00a0<\/strong>i Paris \u2013 ta \u00ab\u00a0le p\u00e9riph\u00e9rique\u00a0\u00bb fram till avfarten &#8221;Porte dOrl\u00e9ans&#8221; eller &#8221;Porte de Gentilly&#8221;<\/p>\n<p>[\/et_pb_text][et_pb_button button_url=&#8221;https:\/\/www.svenskastudenthemmet.com\/sv\/hitta-oss\/&#8221; button_text=&#8221;Vill du veta mer&#8221; _builder_version=&#8221;3.26.6&#8243; custom_button=&#8221;on&#8221; button_text_size=&#8221;12px&#8221; button_text_color=&#8221;#ffffff&#8221; button_bg_color=&#8221;#3d484e&#8221; button_border_width=&#8221;0px&#8221; button_font=&#8221;||||||||&#8221; button_use_icon=&#8221;off&#8221; background_layout=&#8221;dark&#8221; global_colors_info=&#8221;{}&#8221;][\/et_pb_button][\/et_pb_column][et_pb_column type=&#8221;3_5&#8243; _builder_version=&#8221;3.25&#8243; custom_padding=&#8221;0px||0px|&#8221; global_colors_info=&#8221;{}&#8221; custom_padding__hover=&#8221;|||&#8221;][et_pb_map address=&#8221;7 Boulevard Jourdan, 75014 Paris, France&#8221; zoom_level=&#8221;17&#8243; address_lat=&#8221;48.8184816&#8243; address_lng=&#8221;2.3424383&#8243; mouse_wheel=&#8221;off&#8221; _builder_version=&#8221;3.22.7&#8243; min_height=&#8221;100%&#8221; height=&#8221;100%&#8221; max_height=&#8221;100%&#8221; custom_css_main_element=&#8221;height: 100%&#8221; global_colors_info=&#8221;{}&#8221;][et_pb_map_pin pin_address=&#8221;7 Boulevard Jourdan, 75014 Paris, France&#8221; zoom_level=&#8221;15&#8243; pin_address_lat=&#8221;48.8185241&#8243; pin_address_lng=&#8221;2.3417703&#8243; _builder_version=&#8221;3.22.7&#8243; global_colors_info=&#8221;{}&#8221;][\/et_pb_map_pin][\/et_pb_map][\/et_pb_column][\/et_pb_row][\/et_pb_section]<\/p>\n","protected":false},"excerpt":{"rendered":"<p>Svenska studenthemmet ligger i Paris s\u00f6dra kvarter, i Paris universitetsstad Cit\u00e9 internationale universitaire de Paris (CIUP). Huset tar emot ett 100-tal studenter och forskare under l\u00e4s\u00e5ret och \u00e4r \u00e4ven \u00f6ppet under sommarm\u00e5naderna. Huset byggdes 1931 och har bevarat karakt\u00e4ren fr\u00e5n 30-talet, men erbjuder samtidigt ett modernt och dynamiskt boende. V\u00e4lkommen att bes\u00f6ka v\u00e5rt hus!\n<div id=\"sb_instagram\"  class=\"sbi sbi_mob_col_3 sbi_tab_col_2 sbi_col_5 sbi_width_resp sbi-theme sbi-default_theme sbi-style-regular\" style=\"width: 100%;\" data-post-style=\"regular\" data-feedid=\"sbi_#50\"  data-res=\"auto\" data-cols=\"5\" data-colsmobile=\"3\" data-colstablet=\"2\" data-num=\"50\" data-nummobile=\"18\" data-header-size=\"small\" data-item-padding=\"0\" data-shortcode-atts=\"{&quot;type&quot;:&quot;&#8221;mixed&#8221;&quot;,&quot;0&quot;:&quot;[&hellip;&quot;}\"  data-postid=\"40\" data-locatornonce=\"6099fe6e5f\" data-options=\"{&quot;carousel&quot;:[true,false,false,false,true,2],&quot;lightboxcomments&quot;:20,&quot;colsmobile&quot;:3,&quot;colstablet&quot;:2,&quot;captionsize&quot;:13,&quot;captionlength&quot;:150}\" data-sbi-flags=\"gdpr,overrideBlockCDN\">\n\n\n    <div id=\"sbi_images\">\n\t\t    <\/div>\n\n\t<div id=\"sbi_load\" >\n\n\t\n\t\n<\/div>\n\n\t    <span class=\"sbi_resized_image_data\" data-feed-id=\"sbi_#50\" data-resized=\"[]\">\n\t<\/span>\n\t        <div id=\"sbi_mod_error\">\n            <span>This error message is only visible to WordPress admins<\/span><br \/>\n        <div><strong>Erreur\u00a0: il n\u2019y a pas de compte connect\u00e9 pour l\u2019utilisateur 17841400268918284.<\/strong><\/div>        <\/div>\n        \n<\/div>\n\n<\/p>\n","protected":false},"author":1,"featured_media":3210,"parent":0,"menu_order":3,"comment_status":"open","ping_status":"open","template":"","meta":{"_acf_changed":false,"_et_pb_use_builder":"on","_et_pb_old_content":"<h2>Qui sommes-nous?<\/h2><p>Situ\u00e9e au c\u0153ur du parc de la Cit\u00e9 internationale universitaire de Paris, la Maison des \u00e9tudiants su\u00e9dois accueille chaque ann\u00e9e une centaine de r\u00e9sidents. Elle reste ouverte l\u2019\u00e9t\u00e9 pour les courts s\u00e9jours. Construite en 1931, la maison a su garder son caract\u00e8re tout en offrant un lieu de vie moderne et dynamique pour ses r\u00e9sidents. Bienvenue \u00e0 la Maison des \u00e9tudiants su\u00e9dois\u00a0!<\/p><p>\u00a0<\/p><p>\u00a0<\/p><p style=\"text-align: right;\"><a title=\"Nous contacter\" href=\"https:\/\/www.svenskastudenthemmet.com\/nous-contacter\/\">Nous contacter ><\/a><\/p>","_et_gb_content_width":"","footnotes":""},"class_list":["post-40","page","type-page","status-publish","has-post-thumbnail","hentry"],"acf":[],"_links":{"self":[{"href":"https:\/\/www.svenskastudenthemmet.com\/sv\/wp-json\/wp\/v2\/pages\/40","targetHints":{"allow":["GET"]}}],"collection":[{"href":"https:\/\/www.svenskastudenthemmet.com\/sv\/wp-json\/wp\/v2\/pages"}],"about":[{"href":"https:\/\/www.svenskastudenthemmet.com\/sv\/wp-json\/wp\/v2\/types\/page"}],"author":[{"embeddable":true,"href":"https:\/\/www.svenskastudenthemmet.com\/sv\/wp-json\/wp\/v2\/users\/1"}],"replies":[{"embeddable":true,"href":"https:\/\/www.svenskastudenthemmet.com\/sv\/wp-json\/wp\/v2\/comments?post=40"}],"version-history":[{"count":0,"href":"https:\/\/www.svenskastudenthemmet.com\/sv\/wp-json\/wp\/v2\/pages\/40\/revisions"}],"wp:featuredmedia":[{"embeddable":true,"href":"https:\/\/www.svenskastudenthemmet.com\/sv\/wp-json\/wp\/v2\/media\/3210"}],"wp:attachment":[{"href":"https:\/\/www.svenskastudenthemmet.com\/sv\/wp-json\/wp\/v2\/media?parent=40"}],"curies":[{"name":"wp","href":"https:\/\/api.w.org\/{rel}","templated":true}]}}